{"id":1239,"date":"2024-10-25T15:53:01","date_gmt":"2024-10-25T13:53:01","guid":{"rendered":"https:\/\/www.le-hameau-des-champs.com\/maison-2-chambres-pres-de-cluny\/"},"modified":"2025-11-17T12:09:05","modified_gmt":"2025-11-17T11:09:05","slug":"haus-2-schlafzimmer","status":"publish","type":"page","link":"https:\/\/www.le-hameau-des-champs.com\/de\/haus-2-schlafzimmer\/","title":{"rendered":"Haus 2 Schlafzimmer"},"content":{"rendered":"<div class=\"diaporama-header align-full\"><div class=\"gallery\"><figure class=\"gallery__item\"><picture><source srcset=\"https:\/\/www.le-hameau-des-champs.com\/wp-content\/uploads\/2024\/10\/photo-27-420x420.jpg.webp\" media=\"(max-width: 210px)\"><source srcset=\"https:\/\/www.le-hameau-des-champs.com\/wp-content\/uploads\/2024\/10\/photo-27-850x638.jpg.webp\" media=\"(max-width: 420px)\"><source srcset=\"https:\/\/www.le-hameau-des-champs.com\/wp-content\/uploads\/2024\/10\/photo-27-768x576.jpg.webp\" media=\"(max-width: 850px)\"><source srcset=\"https:\/\/www.le-hameau-des-champs.com\/wp-content\/uploads\/2024\/10\/photo-27-1024x768.jpg.webp\" media=\"(max-width: 1024px)\"><source srcset=\"https:\/\/www.le-hameau-des-champs.com\/wp-content\/uploads\/2024\/10\/photo-27.jpg.webp\" media=\"(min-width: 1025px)\"><img loading=\"lazy\" decoding=\"async\" src=\"https:\/\/www.le-hameau-des-champs.com\/wp-content\/uploads\/2024\/10\/photo-27-420x420.jpg.webp\" width=\"420\" height=\"210\" alt=\"\" title=\"\"><\/picture><\/figure><\/div><div class=\"diaporama-header__inner\"><h1>Haus 2 Schlafzimmer<\/h1><\/div><\/div>\n\n<div class=\"columns reverse-mob\"><div class=\"columns__item\"><div class=\"gallery height-adapt f-carousel fc-diapo\" data-fancybox=\"gallery\"><figure class=\"gallery__item\"><picture><source srcset=\"https:\/\/www.le-hameau-des-champs.com\/wp-content\/uploads\/2024\/10\/photo-28-420x420.jpg.webp\" media=\"(max-width: 210px)\"><source srcset=\"https:\/\/www.le-hameau-des-champs.com\/wp-content\/uploads\/2024\/10\/photo-28-850x567.jpg.webp\" media=\"(max-width: 420px)\"><source srcset=\"https:\/\/www.le-hameau-des-champs.com\/wp-content\/uploads\/2024\/10\/photo-28-768x512.jpg.webp\" media=\"(max-width: 850px)\"><source srcset=\"https:\/\/www.le-hameau-des-champs.com\/wp-content\/uploads\/2024\/10\/photo-28-1024x683.jpg.webp\" media=\"(max-width: 1024px)\"><source srcset=\"https:\/\/www.le-hameau-des-champs.com\/wp-content\/uploads\/2024\/10\/photo-28.jpg.webp\" media=\"(min-width: 1025px)\"><img decoding=\"async\" src=\"https:\/\/www.le-hameau-des-champs.com\/wp-content\/uploads\/2024\/10\/photo-28-420x420.jpg.webp\" width=\"420\" height=\"210\" alt=\"Vue g\u00e9n\u00e9rale des chalets\" loading=\"lazy\" title=\"\"><\/picture><\/figure><figure class=\"gallery__item\"><picture><source srcset=\"https:\/\/www.le-hameau-des-champs.com\/wp-content\/uploads\/2024\/10\/photo-30-420x420.jpg.webp\" media=\"(max-width: 210px)\"><source srcset=\"https:\/\/www.le-hameau-des-champs.com\/wp-content\/uploads\/2024\/10\/photo-30.jpg.webp\" media=\"(max-width: 420px)\"><source srcset=\"https:\/\/www.le-hameau-des-champs.com\/wp-content\/uploads\/2024\/10\/photo-30.jpg.webp\" media=\"(max-width: 850px)\"><source srcset=\"https:\/\/www.le-hameau-des-champs.com\/wp-content\/uploads\/2024\/10\/photo-30.jpg.webp\" media=\"(max-width: 1024px)\"><source srcset=\"https:\/\/www.le-hameau-des-champs.com\/wp-content\/uploads\/2024\/10\/photo-30.jpg.webp\" media=\"(min-width: 1025px)\"><img decoding=\"async\" src=\"https:\/\/www.le-hameau-des-champs.com\/wp-content\/uploads\/2024\/10\/photo-30-420x420.jpg.webp\" width=\"420\" height=\"210\" loading=\"lazy\" alt=\"\" title=\"\"><\/picture><\/figure><\/div><\/div><div class=\"columns__item\"><div class=\"buttons\"><span class=\"buttons__btn btn-resa-id-116899\">Verf\u00fcgbarkeit f\u00fcr 3\/5 Personen<\/span><span class=\"buttons__btn btn-resa-id-116898\">Verf\u00fcgbarkeit f\u00fcr 4\/6 Personen<\/span><\/div><p class=\"encart\"   >Neu : 2 H\u00e4user sind mit einer Klimaanlage ausgestattet.<\/p><p class=\"\"  id=\"73\" >Unser <a href=\"https:\/\/www.le-hameau-des-champs.com\/de\/\" data-type=\"page\" data-id=\"73\">Campingplatz<\/a> <strong>in der <\/strong> <a href=\"https:\/\/www.le-hameau-des-champs.com\/de\/campingplatz-cluny-bourgogne\/\" data-type=\"page\" data-id=\"1306\">N\u00e4he von Cluny<\/a> bietet <strong>Ferienunterk\u00fcnfte in Burgund <\/strong>mit allem Komfort. Die kleinen H\u00e4user mit 2 Schlafzimmern bieten Platz f\u00fcr 1 bis 6 Personen (Bett und Sofa) und sind ausgestattet mit..:<\/p><ul><li>Eine gro\u00dfe Terrasse mit Gartenm\u00f6beln und Sonnenliegen\n<\/li><li>Ein Wohnzimmer mit TV, Schlafsofa, Tisch und St\u00fchlen, Abstellraum\n<\/li><li>Eine K\u00fcche mit Induktionskochfeld und Mikrowelle, K\u00fchlschrank, Geschirr, Toaster, traditionelle Kaffeemaschine, Wasserkocher&#8230;\n<\/li><li>Ein Schlafzimmer mit Doppelbett, gro\u00dfem Schrank, Staubsauger, B\u00fcgeleisen und B\u00fcgelbrett&#8230;\n<\/li><li>Ein zweites Schlafzimmer mit 2 Einzelbetten und einem Schrank.\n<\/li><li>Individuelle Sanit\u00e4ranlagen mit Waschbecken, gro\u00dfer Dusche und separater Toilette&#8230;\n<\/li><li>Geschlossener Abstellraum f\u00fcr Fahrr\u00e4der im Freien mit Reinigungsutensilien und W\u00e4schest\u00e4nder\n<\/li><\/ul><\/div><\/div>\n\n<div class=\"columns\"><div class=\"columns__item has-fond-background-color has-background\" style=\"background-color:var(--fond);\"><p class=\"encart\"   >Die +<\/p><ul><li>Ger\u00e4umig: 60m2\n<\/li><li>Inmitten der Natur, ruhig und erholsam\n<\/li><li>Sauberkeit: Alle Unterk\u00fcnfte werden zwischen den G\u00e4sten vollst\u00e4ndig gereinigt und desinfiziert. Die Matratzen sind mit Einweg-Bettlaken abgedeckt. \n<\/li><li>Kostenlose Mini-Begr\u00fc\u00dfungsbox mit Schw\u00e4mmen, M\u00fcllbeutel, Desinfektionsmittel, Seife und Sp\u00fclmittel.\n<\/li><\/ul><\/div><div class=\"columns__item\"><p class=\"encart\"   >Infos<\/p><p class=\"\"   ><strong>Brauchen Sie eine spezielle Einrichtung f\u00fcr Behinderte? Ein Chalet ist mit allem Notwendigen ausgestattet. F\u00fcr weitere Informationen k\u00f6nnen Sie uns gerne telefonisch kontaktieren.  <\/strong><\/p><p class=\"\"   >Wei\u00dfe Baumwollbettw\u00e4sche, Handt\u00fccher und eine Reinigungspauschale k\u00f6nnen bei der Buchung als Option gew\u00e4hlt werden.<\/p><p class=\"\"   >Die Anreise muss zwischen 16.00 und 20.00 Uhr erfolgen, die Abreise zwischen 8.00 bis 10.00 Uhr.<\/p><p class=\"\"   ><strong>Haustiere<\/strong> sind im Hameau des Champs in den kleinen H\u00e4usern <strong>kostenlos<\/strong> willkommen. Es wird jedoch nur ein Haustier pro Haus akzeptiert und die Reinigungspauschale ist obligatorisch. <\/p><p class=\"\"   ><em>Bei Ihrer Ankunft wird ein Bankabdruck als Kaution verlangt (Kreditkarte Typ Visa oder Mastercard)<\/em>.<\/p><\/div><\/div>\n\n<div class=\"columns\"><div class=\"columns__item\"><p class=\"\"   ><strong>Stornieren Sie Ihren Aufenthalt<\/strong><\/p><p class=\"\"   >Sie k\u00f6nnen nicht mehr kommen? Im Falle eines unvorhergesehenen Ereignisses k\u00f6nnen Sie Ihren Aufenthalt bei Neat Camping stornieren. Stornierung mit oder ohne Nachweis m\u00f6glich.  <\/p><figure class=\"fancybox\"><a href=\"https:\/\/www.le-hameau-des-champs.com\/wp-content\/uploads\/2024\/10\/assurance-annulation.jpg\" data-fancybox><picture><source srcset=\"https:\/\/www.le-hameau-des-champs.com\/wp-content\/uploads\/2024\/10\/assurance-annulation.jpg.webp\" media=\"(max-width: 210px)\"><source srcset=\"https:\/\/www.le-hameau-des-champs.com\/wp-content\/uploads\/2024\/10\/assurance-annulation.jpg.webp\" media=\"(max-width: 420px)\"><source srcset=\"https:\/\/www.le-hameau-des-champs.com\/wp-content\/uploads\/2024\/10\/assurance-annulation.jpg.webp\" media=\"(max-width: 850px)\"><source srcset=\"https:\/\/www.le-hameau-des-champs.com\/wp-content\/uploads\/2024\/10\/assurance-annulation.jpg.webp\" media=\"(max-width: 1024px)\"><source srcset=\"https:\/\/www.le-hameau-des-champs.com\/wp-content\/uploads\/2024\/10\/assurance-annulation.jpg.webp\" media=\"(min-width: 1025px)\"><img decoding=\"async\" src=\"https:\/\/www.le-hameau-des-champs.com\/wp-content\/uploads\/2024\/10\/assurance-annulation.jpg.webp\" width=\"420\" height=\"210\" style=\"width:auto;height:12rem;\" loading=\"lazy\" alt=\"\" title=\"\"><\/picture><\/a><\/figure><\/div><div class=\"columns__item\"><p class=\"\"   ><strong>Zahlungsmethoden<\/strong><\/p><div class=\"gallery logo-paiement col-5\"><figure class=\"gallery__item\"><picture><source srcset=\"https:\/\/www.le-hameau-des-champs.com\/wp-content\/uploads\/2024\/10\/moyens-paiement.png-420x312.webp\" media=\"(max-width: 210px)\"><source srcset=\"https:\/\/www.le-hameau-des-champs.com\/wp-content\/uploads\/2024\/10\/moyens-paiement.png.webp\" media=\"(max-width: 420px)\"><source srcset=\"https:\/\/www.le-hameau-des-champs.com\/wp-content\/uploads\/2024\/10\/moyens-paiement.png.webp\" media=\"(max-width: 850px)\"><source srcset=\"https:\/\/www.le-hameau-des-champs.com\/wp-content\/uploads\/2024\/10\/moyens-paiement.png.webp\" media=\"(max-width: 1024px)\"><source srcset=\"https:\/\/www.le-hameau-des-champs.com\/wp-content\/uploads\/2024\/10\/moyens-paiement.png.webp\" media=\"(min-width: 1025px)\"><img decoding=\"async\" src=\"https:\/\/www.le-hameau-des-champs.com\/wp-content\/uploads\/2024\/10\/moyens-paiement.png-420x312.webp\" width=\"420\" height=\"210\" loading=\"lazy\" alt=\"\" title=\"\"><\/picture><\/figure><figure class=\"gallery__item\"><picture><source srcset=\"https:\/\/www.le-hameau-des-champs.com\/wp-content\/uploads\/2024\/10\/webp-logo-ancv.webp\" media=\"(max-width: 210px)\"><source srcset=\"https:\/\/www.le-hameau-des-champs.com\/wp-content\/uploads\/2024\/10\/webp-logo-ancv.webp\" media=\"(max-width: 420px)\"><source srcset=\"https:\/\/www.le-hameau-des-champs.com\/wp-content\/uploads\/2024\/10\/webp-logo-ancv.webp\" media=\"(max-width: 850px)\"><source srcset=\"https:\/\/www.le-hameau-des-champs.com\/wp-content\/uploads\/2024\/10\/webp-logo-ancv.webp\" media=\"(max-width: 1024px)\"><source srcset=\"https:\/\/www.le-hameau-des-champs.com\/wp-content\/uploads\/2024\/10\/webp-logo-ancv.webp\" media=\"(min-width: 1025px)\"><img decoding=\"async\" src=\"https:\/\/www.le-hameau-des-champs.com\/wp-content\/uploads\/2024\/10\/webp-logo-ancv.webp\" width=\"420\" height=\"210\" loading=\"lazy\" alt=\"\" title=\"\"><\/picture><\/figure><figure class=\"gallery__item\"><picture><source srcset=\"https:\/\/www.le-hameau-des-champs.com\/wp-content\/uploads\/2024\/10\/cheque.png.webp\" media=\"(max-width: 210px)\"><source srcset=\"https:\/\/www.le-hameau-des-champs.com\/wp-content\/uploads\/2024\/10\/cheque.png.webp\" media=\"(max-width: 420px)\"><source srcset=\"https:\/\/www.le-hameau-des-champs.com\/wp-content\/uploads\/2024\/10\/cheque.png.webp\" media=\"(max-width: 850px)\"><source srcset=\"https:\/\/www.le-hameau-des-champs.com\/wp-content\/uploads\/2024\/10\/cheque.png.webp\" media=\"(max-width: 1024px)\"><source srcset=\"https:\/\/www.le-hameau-des-champs.com\/wp-content\/uploads\/2024\/10\/cheque.png.webp\" media=\"(min-width: 1025px)\"><img decoding=\"async\" src=\"https:\/\/www.le-hameau-des-champs.com\/wp-content\/uploads\/2024\/10\/cheque.png.webp\" width=\"420\" height=\"210\" loading=\"lazy\" alt=\"\" title=\"\"><\/picture><\/figure><figure class=\"gallery__item\"><picture><source srcset=\"https:\/\/www.le-hameau-des-champs.com\/wp-content\/uploads\/2024\/10\/webp-logo-ideal-150x150-1.webp\" media=\"(max-width: 210px)\"><source srcset=\"https:\/\/www.le-hameau-des-champs.com\/wp-content\/uploads\/2024\/10\/webp-logo-ideal-150x150-1.webp\" media=\"(max-width: 420px)\"><source srcset=\"https:\/\/www.le-hameau-des-champs.com\/wp-content\/uploads\/2024\/10\/webp-logo-ideal-150x150-1.webp\" media=\"(max-width: 850px)\"><source srcset=\"https:\/\/www.le-hameau-des-champs.com\/wp-content\/uploads\/2024\/10\/webp-logo-ideal-150x150-1.webp\" media=\"(max-width: 1024px)\"><source srcset=\"https:\/\/www.le-hameau-des-champs.com\/wp-content\/uploads\/2024\/10\/webp-logo-ideal-150x150-1.webp\" media=\"(min-width: 1025px)\"><img decoding=\"async\" src=\"https:\/\/www.le-hameau-des-champs.com\/wp-content\/uploads\/2024\/10\/webp-logo-ideal-150x150-1.webp\" width=\"420\" height=\"210\" loading=\"lazy\" alt=\"\" title=\"\"><\/picture><\/figure><figure class=\"gallery__item\"><picture><source srcset=\"https:\/\/www.le-hameau-des-champs.com\/wp-content\/uploads\/2024\/11\/logo-virement-bancaire-420x203.png\" media=\"(max-width: 210px)\"><source srcset=\"https:\/\/www.le-hameau-des-champs.com\/wp-content\/uploads\/2024\/11\/logo-virement-bancaire.png\" media=\"(max-width: 420px)\"><source srcset=\"https:\/\/www.le-hameau-des-champs.com\/wp-content\/uploads\/2024\/11\/logo-virement-bancaire.png\" media=\"(max-width: 850px)\"><source srcset=\"https:\/\/www.le-hameau-des-champs.com\/wp-content\/uploads\/2024\/11\/logo-virement-bancaire.png\" media=\"(max-width: 1024px)\"><source srcset=\"https:\/\/www.le-hameau-des-champs.com\/wp-content\/uploads\/2024\/11\/logo-virement-bancaire.png\" media=\"(min-width: 1025px)\"><img decoding=\"async\" src=\"https:\/\/www.le-hameau-des-champs.com\/wp-content\/uploads\/2024\/11\/logo-virement-bancaire-420x203.png\" width=\"420\" height=\"210\" loading=\"lazy\" alt=\"\" title=\"\"><\/picture><\/figure><figure class=\"gallery__item\"><picture><source srcset=\"https:\/\/www.le-hameau-des-champs.com\/wp-content\/uploads\/2025\/11\/cv-connect.webp\" media=\"(max-width: 210px)\"><source srcset=\"https:\/\/www.le-hameau-des-champs.com\/wp-content\/uploads\/2025\/11\/cv-connect.webp\" media=\"(max-width: 420px)\"><source srcset=\"https:\/\/www.le-hameau-des-champs.com\/wp-content\/uploads\/2025\/11\/cv-connect.webp\" media=\"(max-width: 850px)\"><source srcset=\"https:\/\/www.le-hameau-des-champs.com\/wp-content\/uploads\/2025\/11\/cv-connect.webp\" media=\"(max-width: 1024px)\"><source srcset=\"https:\/\/www.le-hameau-des-champs.com\/wp-content\/uploads\/2025\/11\/cv-connect.webp\" media=\"(min-width: 1025px)\"><img decoding=\"async\" src=\"https:\/\/www.le-hameau-des-champs.com\/wp-content\/uploads\/2025\/11\/cv-connect.webp\" width=\"420\" height=\"210\" loading=\"lazy\" alt=\"\" title=\"\"><\/picture><\/figure><\/div><\/div><\/div>","protected":false},"excerpt":{"rendered":"<p>Haus 2 Schlafzimmer Neu : 2 H\u00e4user sind mit einer Klimaanlage ausgestattet. Unser Campingplatz in der N\u00e4he von Cluny bietet Ferienunterk\u00fcnfte in Burgund mit allem Komfort. Die kleinen H\u00e4user mit 2 Schlafzimmern bieten Platz f\u00fcr 1 bis 6 Personen (Bett und Sofa) und sind ausgestattet mit..: Die + Infos Brauchen Sie eine spezielle Einrichtung f\u00fcr [&hellip;]<\/p>\n","protected":false},"author":1,"featured_media":0,"parent":0,"menu_order":0,"comment_status":"closed","ping_status":"closed","template":"","meta":{"_acf_changed":false,"footnotes":""},"acf":[],"_links":{"self":[{"href":"https:\/\/www.le-hameau-des-champs.com\/de\/wp-json\/wp\/v2\/pages\/1239"}],"collection":[{"href":"https:\/\/www.le-hameau-des-champs.com\/de\/wp-json\/wp\/v2\/pages"}],"about":[{"href":"https:\/\/www.le-hameau-des-champs.com\/de\/wp-json\/wp\/v2\/types\/page"}],"author":[{"embeddable":true,"href":"https:\/\/www.le-hameau-des-champs.com\/de\/wp-json\/wp\/v2\/users\/1"}],"replies":[{"embeddable":true,"href":"https:\/\/www.le-hameau-des-champs.com\/de\/wp-json\/wp\/v2\/comments?post=1239"}],"version-history":[{"count":4,"href":"https:\/\/www.le-hameau-des-champs.com\/de\/wp-json\/wp\/v2\/pages\/1239\/revisions"}],"predecessor-version":[{"id":1767,"href":"https:\/\/www.le-hameau-des-champs.com\/de\/wp-json\/wp\/v2\/pages\/1239\/revisions\/1767"}],"wp:attachment":[{"href":"https:\/\/www.le-hameau-des-champs.com\/de\/wp-json\/wp\/v2\/media?parent=1239"}],"curies":[{"name":"wp","href":"https:\/\/api.w.org\/{rel}","templated":true}]}}