{"id":1243,"date":"2024-10-25T14:36:00","date_gmt":"2024-10-25T12:36:00","guid":{"rendered":"https:\/\/www.le-hameau-des-champs.com\/la-bourgogne-region-gastronomique\/"},"modified":"2024-11-28T11:47:55","modified_gmt":"2024-11-28T10:47:55","slug":"burgund-eine-gastronomische-region","status":"publish","type":"page","link":"https:\/\/www.le-hameau-des-champs.com\/de\/burgund-eine-gastronomische-region\/","title":{"rendered":"Burgund, eine gastronomische Region"},"content":{"rendered":"<div class=\"diaporama-header align-full\"><div class=\"gallery\"><figure class=\"gallery__item\"><picture><source srcset=\"https:\/\/www.le-hameau-des-champs.com\/wp-content\/uploads\/2024\/10\/photo-47-420x420.jpg.webp\" media=\"(max-width: 210px)\"><source srcset=\"https:\/\/www.le-hameau-des-champs.com\/wp-content\/uploads\/2024\/10\/photo-47-850x566.jpg.webp\" media=\"(max-width: 420px)\"><source srcset=\"https:\/\/www.le-hameau-des-champs.com\/wp-content\/uploads\/2024\/10\/photo-47-768x511.jpg.webp\" media=\"(max-width: 850px)\"><source srcset=\"https:\/\/www.le-hameau-des-champs.com\/wp-content\/uploads\/2024\/10\/photo-47-1024x682.jpg.webp\" media=\"(max-width: 1024px)\"><source srcset=\"https:\/\/www.le-hameau-des-champs.com\/wp-content\/uploads\/2024\/10\/photo-47.jpg.webp\" media=\"(min-width: 1025px)\"><img loading=\"lazy\" decoding=\"async\" src=\"https:\/\/www.le-hameau-des-champs.com\/wp-content\/uploads\/2024\/10\/photo-47-420x420.jpg.webp\" width=\"420\" height=\"210\" alt=\"\" title=\"\"><\/picture><\/figure><\/div><div class=\"diaporama-header__inner\"><p class=\"h1\"   >Die Gastronomie<\/p><\/div><\/div><div class=\"columns reverse-mob\"><div class=\"columns__item\"><div class=\"gallery height-adapt\"><figure class=\"gallery__item\"><picture><source srcset=\"https:\/\/www.le-hameau-des-champs.com\/wp-content\/uploads\/2024\/10\/photo-48-420x420.jpg.webp\" media=\"(max-width: 210px)\"><source srcset=\"https:\/\/www.le-hameau-des-champs.com\/wp-content\/uploads\/2024\/10\/photo-48-850x638.jpg.webp\" media=\"(max-width: 420px)\"><source srcset=\"https:\/\/www.le-hameau-des-champs.com\/wp-content\/uploads\/2024\/10\/photo-48-768x576.jpg.webp\" media=\"(max-width: 850px)\"><source srcset=\"https:\/\/www.le-hameau-des-champs.com\/wp-content\/uploads\/2024\/10\/photo-48.jpg.webp\" media=\"(max-width: 1024px)\"><source srcset=\"https:\/\/www.le-hameau-des-champs.com\/wp-content\/uploads\/2024\/10\/photo-48.jpg.webp\" media=\"(min-width: 1025px)\"><img decoding=\"async\" src=\"https:\/\/www.le-hameau-des-champs.com\/wp-content\/uploads\/2024\/10\/photo-48-420x420.jpg.webp\" width=\"420\" height=\"210\" loading=\"lazy\" alt=\"\" title=\"\"><\/picture><\/figure><\/div><\/div><div class=\"columns__item\">\n<div style=\"height:5rem\" aria-hidden=\"true\" class=\"wp-block-spacer\"><\/div>\n<h1 class=\"h2\"><strong>Burgund, eine gastronomische Region<\/strong><\/h1><ul><li>Tournus: eine gastronomische Stadt mit 4 Michelin-Sternen\n<\/li><li>Caves de Lugny: Wanderung und Verkostung im Herzen des Chardonnay!\n<\/li><li>Ch\u00e2teau de la Greffi\u00e8re: Weinbau- und Weinmuseum, 25 Minuten vom Campingplatz entfernt, entdecken Sie ein Weingut in der Region von M\u00e2con. Das Museum zeigt eine reiche Sammlung von Instrumenten des Winzers von fr\u00fcher. \n<\/li><li>Cit\u00e9 des Climats und des Weins in Macon\n<\/li><li>Hameau Duboeuf: Europas gr\u00f6\u00dfter Weinpark in Roman\u00e8che Thorins, Entdeckungen f\u00fcr Gro\u00df und Klein.\n<\/li><\/ul><p class=\" has-fond-background-color has-background \" style=\"background-color: var(--fond);\" id=\"https:\/\/www.destination-saone-et-loire.fr\/fr\/nos-actualites\/bienvenue-sur-lappli-web-route71-bourgogne-du-sud.html\" ><strong>Die Liste ist lang:<br\/><\/strong>Laden Sie die App &#8220; <a href=\"https:\/\/www.destination-saone-et-loire.fr\/fr\/nos-actualites\/bienvenue-sur-lappli-web-route71-bourgogne-du-sud.html\" data-type=\"link\" data-id=\"https:\/\/www.destination-saone-et-loire.fr\/fr\/nos-actualites\/bienvenue-sur-lappli-web-route71-bourgogne-du-sud.html\" rel=\"noopener\">route 71.fr<\/a> &#8220; herunter, die Sie von Wein zu Wein f\u00fchrt!<\/p>\n<div style=\"height:5rem\" aria-hidden=\"true\" class=\"wp-block-spacer\"><\/div>\n<\/div><\/div>","protected":false},"excerpt":{"rendered":"<p>Die Gastronomie Burgund, eine gastronomische Region Die Liste ist lang:Laden Sie die App &#8220; route 71.fr &#8220; herunter, die Sie von Wein zu Wein f\u00fchrt!<\/p>\n","protected":false},"author":1,"featured_media":0,"parent":0,"menu_order":0,"comment_status":"closed","ping_status":"closed","template":"","meta":{"_acf_changed":false,"footnotes":""},"acf":[],"_links":{"self":[{"href":"https:\/\/www.le-hameau-des-champs.com\/de\/wp-json\/wp\/v2\/pages\/1243"}],"collection":[{"href":"https:\/\/www.le-hameau-des-champs.com\/de\/wp-json\/wp\/v2\/pages"}],"about":[{"href":"https:\/\/www.le-hameau-des-champs.com\/de\/wp-json\/wp\/v2\/types\/page"}],"author":[{"embeddable":true,"href":"https:\/\/www.le-hameau-des-champs.com\/de\/wp-json\/wp\/v2\/users\/1"}],"replies":[{"embeddable":true,"href":"https:\/\/www.le-hameau-des-champs.com\/de\/wp-json\/wp\/v2\/comments?post=1243"}],"version-history":[{"count":1,"href":"https:\/\/www.le-hameau-des-champs.com\/de\/wp-json\/wp\/v2\/pages\/1243\/revisions"}],"predecessor-version":[{"id":1244,"href":"https:\/\/www.le-hameau-des-champs.com\/de\/wp-json\/wp\/v2\/pages\/1243\/revisions\/1244"}],"wp:attachment":[{"href":"https:\/\/www.le-hameau-des-champs.com\/de\/wp-json\/wp\/v2\/media?parent=1243"}],"curies":[{"name":"wp","href":"https:\/\/api.w.org\/{rel}","templated":true}]}}