{"id":1253,"date":"2024-10-24T14:56:20","date_gmt":"2024-10-24T12:56:20","guid":{"rendered":"https:\/\/www.le-hameau-des-champs.com\/services-camping-bourgogne\/"},"modified":"2024-11-28T11:48:32","modified_gmt":"2024-11-28T10:48:32","slug":"dienstleistungen-camping-bourgogne","status":"publish","type":"page","link":"https:\/\/www.le-hameau-des-champs.com\/de\/dienstleistungen-camping-bourgogne\/","title":{"rendered":"Dienstleistungen: Lebensmittelgesch\u00e4ft, Wifi &#8230;"},"content":{"rendered":"<div class=\"diaporama-header align-full\"><div class=\"gallery\"><figure class=\"gallery__item\"><picture><source srcset=\"https:\/\/www.le-hameau-des-champs.com\/wp-content\/uploads\/2024\/10\/photo-12-1920-420x420.jpg.webp\" media=\"(max-width: 210px)\"><source srcset=\"https:\/\/www.le-hameau-des-champs.com\/wp-content\/uploads\/2024\/10\/photo-12-1920-850x638.jpg.webp\" media=\"(max-width: 420px)\"><source srcset=\"https:\/\/www.le-hameau-des-champs.com\/wp-content\/uploads\/2024\/10\/photo-12-1920-768x576.jpg.webp\" media=\"(max-width: 850px)\"><source srcset=\"https:\/\/www.le-hameau-des-champs.com\/wp-content\/uploads\/2024\/10\/photo-12-1920-1024x768.jpg.webp\" media=\"(max-width: 1024px)\"><source srcset=\"https:\/\/www.le-hameau-des-champs.com\/wp-content\/uploads\/2024\/10\/photo-12-1920.jpg.webp\" media=\"(min-width: 1025px)\"><img loading=\"lazy\" decoding=\"async\" src=\"https:\/\/www.le-hameau-des-champs.com\/wp-content\/uploads\/2024\/10\/photo-12-1920-420x420.jpg.webp\" width=\"420\" height=\"210\" alt=\"\" title=\"\"><\/picture><\/figure><\/div><div class=\"diaporama-header__inner\"><h1>Empfang, Lebensmittelgesch\u00e4ft, Wifi&#8230;<br\/><strong>Dienstleistungen, die f\u00fcr Sie gedacht sind<\/strong><\/h1><\/div><\/div><div class=\"columns has-fond-background-color has-background align-full\" style=\"background-color:var(--fond);\"><div class=\"columns__item\"><h2 class=\"h3\">Startseite<\/h2><p class=\"\"   >Der Empfang ist <strong>t\u00e4glich von 8 bis 12 Uhr und von 15 bis 19 Uhr ge\u00f6ffnet<\/strong>, V\u00e9ronique und C\u00e9cile stehen zu Ihrer Verf\u00fcgung. <br\/>An der Rezeption finden Sie Gesellschaftsspiele, B\u00fccher, regionale Souvenirs&#8230; aber auch die n\u00f6tige Dokumentation \u00fcber Besichtigungen und Entdeckungen in der Umgebung.<\/p><p class=\"\"   >Um die Ruhe unserer Camper zu bewahren, k\u00f6nnen Ank\u00f6mmlinge nicht zwischen <strong>12:00 und 15:00 Uhr<\/strong> empfangen werden.<\/p><h2 class=\"h3\">Lebensmittelgesch\u00e4ft<\/h2><p class=\"\"   >Haben Sie etwas vergessen? Wir bieten Ihnen Produkte des t\u00e4glichen Bedarfs an, um <strong>Radfahrern <\/strong>auf einer Etappe zu helfen oder wenn Sie etwas vergessen haben. Rund um den Campingplatz gibt es<strong> viele kleine Gesch\u00e4fte<\/strong>, in denen Sie einkaufen k\u00f6nnen: Metzger, Lebensmittelgesch\u00e4fte, Weinkeller, Apotheke, B\u00e4ckereien, Bar-Tabak&#8230;  <\/p><h2 class=\"h3\">Brotverkauf  <\/h2><p class=\"\"   >Wir arbeiten t\u00e4glich mit <strong>zwei traditionellen B\u00e4ckereien<\/strong> zusammen, um uns mit Brot und Geb\u00e4ck zu versorgen. Tee, Kaffee, Marmeladen und Aufstriche sind ebenfalls an der Rezeption erh\u00e4ltlich. <\/p><\/div><div class=\"columns__item auto\" style=\"flex-basis:50%;\"><figure class=\"height-adapt\"><picture><source srcset=\"https:\/\/www.le-hameau-des-champs.com\/wp-content\/uploads\/2024\/10\/photo-11-1-420x420.jpg.webp\" media=\"(max-width: 210px)\"><source srcset=\"https:\/\/www.le-hameau-des-champs.com\/wp-content\/uploads\/2024\/10\/photo-11-1-850x638.jpg.webp\" media=\"(max-width: 420px)\"><source srcset=\"https:\/\/www.le-hameau-des-champs.com\/wp-content\/uploads\/2024\/10\/photo-11-1-768x576.jpg.webp\" media=\"(max-width: 850px)\"><source srcset=\"https:\/\/www.le-hameau-des-champs.com\/wp-content\/uploads\/2024\/10\/photo-11-1-1024x768.jpg.webp\" media=\"(max-width: 1024px)\"><source srcset=\"https:\/\/www.le-hameau-des-champs.com\/wp-content\/uploads\/2024\/10\/photo-11-1.jpg.webp\" media=\"(min-width: 1025px)\"><img decoding=\"async\" src=\"https:\/\/www.le-hameau-des-champs.com\/wp-content\/uploads\/2024\/10\/photo-11-1-420x420.jpg.webp\" width=\"420\" height=\"210\" loading=\"lazy\" alt=\"\" title=\"\"><\/picture><\/figure><\/div><\/div><div class=\"columns sec-10 reverse-mob\"><div class=\"columns__item\" style=\"flex-basis:50%;\"><div class=\"gallery\"><figure class=\"gallery__item\"><picture><source srcset=\"https:\/\/www.le-hameau-des-champs.com\/wp-content\/uploads\/2024\/10\/photo-19-420x420.jpg.webp\" media=\"(max-width: 210px)\"><source srcset=\"https:\/\/www.le-hameau-des-champs.com\/wp-content\/uploads\/2024\/10\/photo-19.jpg.webp\" media=\"(max-width: 420px)\"><source srcset=\"https:\/\/www.le-hameau-des-champs.com\/wp-content\/uploads\/2024\/10\/photo-19.jpg.webp\" media=\"(max-width: 850px)\"><source srcset=\"https:\/\/www.le-hameau-des-champs.com\/wp-content\/uploads\/2024\/10\/photo-19.jpg.webp\" media=\"(max-width: 1024px)\"><source srcset=\"https:\/\/www.le-hameau-des-champs.com\/wp-content\/uploads\/2024\/10\/photo-19.jpg.webp\" media=\"(min-width: 1025px)\"><img decoding=\"async\" src=\"https:\/\/www.le-hameau-des-champs.com\/wp-content\/uploads\/2024\/10\/photo-19-420x420.jpg.webp\" width=\"420\" height=\"210\" loading=\"lazy\" alt=\"\" title=\"\"><\/picture><\/figure><figure class=\"gallery__item\"><picture><source srcset=\"https:\/\/www.le-hameau-des-champs.com\/wp-content\/uploads\/2024\/10\/photo-20-420x420.jpg.webp\" media=\"(max-width: 210px)\"><source srcset=\"https:\/\/www.le-hameau-des-champs.com\/wp-content\/uploads\/2024\/10\/photo-20.jpg.webp\" media=\"(max-width: 420px)\"><source srcset=\"https:\/\/www.le-hameau-des-champs.com\/wp-content\/uploads\/2024\/10\/photo-20.jpg.webp\" media=\"(max-width: 850px)\"><source srcset=\"https:\/\/www.le-hameau-des-champs.com\/wp-content\/uploads\/2024\/10\/photo-20.jpg.webp\" media=\"(max-width: 1024px)\"><source srcset=\"https:\/\/www.le-hameau-des-champs.com\/wp-content\/uploads\/2024\/10\/photo-20.jpg.webp\" media=\"(min-width: 1025px)\"><img decoding=\"async\" src=\"https:\/\/www.le-hameau-des-champs.com\/wp-content\/uploads\/2024\/10\/photo-20-420x420.jpg.webp\" width=\"420\" height=\"210\" loading=\"lazy\" alt=\"\" title=\"\"><\/picture><\/figure><\/div><\/div><div class=\"columns__item\"><h2 class=\"h3\"><strong><strong>Jurte zur Verf\u00fcgung<\/strong><\/strong><\/h2><p class=\"\"   >Es regnet? Le Hameau des Champs stellt Ihnen <strong>eine franz\u00f6sische Jurte<\/strong> zur Verf\u00fcgung, in der Sie gesch\u00fctzt essen k\u00f6nnen, Gesellschaftsspiele spielen k\u00f6nnen&#8230; <\/p><h2 class=\"h3\"><strong>Wifi<\/strong><\/h2><p class=\"\"   >Um Ihren Aufenthalt perfekt zu gestalten, steht Ihnen ein <strong>kostenloser Wifi-Bereich<\/strong> rund um die Rezeption und das <strong>Restaurant<\/strong> zur Verf\u00fcgung. Tische und B\u00e4nke stehen Ihnen zur Verf\u00fcgung. <\/p><\/div><\/div>","protected":false},"excerpt":{"rendered":"<p>Empfang, Lebensmittelgesch\u00e4ft, Wifi&#8230;Dienstleistungen, die f\u00fcr Sie gedacht sind Startseite Der Empfang ist t\u00e4glich von 8 bis 12 Uhr und von 15 bis 19 Uhr ge\u00f6ffnet, V\u00e9ronique und C\u00e9cile stehen zu Ihrer Verf\u00fcgung. An der Rezeption finden Sie Gesellschaftsspiele, B\u00fccher, regionale Souvenirs&#8230; aber auch die n\u00f6tige Dokumentation \u00fcber Besichtigungen und Entdeckungen in der Umgebung. Um die [&hellip;]<\/p>\n","protected":false},"author":1,"featured_media":0,"parent":0,"menu_order":0,"comment_status":"closed","ping_status":"closed","template":"","meta":{"_acf_changed":false,"footnotes":""},"acf":[],"_links":{"self":[{"href":"https:\/\/www.le-hameau-des-champs.com\/de\/wp-json\/wp\/v2\/pages\/1253"}],"collection":[{"href":"https:\/\/www.le-hameau-des-champs.com\/de\/wp-json\/wp\/v2\/pages"}],"about":[{"href":"https:\/\/www.le-hameau-des-champs.com\/de\/wp-json\/wp\/v2\/types\/page"}],"author":[{"embeddable":true,"href":"https:\/\/www.le-hameau-des-champs.com\/de\/wp-json\/wp\/v2\/users\/1"}],"replies":[{"embeddable":true,"href":"https:\/\/www.le-hameau-des-champs.com\/de\/wp-json\/wp\/v2\/comments?post=1253"}],"version-history":[{"count":1,"href":"https:\/\/www.le-hameau-des-champs.com\/de\/wp-json\/wp\/v2\/pages\/1253\/revisions"}],"predecessor-version":[{"id":1254,"href":"https:\/\/www.le-hameau-des-champs.com\/de\/wp-json\/wp\/v2\/pages\/1253\/revisions\/1254"}],"wp:attachment":[{"href":"https:\/\/www.le-hameau-des-champs.com\/de\/wp-json\/wp\/v2\/media?parent=1253"}],"curies":[{"name":"wp","href":"https:\/\/api.w.org\/{rel}","templated":true}]}}