{"id":1263,"date":"2024-10-16T12:04:03","date_gmt":"2024-10-16T10:04:03","guid":{"rendered":"https:\/\/www.le-hameau-des-champs.com\/cafe-la-belle-epoque\/"},"modified":"2025-11-18T17:28:47","modified_gmt":"2025-11-18T16:28:47","slug":"kaffee-la-belle-epoque","status":"publish","type":"page","link":"https:\/\/www.le-hameau-des-champs.com\/de\/kaffee-la-belle-epoque\/","title":{"rendered":"Caf\u00e9 La Belle Epoque"},"content":{"rendered":"<div class=\"diaporama-header align-full\"><div class=\"gallery\"><figure class=\"gallery__item\"><picture><source srcset=\"https:\/\/www.le-hameau-des-champs.com\/wp-content\/uploads\/2024\/10\/cafe-belle-epoque-1-420x420.webp\" media=\"(max-width: 210px)\"><source srcset=\"https:\/\/www.le-hameau-des-champs.com\/wp-content\/uploads\/2024\/10\/cafe-belle-epoque-1-850x638.webp\" media=\"(max-width: 420px)\"><source srcset=\"https:\/\/www.le-hameau-des-champs.com\/wp-content\/uploads\/2024\/10\/cafe-belle-epoque-1-768x576.webp\" media=\"(max-width: 850px)\"><source srcset=\"https:\/\/www.le-hameau-des-champs.com\/wp-content\/uploads\/2024\/10\/cafe-belle-epoque-1-1024x768.webp\" media=\"(max-width: 1024px)\"><source srcset=\"https:\/\/www.le-hameau-des-champs.com\/wp-content\/uploads\/2024\/10\/cafe-belle-epoque-1.webp\" media=\"(min-width: 1025px)\"><img loading=\"lazy\" decoding=\"async\" src=\"https:\/\/www.le-hameau-des-champs.com\/wp-content\/uploads\/2024\/10\/cafe-belle-epoque-1-420x420.webp\" width=\"420\" height=\"210\" alt=\"\" title=\"\"><\/picture><\/figure><\/div><div class=\"diaporama-header__inner\"><h1>Restaurant Bar La Belle \u00c9poque  <\/h1><\/div><\/div>\n\n<div class=\"columns sec-15\"><div class=\"columns__item\"><h2 class=\"p\"><em>Kaffee in Cormatin auf dem Campingplatz Le Hameau des Champs<\/em><\/h2><p class=\" has-vert-background-color has-background  has-blanc-color \" style=\"background-color: var(--vert);color: var(--blanc);\"  ><strong>Neu: Dieses Jahr bieten wir Ihnen leckere Pizzas an!<\/strong><\/p><p class=\"\"   ><em>Ge\u00f6ffnet vom 12. Mai bis 1. September 2026<\/em><\/p><p class=\"\"   >Eis, Erfrischungsgetr\u00e4nke und Snacks stehen Ihnen <strong>jeden Tag<\/strong> ab 16 Uhr zur Verf\u00fcgung: Bier vom Fass, Cocktails, Fruchts\u00e4fte, Eis, Waffeln&#8230; auf unserer<strong> Terrasse am Pool<\/strong>.<\/p><p class=\"\"   >Ab 18:30 Uhr k\u00f6nnen Sie den Tag mit einem von der <strong>burgundischen Lebensart<\/strong> inspirierten Aperitif und Wurstplatten ausklingen lassen. Eine einfache K\u00fcche mit Pizzas, aber gro\u00dfz\u00fcgig und mit einem guten <strong>Wein aus Burgund<\/strong>, um das Gl\u00fcck des Zusammenseins zu teilen! <\/p><div class=\"lireplus fc-mob\"><p class=\"\"   >Lesen Sie mehr<\/p><div class=\"group\"><p class=\"\"   >Am Abend \u00fcbertr\u00e4gt ein gro\u00dfer Fernseher wichtige Ereignisse oder Sportveranstaltungen &#8230; <strong>holen Sie Ihre Flaggen heraus!<\/strong><\/p><p class=\"\"   ><em><strong>Im Juli und August<\/strong> Live-Konzerte am Freitag von 19:00 bis 22:00 Uhr! Swing, Jazz, Rock, Country, Kabarett &#8230;.   <strong>Ein Moment reinen musikalischen Gl\u00fccks!<\/strong>  (Termine und Programm auf Facebook)<\/em><\/p><\/div><\/div><\/div><div class=\"columns__item\"><figure><picture><source srcset=\"https:\/\/www.le-hameau-des-champs.com\/wp-content\/uploads\/2024\/10\/photo-16-420x420.jpg.webp\" media=\"(max-width: 210px)\"><source srcset=\"https:\/\/www.le-hameau-des-champs.com\/wp-content\/uploads\/2024\/10\/photo-16-850x567.jpg.webp\" media=\"(max-width: 420px)\"><source srcset=\"https:\/\/www.le-hameau-des-champs.com\/wp-content\/uploads\/2024\/10\/photo-16-768x512.jpg.webp\" media=\"(max-width: 850px)\"><source srcset=\"https:\/\/www.le-hameau-des-champs.com\/wp-content\/uploads\/2024\/10\/photo-16-1024x683.jpg.webp\" media=\"(max-width: 1024px)\"><source srcset=\"https:\/\/www.le-hameau-des-champs.com\/wp-content\/uploads\/2024\/10\/photo-16.jpg.webp\" media=\"(min-width: 1025px)\"><img decoding=\"async\" src=\"https:\/\/www.le-hameau-des-champs.com\/wp-content\/uploads\/2024\/10\/photo-16-420x420.jpg.webp\" width=\"420\" height=\"210\" loading=\"lazy\" alt=\"\" title=\"\"><\/picture><\/figure><\/div><div class=\"columns__item\"><figure><picture><source srcset=\"https:\/\/www.le-hameau-des-champs.com\/wp-content\/uploads\/2024\/10\/photo-17-420x420.jpg.webp\" media=\"(max-width: 210px)\"><source srcset=\"https:\/\/www.le-hameau-des-champs.com\/wp-content\/uploads\/2024\/10\/photo-17.jpg.webp\" media=\"(max-width: 420px)\"><source srcset=\"https:\/\/www.le-hameau-des-champs.com\/wp-content\/uploads\/2024\/10\/photo-17.jpg.webp\" media=\"(max-width: 850px)\"><source srcset=\"https:\/\/www.le-hameau-des-champs.com\/wp-content\/uploads\/2024\/10\/photo-17.jpg.webp\" media=\"(max-width: 1024px)\"><source srcset=\"https:\/\/www.le-hameau-des-champs.com\/wp-content\/uploads\/2024\/10\/photo-17.jpg.webp\" media=\"(min-width: 1025px)\"><img decoding=\"async\" src=\"https:\/\/www.le-hameau-des-champs.com\/wp-content\/uploads\/2024\/10\/photo-17-420x420.jpg.webp\" width=\"420\" height=\"210\" loading=\"lazy\" alt=\"\" title=\"\"><\/picture><\/figure><\/div><div class=\"columns__item\"><figure><picture><source srcset=\"https:\/\/www.le-hameau-des-champs.com\/wp-content\/uploads\/2024\/10\/photo-18-420x420.jpg.webp\" media=\"(max-width: 210px)\"><source srcset=\"https:\/\/www.le-hameau-des-champs.com\/wp-content\/uploads\/2024\/10\/photo-18.jpg.webp\" media=\"(max-width: 420px)\"><source srcset=\"https:\/\/www.le-hameau-des-champs.com\/wp-content\/uploads\/2024\/10\/photo-18.jpg.webp\" media=\"(max-width: 850px)\"><source srcset=\"https:\/\/www.le-hameau-des-champs.com\/wp-content\/uploads\/2024\/10\/photo-18.jpg.webp\" media=\"(max-width: 1024px)\"><source srcset=\"https:\/\/www.le-hameau-des-champs.com\/wp-content\/uploads\/2024\/10\/photo-18.jpg.webp\" media=\"(min-width: 1025px)\"><img decoding=\"async\" src=\"https:\/\/www.le-hameau-des-champs.com\/wp-content\/uploads\/2024\/10\/photo-18-420x420.jpg.webp\" width=\"420\" height=\"210\" loading=\"lazy\" alt=\"\" title=\"\"><\/picture><\/figure><\/div><\/div>","protected":false},"excerpt":{"rendered":"<p>Restaurant Bar La Belle \u00c9poque Kaffee in Cormatin auf dem Campingplatz Le Hameau des Champs Neu: Dieses Jahr bieten wir Ihnen leckere Pizzas an! Ge\u00f6ffnet vom 12. Mai bis 1. September 2026 Eis, Erfrischungsgetr\u00e4nke und Snacks stehen Ihnen jeden Tag ab 16 Uhr zur Verf\u00fcgung: Bier vom Fass, Cocktails, Fruchts\u00e4fte, Eis, Waffeln&#8230; auf unserer Terrasse [&hellip;]<\/p>\n","protected":false},"author":1,"featured_media":0,"parent":0,"menu_order":0,"comment_status":"closed","ping_status":"closed","template":"","meta":{"_acf_changed":false,"footnotes":""},"acf":[],"_links":{"self":[{"href":"https:\/\/www.le-hameau-des-champs.com\/de\/wp-json\/wp\/v2\/pages\/1263"}],"collection":[{"href":"https:\/\/www.le-hameau-des-champs.com\/de\/wp-json\/wp\/v2\/pages"}],"about":[{"href":"https:\/\/www.le-hameau-des-champs.com\/de\/wp-json\/wp\/v2\/types\/page"}],"author":[{"embeddable":true,"href":"https:\/\/www.le-hameau-des-champs.com\/de\/wp-json\/wp\/v2\/users\/1"}],"replies":[{"embeddable":true,"href":"https:\/\/www.le-hameau-des-champs.com\/de\/wp-json\/wp\/v2\/comments?post=1263"}],"version-history":[{"count":4,"href":"https:\/\/www.le-hameau-des-champs.com\/de\/wp-json\/wp\/v2\/pages\/1263\/revisions"}],"predecessor-version":[{"id":1802,"href":"https:\/\/www.le-hameau-des-champs.com\/de\/wp-json\/wp\/v2\/pages\/1263\/revisions\/1802"}],"wp:attachment":[{"href":"https:\/\/www.le-hameau-des-champs.com\/de\/wp-json\/wp\/v2\/media?parent=1263"}],"curies":[{"name":"wp","href":"https:\/\/api.w.org\/{rel}","templated":true}]}}