{"id":1281,"date":"2024-10-16T12:04:03","date_gmt":"2024-10-16T10:04:03","guid":{"rendered":"https:\/\/www.le-hameau-des-champs.com\/locations-vacances-saone-et-loire\/"},"modified":"2024-11-28T14:00:28","modified_gmt":"2024-11-28T13:00:28","slug":"vermietungen","status":"publish","type":"page","link":"https:\/\/www.le-hameau-des-champs.com\/de\/vermietungen\/","title":{"rendered":"Mietwohnungen"},"content":{"rendered":"<div class=\"diaporama-header align-full\"><div class=\"gallery\"><figure class=\"gallery__item\"><picture><source srcset=\"https:\/\/www.le-hameau-des-champs.com\/wp-content\/uploads\/2024\/10\/photo-27-420x420.jpg.webp\" media=\"(max-width: 210px)\"><source srcset=\"https:\/\/www.le-hameau-des-champs.com\/wp-content\/uploads\/2024\/10\/photo-27-850x638.jpg.webp\" media=\"(max-width: 420px)\"><source srcset=\"https:\/\/www.le-hameau-des-champs.com\/wp-content\/uploads\/2024\/10\/photo-27-768x576.jpg.webp\" media=\"(max-width: 850px)\"><source srcset=\"https:\/\/www.le-hameau-des-champs.com\/wp-content\/uploads\/2024\/10\/photo-27-1024x768.jpg.webp\" media=\"(max-width: 1024px)\"><source srcset=\"https:\/\/www.le-hameau-des-champs.com\/wp-content\/uploads\/2024\/10\/photo-27.jpg.webp\" media=\"(min-width: 1025px)\"><img loading=\"lazy\" decoding=\"async\" src=\"https:\/\/www.le-hameau-des-champs.com\/wp-content\/uploads\/2024\/10\/photo-27-420x420.jpg.webp\" width=\"420\" height=\"210\" alt=\"\" title=\"\"><\/picture><\/figure><\/div><div class=\"diaporama-header__inner\"><p class=\"h1\"   >Mietwohnungen<\/p><\/div><\/div>\n\n<h1 class=\"h2\" style=\"text-align: center;\">H\u00e4user inmitten der Natur auf dem Campingplatz Le Hameau des Champs in Cormatin<\/h1>\n\n<p class=\" has-text-center\" style=\"text-align: center;\"  ><strong>Le Hameau des Champs<\/strong>&nbsp;bietet zehn&nbsp;<strong>kleine H\u00e4user auf der Wiese<\/strong>, die mit einer Terrasse, einer K\u00fcche mit Induktionskochplatten, Mikrowelle \u2026, individuellen Sanit\u00e4ranlagen mit Waschbecken, Dusche und separater Toilette ausgestattet sind\u2026. kostenlosem WLAN n\u00fcr 50% das Campingplatz.<\/p>\n\n<div class=\"buttons btn_resa_loc  display-flex \" style=\"justify-content:center;\"><span class=\"buttons__btn btn-resa-loc\">Siehe die Verf\u00fcgbarkeit<\/span><\/div>\n\n<div class=\"group sec-05 align-full has-background has-fond-background-color\" style=\"background-color:var(--fond);\"><div class=\"gallery col-2 f-carousel fc-diapo\" data-fancybox=\"gallery\"><figure class=\"gallery__item\"><a href=\"https:\/\/www.le-hameau-des-champs.com\/de\/haus-1-schlafzimmer\/\"><picture><source srcset=\"https:\/\/www.le-hameau-des-champs.com\/wp-content\/uploads\/2024\/10\/photo-28-420x420.jpg.webp\" media=\"(max-width: 210px)\"><source srcset=\"https:\/\/www.le-hameau-des-champs.com\/wp-content\/uploads\/2024\/10\/photo-28-850x567.jpg.webp\" media=\"(max-width: 420px)\"><source srcset=\"https:\/\/www.le-hameau-des-champs.com\/wp-content\/uploads\/2024\/10\/photo-28-768x512.jpg.webp\" media=\"(max-width: 850px)\"><source srcset=\"https:\/\/www.le-hameau-des-champs.com\/wp-content\/uploads\/2024\/10\/photo-28-1024x683.jpg.webp\" media=\"(max-width: 1024px)\"><source srcset=\"https:\/\/www.le-hameau-des-champs.com\/wp-content\/uploads\/2024\/10\/photo-28.jpg.webp\" media=\"(min-width: 1025px)\"><img decoding=\"async\" src=\"https:\/\/www.le-hameau-des-champs.com\/wp-content\/uploads\/2024\/10\/photo-28-420x420.jpg.webp\" width=\"420\" height=\"210\" alt=\"Vue g\u00e9n\u00e9rale des chalets\" loading=\"lazy\" title=\"\"><\/picture><figcaption>Haus 1 Schlafzimmer<\/figcaption><\/a><\/figure><figure class=\"gallery__item\"><a href=\"https:\/\/www.le-hameau-des-champs.com\/de\/haus-2-schlafzimmer\/\"><picture><source srcset=\"https:\/\/www.le-hameau-des-champs.com\/wp-content\/uploads\/2024\/10\/photo-27-420x420.jpg.webp\" media=\"(max-width: 210px)\"><source srcset=\"https:\/\/www.le-hameau-des-champs.com\/wp-content\/uploads\/2024\/10\/photo-27-850x638.jpg.webp\" media=\"(max-width: 420px)\"><source srcset=\"https:\/\/www.le-hameau-des-champs.com\/wp-content\/uploads\/2024\/10\/photo-27-768x576.jpg.webp\" media=\"(max-width: 850px)\"><source srcset=\"https:\/\/www.le-hameau-des-champs.com\/wp-content\/uploads\/2024\/10\/photo-27-1024x768.jpg.webp\" media=\"(max-width: 1024px)\"><source srcset=\"https:\/\/www.le-hameau-des-champs.com\/wp-content\/uploads\/2024\/10\/photo-27.jpg.webp\" media=\"(min-width: 1025px)\"><img decoding=\"async\" src=\"https:\/\/www.le-hameau-des-champs.com\/wp-content\/uploads\/2024\/10\/photo-27-420x420.jpg.webp\" width=\"420\" height=\"210\" loading=\"lazy\" alt=\"\" title=\"\"><\/picture><figcaption>Haus 2 Schlafzimmer<\/figcaption><\/a><\/figure><\/div><\/div>\n\n<div class=\"group\"><h2 id=\"votre-maison-de-vacances-en-bourgogne-a-cormatin-pres-de-cluny\">Ihr kleines Komforthaus in Burgund in Cormatin<\/h2><div class=\"columns\"><div class=\"columns__item\"><p class=\"\"   >Sie m\u00f6chten einen Urlaub <strong>in einer nat\u00fcrlichen und erholsamen Umgebung<\/strong> verbringen?  <\/p><p class=\"\"   >Unsere <em>kleinen H\u00e4user in der Wiese<\/em> sind mit allem Komfort ausgestattet und befinden sich auf <strong>angenehmen, baumbestandenen Stellpl\u00e4tzen<\/strong>. Sie sind die idealen Unterk\u00fcnfte f\u00fcr Ihren <strong>Erholungsurlaub in Cormatin<\/strong>.<\/p><p class=\"\"   >Als <strong>Tierliebhaber<\/strong> k\u00f6nnen Sie im Hameau des Champs Ihre <strong>Tiere<\/strong> <strong>kostenlos<\/strong> in den kleinen H\u00e4usern unterbringen. Es wird jedoch nur 1 Haustier pro Haus akzeptiert und die Option der Reinigungspauschale wird obligatorisch sein.  <br>Sch\u00f6ne Spazierg\u00e4nge warten auf dich und deinen besten Freund!<\/p><\/div><div class=\"columns__item\"><ul><li>Terrasse\n<\/li><li>Strom und Heizung inbegriffen\n<\/li><li>Kostenloses Wifi\n<\/li><li>Individuelle Sanit\u00e4ranlagen\n<\/li><li>Badezimmer\n<\/li><li>TV\n<\/li><li>Ausstattung (Staubsauger, Gartenm\u00f6bel, B\u00fcgelbrett&#8230;)\n<\/li><li>K\u00fcche (K\u00fchlschrank, Toaster, Mikrowelle, Kaffeemaschine, Wasserkocher, Geschirr&#8230;)\n<\/li><\/ul><\/div><\/div><div class=\"lireplus fc-desk\"><p class=\"\"   >Lesen Sie mehr<\/p><div class=\"group\"><h2 id=\"des-maisons-de-vacances-avec-piscine-en-bourgogne\">Ferienh\u00e4user mit Pool in Burgund<\/h2><p class=\"\"  id=\"https:\/\/www.le-hameau-des-champs.com\/de\/swimmingpool\/\" >Unsere <strong>3-Sterne-Anlage in der N\u00e4he von Cluny <\/strong>bietet Ihnen einen <strong>Wasserpark<\/strong>, in dem Sie sich w\u00e4hrend Ihres <strong>Urlaubs in Burgund<\/strong> erfrischen k\u00f6nnen. Unser <a href=\"https:\/\/www.le-hameau-des-champs.com\/de\/swimmingpool\/\" data-type=\"link\" data-id=\"https:\/\/www.le-hameau-des-champs.com\/de\/swimmingpool\/\">Campingplatz in Burgund mit Swimmingpool<\/a> verf\u00fcgt \u00fcber ein gro\u00dfes Becken und ein Planschbecken, das perfekt f\u00fcr die Sicherheit der Kinder geeignet ist. Nach einem Moment der Entspannung im Pool k\u00f6nnen Sie sich auf den Liegest\u00fchlen br\u00e4unen lassen oder ein Buch lesen.<\/p><h2 id=\"la-bourgogne-a-votre-portee-depuis-le-camping-a-cormatin\">Burgund in Ihrer Reichweite vom Campingplatz in Cormatin aus<\/h2><p class=\"\"   >Burgund mit seinen h\u00fcgeligen Landschaften, seinen ber\u00fchmten Weinbergen und seinen malerischen D\u00f6rfern verk\u00f6rpert den l\u00e4ndlichen Charme Frankreichs. Der 3* <strong>Campingplatz<\/strong> Le Hameau des Champs <strong>in Cormatin<\/strong> ist der ideale Ort, um all diese Attraktionen zu entdecken. Es ist der perfekte Ort f\u00fcr alle, die einen erholsamen Urlaub inmitten der burgundischen Landschaft verbringen m\u00f6chten.  <\/p><p class=\"\"   >Die verschiedenen <strong>Ferienh\u00e4user in Burgund<\/strong> bieten eine authentische Erfahrung, bei der Komfort mit Ruhe und Natur einhergeht. Nutzen Sie Ihren Aufenthalt in der N\u00e4he von Cluny, um die Umgebung zu erkunden, die umliegenden Schl\u00f6sser zu besichtigen, hervorragende Weine zu probieren und sich von den traditionellen burgundischen M\u00e4rkten verzaubern zu lassen. Unser <strong>Campingplatz in Cormatin<\/strong> bietet Ihnen die einzigartige Gelegenheit, die versteckten Sch\u00e4tze Burgunds zu entdecken, von seinem historischen Erbe \u00fcber seine Naturlandschaften bis hin zu seiner Gastronomie.  <\/p><\/div><\/div><\/div>","protected":false},"excerpt":{"rendered":"<p>Mietwohnungen H\u00e4user inmitten der Natur auf dem Campingplatz Le Hameau des Champs in Cormatin Le Hameau des Champs&nbsp;bietet zehn&nbsp;kleine H\u00e4user auf der Wiese, die mit einer Terrasse, einer K\u00fcche mit Induktionskochplatten, Mikrowelle \u2026, individuellen Sanit\u00e4ranlagen mit Waschbecken, Dusche und separater Toilette ausgestattet sind\u2026. kostenlosem WLAN n\u00fcr 50% das Campingplatz. Ihr kleines Komforthaus in Burgund in [&hellip;]<\/p>\n","protected":false},"author":1,"featured_media":0,"parent":0,"menu_order":0,"comment_status":"closed","ping_status":"closed","template":"","meta":{"_acf_changed":false,"footnotes":""},"acf":[],"_links":{"self":[{"href":"https:\/\/www.le-hameau-des-champs.com\/de\/wp-json\/wp\/v2\/pages\/1281"}],"collection":[{"href":"https:\/\/www.le-hameau-des-champs.com\/de\/wp-json\/wp\/v2\/pages"}],"about":[{"href":"https:\/\/www.le-hameau-des-champs.com\/de\/wp-json\/wp\/v2\/types\/page"}],"author":[{"embeddable":true,"href":"https:\/\/www.le-hameau-des-champs.com\/de\/wp-json\/wp\/v2\/users\/1"}],"replies":[{"embeddable":true,"href":"https:\/\/www.le-hameau-des-champs.com\/de\/wp-json\/wp\/v2\/comments?post=1281"}],"version-history":[{"count":5,"href":"https:\/\/www.le-hameau-des-champs.com\/de\/wp-json\/wp\/v2\/pages\/1281\/revisions"}],"predecessor-version":[{"id":1546,"href":"https:\/\/www.le-hameau-des-champs.com\/de\/wp-json\/wp\/v2\/pages\/1281\/revisions\/1546"}],"wp:attachment":[{"href":"https:\/\/www.le-hameau-des-champs.com\/de\/wp-json\/wp\/v2\/media?parent=1281"}],"curies":[{"name":"wp","href":"https:\/\/api.w.org\/{rel}","templated":true}]}}