{"id":1287,"date":"2024-10-16T12:04:03","date_gmt":"2024-10-16T10:04:03","guid":{"rendered":"https:\/\/www.le-hameau-des-champs.com\/sejour-type-camping\/"},"modified":"2024-11-28T12:20:57","modified_gmt":"2024-11-28T11:20:57","slug":"typischer-aufenthalt-camping","status":"publish","type":"page","link":"https:\/\/www.le-hameau-des-champs.com\/de\/typischer-aufenthalt-camping\/","title":{"rendered":"Typischer Aufenthalt"},"content":{"rendered":"<div class=\"diaporama-header align-full\"><div class=\"gallery\"><figure class=\"gallery__item\"><picture><source srcset=\"https:\/\/www.le-hameau-des-champs.com\/wp-content\/uploads\/2024\/10\/photo-40-1920-420x420.jpg\" media=\"(max-width: 210px)\"><source srcset=\"https:\/\/www.le-hameau-des-champs.com\/wp-content\/uploads\/2024\/10\/photo-40-1920-850x638.jpg\" media=\"(max-width: 420px)\"><source srcset=\"https:\/\/www.le-hameau-des-champs.com\/wp-content\/uploads\/2024\/10\/photo-40-1920-768x576.jpg\" media=\"(max-width: 850px)\"><source srcset=\"https:\/\/www.le-hameau-des-champs.com\/wp-content\/uploads\/2024\/10\/photo-40-1920-1024x768.jpg\" media=\"(max-width: 1024px)\"><source srcset=\"https:\/\/www.le-hameau-des-champs.com\/wp-content\/uploads\/2024\/10\/photo-40-1920.jpg\" media=\"(min-width: 1025px)\"><img loading=\"lazy\" decoding=\"async\" src=\"https:\/\/www.le-hameau-des-champs.com\/wp-content\/uploads\/2024\/10\/photo-40-1920-420x420.jpg\" width=\"420\" height=\"210\" alt=\"\" title=\"\"><\/picture><\/figure><\/div><div class=\"diaporama-header__inner\"><h1>Typischer Aufenthalt in Burgund<\/h1><\/div><\/div>\n\n<p class=\"\"  id=\"73\" >Bei unserem <strong>typischen Aufenthalt<\/strong> auf dem <a href=\"https:\/\/www.le-hameau-des-champs.com\/de\/\" data-type=\"page\" data-id=\"73\">Campingplatz<\/a> Le <strong>Hameau des Champs<\/strong> in der N\u00e4he von Cluny beginnt der Urlaub mit der Anreise am Sonntag. Nat\u00fcrlich ist es Ihnen \u00fcberlassen, an welchem Tag Sie anreisen m\u00f6chten.<\/p>\n\n<div class=\"columns reverse-mob\"><div class=\"columns__item\"><figure><picture><source srcset=\"https:\/\/www.le-hameau-des-champs.com\/wp-content\/uploads\/2024\/10\/photo-6-1-420x420.jpg.webp\" media=\"(max-width: 210px)\"><source srcset=\"https:\/\/www.le-hameau-des-champs.com\/wp-content\/uploads\/2024\/10\/photo-6-1-850x525.jpg.webp\" media=\"(max-width: 420px)\"><source srcset=\"https:\/\/www.le-hameau-des-champs.com\/wp-content\/uploads\/2024\/10\/photo-6-1-768x474.jpg.webp\" media=\"(max-width: 850px)\"><source srcset=\"https:\/\/www.le-hameau-des-champs.com\/wp-content\/uploads\/2024\/10\/photo-6-1.jpg.webp\" media=\"(max-width: 1024px)\"><source srcset=\"https:\/\/www.le-hameau-des-champs.com\/wp-content\/uploads\/2024\/10\/photo-6-1.jpg.webp\" media=\"(min-width: 1025px)\"><img decoding=\"async\" src=\"https:\/\/www.le-hameau-des-champs.com\/wp-content\/uploads\/2024\/10\/photo-6-1-420x420.jpg.webp\" width=\"420\" height=\"210\" loading=\"lazy\" alt=\"\" title=\"\"><\/picture><\/figure><\/div><div class=\"columns__item\"><h2 id=\"jour-2-lundi-decouverte-de-cormatin\">Tag 1, Sonntag: Erkundung des Campingplatzes<\/h2><p class=\"\"  id=\"https:\/\/www.le-hameau-des-champs.com\/de\/vermietungen\/\" >Der Tag auf dem Campingplatz beginnt mit der Ankunft um 15.00 Uhr und der Besichtigung <a href=\"https:\/\/www.le-hameau-des-champs.com\/de\/vermietungen\/\" data-type=\"link\" data-id=\"https:\/\/www.le-hameau-des-champs.com\/de\/vermietungen\/\">Ihrer Unterkunft<\/a> oder Ihres Stellplatzes. Nach dem Einrichten gibt es nichts Besseres als einen Sprung in den <strong>Pool, um sich zu erfrischen<\/strong> und in<strong>Urlaubsstimmung<\/strong> zu kommen.<\/p><p class=\"\"   >Dann geht es weiter mit <strong>speziellen Campingaktivit\u00e4ten<\/strong>! Ob eine Partie Boule, Tischtennis oder Basketball in der Sonne, jeder kommt auf seine Kosten.<\/p><p class=\"\"   >Der Abend verspricht ein geselliges Beisammensein mit einem <strong>Aperitif auf der Terrasse<\/strong>. Es folgt ein gutes Essen, um den Appetit nach einem anstrengenden Tag zu stillen. <\/p><\/div><\/div>\n\n<div class=\"columns has-fond-background-color has-background\" style=\"background-color:var(--fond);\"><div class=\"columns__item\"><h2 id=\"jour-2-lundi-decouverte-de-cormatin\">2. Tag, Montag: Entdeckung von Cormatin<\/h2><p class=\"\"   >Nach einem reichhaltigen Fr\u00fchst\u00fcck beginnt der Tag mit einem <strong>Spaziergang durch das Dorf Cormatin<\/strong>. Sie haben die Gelegenheit, die verschiedenen Gesch\u00e4fte der Gemeinde und der Umgebung zu erkunden. <\/p><p class=\"\"   >Am fr\u00fchen Nachmittag geht das Abenteuer weiter mit einem <strong>Besuch der Galerie Artisanale et Gourmande<\/strong>, die auf 800m\u00b2 Aussteller versammelt. Sie werden durch die St\u00e4nde schlendern, in das lokale Kunsthandwerk eintauchen und die K\u00f6stlichkeiten der lokalen Gastronomie genie\u00dfen. <\/p><p class=\"\"  id=\"https:\/\/www.le-hameau-des-champs.com\/de\/alentours\/schloss-cormatin\/\" >Danach k\u00f6nnen Sie das <a href=\"https:\/\/www.le-hameau-des-champs.com\/de\/alentours\/schloss-cormatin\/\" data-type=\"link\" data-id=\"https:\/\/www.le-hameau-des-champs.com\/de\/alentours\/schloss-cormatin\/\">Schloss erkunden, das majest\u00e4tisch in der N\u00e4he thront<\/a>. Erforschen Sie die reichen Geschichten, die in seinen Mauern stecken und machen Sie einen Spaziergang durch die gepflegten G\u00e4rten, <strong>die einen atemberaubenden Ausblick bieten<\/strong>.<\/p><\/div><div class=\"columns__item\"><figure><picture><source srcset=\"https:\/\/www.le-hameau-des-champs.com\/wp-content\/uploads\/2024\/10\/chateau-cormatin-bourgogne-1-420x420.jpg.webp\" media=\"(max-width: 210px)\"><source srcset=\"https:\/\/www.le-hameau-des-champs.com\/wp-content\/uploads\/2024\/10\/chateau-cormatin-bourgogne-1.jpg.webp\" media=\"(max-width: 420px)\"><source srcset=\"https:\/\/www.le-hameau-des-champs.com\/wp-content\/uploads\/2024\/10\/chateau-cormatin-bourgogne-1.jpg.webp\" media=\"(max-width: 850px)\"><source srcset=\"https:\/\/www.le-hameau-des-champs.com\/wp-content\/uploads\/2024\/10\/chateau-cormatin-bourgogne-1.jpg.webp\" media=\"(max-width: 1024px)\"><source srcset=\"https:\/\/www.le-hameau-des-champs.com\/wp-content\/uploads\/2024\/10\/chateau-cormatin-bourgogne-1.jpg.webp\" media=\"(min-width: 1025px)\"><img decoding=\"async\" src=\"https:\/\/www.le-hameau-des-champs.com\/wp-content\/uploads\/2024\/10\/chateau-cormatin-bourgogne-1-420x420.jpg.webp\" width=\"420\" height=\"210\" loading=\"lazy\" alt=\"\" title=\"\"><\/picture><\/figure><\/div><\/div>\n\n<div class=\"columns reverse-mob\"><div class=\"columns__item\"><figure><picture><source srcset=\"https:\/\/www.le-hameau-des-champs.com\/wp-content\/uploads\/2024\/10\/photo-48-420x420.jpg.webp\" media=\"(max-width: 210px)\"><source srcset=\"https:\/\/www.le-hameau-des-champs.com\/wp-content\/uploads\/2024\/10\/photo-48-850x638.jpg.webp\" media=\"(max-width: 420px)\"><source srcset=\"https:\/\/www.le-hameau-des-champs.com\/wp-content\/uploads\/2024\/10\/photo-48-768x576.jpg.webp\" media=\"(max-width: 850px)\"><source srcset=\"https:\/\/www.le-hameau-des-champs.com\/wp-content\/uploads\/2024\/10\/photo-48.jpg.webp\" media=\"(max-width: 1024px)\"><source srcset=\"https:\/\/www.le-hameau-des-champs.com\/wp-content\/uploads\/2024\/10\/photo-48.jpg.webp\" media=\"(min-width: 1025px)\"><img decoding=\"async\" src=\"https:\/\/www.le-hameau-des-champs.com\/wp-content\/uploads\/2024\/10\/photo-48-420x420.jpg.webp\" width=\"420\" height=\"210\" loading=\"lazy\" alt=\"\" title=\"\"><\/picture><\/figure><\/div><div class=\"columns__item\"><h2 id=\"jour-2-lundi-decouverte-de-cormatin\">3. Tag, Dienstag: Entdeckung der Weinberge<\/h2><p class=\"\"   >Beginnen Sie Ihren Tag mit einer <strong>Fahrt in die Region M\u00e2connais<\/strong>, die nur 20 Minuten vom Campingplatz entfernt ist.<\/p><p class=\"\"   ><strong>Fahren Sie nach Lugny<\/strong>, wo Sie ein einzigartiges Abenteuer erwartet.<\/p><p class=\"\"   >Nach Ihrer Ankunft werden Sie eine unvergessliche Erfahrung machen, indem Sie mit einem elektrischen Roller durch die Weinberge fahren und eine Weinprobe <strong>inmitten dieser bezaubernden Weinlandschaft<\/strong> genie\u00dfen.<\/p><div class=\"lireplus fc-mob\"><p class=\"\"   >Lesen Sie mehr<\/p><div class=\"group\"><p class=\"\"   >Der <strong>Besuch der \u00f6rtlichen Weinkellereien<\/strong> verleiht diesem Ausflug eine authentische Note und erm\u00f6glicht es Weinliebhabern, die Geheimnisse der Weinherstellung zu entdecken.<\/p><p class=\"\"   >F\u00fcr Familien mit kleinen Entdeckern ist der <strong>Hameau Duboeuf<\/strong> eine bezaubernde Option.<\/p><p class=\"\"   >In der N\u00e4he befindet sich der erste <strong>30.000 m\u00b2 gro\u00dfe Themenpark, der den Reben und dem Wein gewidmet<\/strong> ist. Mit 5000 m\u00b2 G\u00e4rten und Weinbergen, die es zu erkunden gilt, k\u00f6nnen die Kleinsten in ein lehrreiches und unterhaltsames Abenteuer eintauchen und die Geheimnisse der Weinwelt auf spielerische und interaktive Weise entdecken. <\/p><\/div><\/div><\/div><\/div>\n\n<div class=\"columns has-fond-background-color has-background\" style=\"background-color:var(--fond);\"><div class=\"columns__item\"><h2 id=\"profitez-du-camping-a-cluny-avec-piscine-1\">4. Tag, Mittwoch: Wanderung und Schl\u00f6ssertour<\/h2><p class=\"\"   >Der Morgen beginnt mit einer spannenden Reise durch die Region.<\/p><p class=\"\"   >So haben Sie die M\u00f6glichkeit, <strong>Berz\u00e9-le-Ch\u00e2tel mit seiner beeindruckenden Festung zu besuchen<\/strong>, in die Geschichte dieses Dorfes einzutauchen und dabei einen Panoramablick zu genie\u00dfen.<\/p><p class=\"\"   >Dann geht es weiter nach <strong>Pierreclos, das inmitten von Weinbergen<\/strong> liegt und Ihnen ein typisches Erlebnis inmitten von Weinlandschaften bietet.<\/p><p class=\"\"   >Der Vormittag endet in <strong>Saint-Point, wo das majest\u00e4tische Schloss des Dichters Lamartine Sie<\/strong> zu einer Reise in die Vergangenheit <strong>erwartet<\/strong>.<\/p><div class=\"lireplus fc-mob\"><p class=\"\"   >Lesen Sie mehr<\/p><div class=\"group\"><p class=\"\"   >Am Nachmittag geht das Abenteuer mit einer epischen Wanderung und der<strong>Besteigung des Roche de Solutr\u00e9<\/strong> weiter.<\/p><p class=\"\"   >Outdoor-Fans k\u00f6nnen die nahegelegene Natur genie\u00dfen und die frische Luft einatmen, w\u00e4hrend sie die Wanderwege zum Gipfel erklimmen.<\/p><p class=\"\"   >Die Belohnung ist eine <strong>atemberaubende Aussicht<\/strong>, die einen spektakul\u00e4ren <strong>Blick<\/strong> auf die Umgebung bietet.<\/p><\/div><\/div><\/div><div class=\"columns__item\"><figure class=\"height-adapt\"><picture><source srcset=\"https:\/\/www.le-hameau-des-champs.com\/wp-content\/uploads\/2024\/10\/photo-44-420x420.jpg.webp\" media=\"(max-width: 210px)\"><source srcset=\"https:\/\/www.le-hameau-des-champs.com\/wp-content\/uploads\/2024\/10\/photo-44-850x567.jpg.webp\" media=\"(max-width: 420px)\"><source srcset=\"https:\/\/www.le-hameau-des-champs.com\/wp-content\/uploads\/2024\/10\/photo-44-768x512.jpg.webp\" media=\"(max-width: 850px)\"><source srcset=\"https:\/\/www.le-hameau-des-champs.com\/wp-content\/uploads\/2024\/10\/photo-44-1024x683.jpg.webp\" media=\"(max-width: 1024px)\"><source srcset=\"https:\/\/www.le-hameau-des-champs.com\/wp-content\/uploads\/2024\/10\/photo-44.jpg.webp\" media=\"(min-width: 1025px)\"><img decoding=\"async\" src=\"https:\/\/www.le-hameau-des-champs.com\/wp-content\/uploads\/2024\/10\/photo-44-420x420.jpg.webp\" width=\"420\" height=\"210\" alt=\"Roche de Solutr\u00e9 au premier plan et Vergisson au second plan\" loading=\"lazy\" title=\"\"><\/picture><\/figure><\/div><\/div>\n\n<div class=\"columns reverse-mob\"><div class=\"columns__item\"><figure class=\"height-adapt\"><picture><source srcset=\"https:\/\/www.le-hameau-des-champs.com\/wp-content\/uploads\/2024\/10\/velo-2-420x420.jpg.webp\" media=\"(max-width: 210px)\"><source srcset=\"https:\/\/www.le-hameau-des-champs.com\/wp-content\/uploads\/2024\/10\/velo-2-850x842.jpg.webp\" media=\"(max-width: 420px)\"><source srcset=\"https:\/\/www.le-hameau-des-champs.com\/wp-content\/uploads\/2024\/10\/velo-2-768x761.jpg.webp\" media=\"(max-width: 850px)\"><source srcset=\"https:\/\/www.le-hameau-des-champs.com\/wp-content\/uploads\/2024\/10\/velo-2.jpg.webp\" media=\"(max-width: 1024px)\"><source srcset=\"https:\/\/www.le-hameau-des-champs.com\/wp-content\/uploads\/2024\/10\/velo-2.jpg.webp\" media=\"(min-width: 1025px)\"><img decoding=\"async\" src=\"https:\/\/www.le-hameau-des-champs.com\/wp-content\/uploads\/2024\/10\/velo-2-420x420.jpg.webp\" width=\"420\" height=\"210\" loading=\"lazy\" alt=\"\" title=\"\"><\/picture><\/figure><\/div><div class=\"columns__item\"><h2 id=\"jour-6-vendredi-au-frais-dans-les-bois-et-grottes\">5. Tag, Donnerstag: Spaziergang auf dem Gr\u00fcnen Weg<\/h2><p class=\"\"   >F\u00fcr einen erholsamen Tag auf dem Campingplatz beginnen Sie den Morgen mit einem <strong>Spaziergang auf dem gr\u00fcnen Weg in Richtung Chalon-sur-Sa\u00f4ne<\/strong>.<\/p><p class=\"\"   >Die Fahrt entlang des <strong>Flusses Grosne<\/strong> bietet ein ruhiges Erlebnis, und wenn Sie den <strong>Weinbergen des Chalonnais<\/strong> in Richtung <strong>Buxy<\/strong> folgen, k\u00f6nnen sich Naturliebhaber an den malerischen Weinlandschaften erfreuen, die sie umgeben.<\/p><p class=\"\"  id=\"https:\/\/www.le-hameau-des-champs.com\/de\/swimmingpool\/\" >Am Nachmittag k\u00f6nnen Sie sich <a href=\"https:\/\/www.le-hameau-des-champs.com\/de\/swimmingpool\/\" data-type=\"link\" data-id=\"https:\/\/www.le-hameau-des-champs.com\/de\/swimmingpool\/\">am Pool entspannen<\/a>.<\/p><div class=\"lireplus fc-mob\"><p class=\"\"   >Lesen Sie mehr<\/p><div class=\"group\"><p class=\"\"   >Faulenzen Sie in der Sonne, schwimmen Sie und <strong>genie\u00dfen Sie die geselligen Momente bei einem Aperitif<\/strong> mit einem guten Cocktail. F\u00fcr den Gaumen gibt es leckere Waffeln. <\/p><p class=\"\"   >Dies ist die ideale Gelegenheit, sich von den Anstrengungen des Morgenspaziergangs zu erholen.<\/p><\/div><\/div><\/div><\/div>\n\n<div class=\"columns has-fond-background-color has-background\" style=\"background-color:var(--fond);\"><div class=\"columns__item\"><h2 id=\"jour-6-vendredi-au-frais-dans-les-bois-et-grottes\">6. Tag, Freitag: K\u00fchl in den W\u00e4ldern und H\u00f6hlen<\/h2><p class=\"\"   >Es gibt nichts Besseres als eine <strong>erfrischende Wanderung durch den Wald<\/strong> an hei\u00dfen Tagen, bei der Sie <strong>die<\/strong> M\u00f6glichkeit haben, <strong>die Vielfalt der burgundischen Tierwelt zu entdecken<\/strong>. Vogelgesang, Rehe und Eichh\u00f6rnchen verleihen diesem Abenteuer <strong>im Wald von Chapaize<\/strong> eine magische Note. <\/p><p class=\"\"   >Der Nachmittag bringt Sie unter die Erde mit dem <strong>Besuch der H\u00f6hlen von Blanot<\/strong> und Az\u00e9.<\/p><p class=\"\"   >Diese pr\u00e4historischen Naturkulissen enth\u00fcllen <strong>faszinierende geologische Wunder<\/strong>, w\u00e4hrend die erhaltenen Skelette der Erkundung eine mystische Dimension verleihen. Dieser unterirdische Ausflug bietet einen Einblick <strong>in die pr\u00e4historische Vergangenheit Burgunds<\/strong>. <\/p><\/div><div class=\"columns__item\"><figure class=\"height-adapt\"><picture><source srcset=\"https:\/\/www.le-hameau-des-champs.com\/wp-content\/uploads\/2024\/10\/Rectangle-49-420x420.jpg.webp\" media=\"(max-width: 210px)\"><source srcset=\"https:\/\/www.le-hameau-des-champs.com\/wp-content\/uploads\/2024\/10\/Rectangle-49-850x418.jpg.webp\" media=\"(max-width: 420px)\"><source srcset=\"https:\/\/www.le-hameau-des-champs.com\/wp-content\/uploads\/2024\/10\/Rectangle-49-768x378.jpg.webp\" media=\"(max-width: 850px)\"><source srcset=\"https:\/\/www.le-hameau-des-champs.com\/wp-content\/uploads\/2024\/10\/Rectangle-49-1024x504.jpg.webp\" media=\"(max-width: 1024px)\"><source srcset=\"https:\/\/www.le-hameau-des-champs.com\/wp-content\/uploads\/2024\/10\/Rectangle-49.jpg.webp\" media=\"(min-width: 1025px)\"><img decoding=\"async\" src=\"https:\/\/www.le-hameau-des-champs.com\/wp-content\/uploads\/2024\/10\/Rectangle-49-420x420.jpg.webp\" width=\"420\" height=\"210\" loading=\"lazy\" alt=\"\" title=\"\"><\/picture><\/figure><\/div><\/div>\n\n<h2 id=\"jour-7-samedi-jour-de-marche-a-cluny\" style=\"text-align: center;\">7. Tag, Samstag: Markttag in Cluny<\/h2>\n\n<div class=\"columns\"><div class=\"columns__item\"><p class=\"\"   >Da sich das Ende der Ferien abzeichnet, ist eine letzte Flucht zum <strong>Markt von Cluny<\/strong> geplant, der \u00fcber den gr\u00fcnen Weg in 40 Minuten mit dem Fahrrad erreichbar ist.<\/p><p class=\"\"   ><strong>Dieser Markt ist ein Muss in der Region<\/strong> und bietet Ihnen die M\u00f6glichkeit, in die pulsierende Atmosph\u00e4re dieses mittelalterlichen Dorfes einzutauchen. Schlendern Sie durch die malerischen Gassen, bewundern Sie die Architektur, st\u00f6bern Sie durch die Gesch\u00e4fte und erholen Sie sich in den gr\u00fcnen Parks. <\/p><p class=\"\"   >Der <strong>Besuch der Abtei und des K\u00e4seturms<\/strong> runden den Kulturtag <strong>ab<\/strong>.<\/p><p class=\"\"   >Zur\u00fcck auf dem Campingplatz k\u00f6nnen Sie einen letzten erfrischenden Sprung in den Pool machen, um den Urlaub zu beenden.<\/p><p class=\"\"   >W\u00e4hrend sich der Tag dem Ende zuneigt, wird \u00fcber das aufregende Projekt einer Ballonfahrt im n\u00e4chsten Jahr gesprochen!<\/p><\/div><div class=\"columns__item\"><h3 id=\"options-pour-les-plus-jeunes\">Optionen f\u00fcr j\u00fcngere Kinder :<\/h3><ul><li><strong>Besuch der Ziegenfarm La Truffi\u00e8re<\/strong>: Ein spannender Besuch in der Ziegenfarm La Truffi\u00e8re, wo die ganze Familie in die charmante Welt der Ziegenzucht eintauchen und mehr \u00fcber die lokale K\u00e4seproduktion erfahren kann.\n<\/li><li>Ponyreiten oder Reiten: Lassen Sie sich auf ein Abenteuer ein, mit der M\u00f6glichkeit eines Pony- oder Reiterausfluges. Pferdeliebhaber k\u00f6nnen die Umgebung auf spielerische Weise erkunden. \n<\/li><li><strong>Touroparc<\/strong>: Ein Komplex, der Vergn\u00fcgungspark, Zoo und Wasserspiele miteinander verbindet. Die verschiedenen Attraktionen sorgen f\u00fcr spannende Erlebnisse, w\u00e4hrend der Zoobereich zur Erkundung einer fesselnden Tierwelt einl\u00e4dt. Die Wasserspiele sorgen f\u00fcr eine erfrischende Note und sind ideal, um die hei\u00dfen Sommertage zu \u00fcberstehen.  \n<\/li><li><a href=\"http:\/\/www.lab71.fr\/\" rel=\"noopener\">LAB 71<\/a>: Interaktive und p\u00e4dagogische Erfahrungen f\u00fcr alle Altersgruppen werden in dieser Einrichtung f\u00fcr junge Leute angeboten, die vom Departement Sa\u00f4ne-et-Loire eingerichtet wurde.\n<\/li><\/ul><\/div><\/div>","protected":false},"excerpt":{"rendered":"<p>Typischer Aufenthalt in Burgund Bei unserem typischen Aufenthalt auf dem Campingplatz Le Hameau des Champs in der N\u00e4he von Cluny beginnt der Urlaub mit der Anreise am Sonntag. Nat\u00fcrlich ist es Ihnen \u00fcberlassen, an welchem Tag Sie anreisen m\u00f6chten. Tag 1, Sonntag: Erkundung des Campingplatzes Der Tag auf dem Campingplatz beginnt mit der Ankunft um [&hellip;]<\/p>\n","protected":false},"author":1,"featured_media":0,"parent":0,"menu_order":0,"comment_status":"closed","ping_status":"closed","template":"","meta":{"_acf_changed":false,"footnotes":""},"acf":[],"_links":{"self":[{"href":"https:\/\/www.le-hameau-des-champs.com\/de\/wp-json\/wp\/v2\/pages\/1287"}],"collection":[{"href":"https:\/\/www.le-hameau-des-champs.com\/de\/wp-json\/wp\/v2\/pages"}],"about":[{"href":"https:\/\/www.le-hameau-des-champs.com\/de\/wp-json\/wp\/v2\/types\/page"}],"author":[{"embeddable":true,"href":"https:\/\/www.le-hameau-des-champs.com\/de\/wp-json\/wp\/v2\/users\/1"}],"replies":[{"embeddable":true,"href":"https:\/\/www.le-hameau-des-champs.com\/de\/wp-json\/wp\/v2\/comments?post=1287"}],"version-history":[{"count":3,"href":"https:\/\/www.le-hameau-des-champs.com\/de\/wp-json\/wp\/v2\/pages\/1287\/revisions"}],"predecessor-version":[{"id":1527,"href":"https:\/\/www.le-hameau-des-champs.com\/de\/wp-json\/wp\/v2\/pages\/1287\/revisions\/1527"}],"wp:attachment":[{"href":"https:\/\/www.le-hameau-des-champs.com\/de\/wp-json\/wp\/v2\/media?parent=1287"}],"curies":[{"name":"wp","href":"https:\/\/api.w.org\/{rel}","templated":true}]}}