{"id":1289,"date":"2024-10-25T16:29:42","date_gmt":"2024-10-25T14:29:42","guid":{"rendered":"https:\/\/www.le-hameau-des-champs.com\/emplacements-velos-randos-cormatin\/"},"modified":"2025-11-17T12:25:03","modified_gmt":"2025-11-17T11:25:03","slug":"standorte-velos-randos-cormatin","status":"publish","type":"page","link":"https:\/\/www.le-hameau-des-champs.com\/de\/standorte-velos-randos-cormatin\/","title":{"rendered":"Fahrrad-\/Randostellpl\u00e4tze"},"content":{"rendered":"<div class=\"diaporama-header align-full\"><div class=\"gallery\"><figure class=\"gallery__item\"><picture><source srcset=\"https:\/\/www.le-hameau-des-champs.com\/wp-content\/uploads\/2024\/10\/photo-5-420x420.webp\" media=\"(max-width: 210px)\"><source srcset=\"https:\/\/www.le-hameau-des-champs.com\/wp-content\/uploads\/2024\/10\/photo-5-850x638.webp\" media=\"(max-width: 420px)\"><source srcset=\"https:\/\/www.le-hameau-des-champs.com\/wp-content\/uploads\/2024\/10\/photo-5-768x576.webp\" media=\"(max-width: 850px)\"><source srcset=\"https:\/\/www.le-hameau-des-champs.com\/wp-content\/uploads\/2024\/10\/photo-5-1024x768.webp\" media=\"(max-width: 1024px)\"><source srcset=\"https:\/\/www.le-hameau-des-champs.com\/wp-content\/uploads\/2024\/10\/photo-5.webp\" media=\"(min-width: 1025px)\"><img loading=\"lazy\" decoding=\"async\" src=\"https:\/\/www.le-hameau-des-champs.com\/wp-content\/uploads\/2024\/10\/photo-5-420x420.webp\" width=\"420\" height=\"210\" alt=\"\" title=\"\"><\/picture><\/figure><\/div><div class=\"diaporama-header__inner\"><h1>Fahrrad-\/Randostellpl\u00e4tze<\/h1><\/div><\/div>\n\n<div class=\"columns reverse-mob\"><div class=\"columns__item\"><div class=\"gallery height-adapt f-carousel fc-diapo\" data-fancybox=\"gallery\"><figure class=\"gallery__item\"><picture><source srcset=\"https:\/\/www.le-hameau-des-champs.com\/wp-content\/uploads\/2024\/10\/photo-35-1200-420x420.jpg.webp\" media=\"(max-width: 210px)\"><source srcset=\"https:\/\/www.le-hameau-des-champs.com\/wp-content\/uploads\/2024\/10\/photo-35-1200-850x637.jpg.webp\" media=\"(max-width: 420px)\"><source srcset=\"https:\/\/www.le-hameau-des-champs.com\/wp-content\/uploads\/2024\/10\/photo-35-1200-768x576.jpg.webp\" media=\"(max-width: 850px)\"><source srcset=\"https:\/\/www.le-hameau-des-champs.com\/wp-content\/uploads\/2024\/10\/photo-35-1200-1024x768.jpg.webp\" media=\"(max-width: 1024px)\"><source srcset=\"https:\/\/www.le-hameau-des-champs.com\/wp-content\/uploads\/2024\/10\/photo-35-1200.jpg.webp\" media=\"(min-width: 1025px)\"><img decoding=\"async\" src=\"https:\/\/www.le-hameau-des-champs.com\/wp-content\/uploads\/2024\/10\/photo-35-1200-420x420.jpg.webp\" width=\"420\" height=\"210\" loading=\"lazy\" alt=\"\" title=\"\"><\/picture><\/figure><figure class=\"gallery__item\"><picture><source srcset=\"https:\/\/www.le-hameau-des-champs.com\/wp-content\/uploads\/2024\/10\/photo-19-420x420.jpg.webp\" media=\"(max-width: 210px)\"><source srcset=\"https:\/\/www.le-hameau-des-champs.com\/wp-content\/uploads\/2024\/10\/photo-19.jpg.webp\" media=\"(max-width: 420px)\"><source srcset=\"https:\/\/www.le-hameau-des-champs.com\/wp-content\/uploads\/2024\/10\/photo-19.jpg.webp\" media=\"(max-width: 850px)\"><source srcset=\"https:\/\/www.le-hameau-des-champs.com\/wp-content\/uploads\/2024\/10\/photo-19.jpg.webp\" media=\"(max-width: 1024px)\"><source srcset=\"https:\/\/www.le-hameau-des-champs.com\/wp-content\/uploads\/2024\/10\/photo-19.jpg.webp\" media=\"(min-width: 1025px)\"><img decoding=\"async\" src=\"https:\/\/www.le-hameau-des-champs.com\/wp-content\/uploads\/2024\/10\/photo-19-420x420.jpg.webp\" width=\"420\" height=\"210\" loading=\"lazy\" alt=\"\" title=\"\"><\/picture><\/figure><\/div><\/div><div class=\"columns__item\"><div class=\"buttons\"><span class=\"buttons__btn btn-resa-id-127211\">Siehe die Verf\u00fcgbarkeit<\/span><\/div><p class=\"\"  id=\"73\" >Auf dem <a href=\"https:\/\/www.le-hameau-des-champs.com\/de\/\" data-type=\"page\" data-id=\"73\">Campingplatz Le Hameau des Champs in Cormatin<\/a> sind unsere Stellpl\u00e4tze mit Strom (10A) und Wasser in der N\u00e4he ausgestattet und haben eine Fl\u00e4che von ca. 80m\u00b2.<\/p><p class=\"\"   >Sie sind auf 1,5 ha verteilt, um einen ruhigen Aufenthalt inmitten der Natur im Herzen von <strong>S\u00fcdburgund<\/strong> zu genie\u00dfen.<\/p><p class=\"\"   >Die Stellpl\u00e4tze sind eher schattig. Wenn Sie die Sonne bevorzugen, teilen Sie uns dies bitte bei Ihrer Buchung mit. Wir werden unser Bestes tun!  <\/p><p class=\"\"   >Es gibt St\u00e4nder, um Ihre Fahrr\u00e4der abzustellen und zu sichern.<\/p><p class=\"\"   >Bei Regen steht Ihnen die Jurte zur Verf\u00fcgung. Es handelt sich um einen Gemeinschaftsraum mit Tischen und St\u00fchlen, in dem Sie gesch\u00fctzt essen und einen geselligen Moment verbringen k\u00f6nnen. <\/p><div class=\"lireplus fc-mob\"><p class=\"\"   >Lesen Sie mehr<\/p><div class=\"group\"><p class=\"\"   >Ein Gefrierschrank f\u00fcr Eisbl\u00f6cke steht Ihnen kostenlos zur Verf\u00fcgung.<\/p><p class=\"\"   >Es ist auch m\u00f6glich, einen Top-K\u00fchlschrank zu mieten, den Sie auf Ihrem Stellplatz (im Schutz eines Zeltes) aufstellen k\u00f6nnen, sowie Planchas, Pierrades und Raclettes!<\/p><p class=\"\"   >Die Sanit\u00e4ranlagen wurden in den Jahren 2024 und 2025 vollst\u00e4ndig renoviert: ger\u00e4umig und komfortabel, wir achten sehr auf Sauberkeit. Sie verf\u00fcgen \u00fcber einen Babybereich mit Badewanne und Wickeltisch, eine Waschmaschine und einen Trockner. <\/p><\/div><\/div><\/div><\/div>\n\n<div class=\"columns\"><div class=\"columns__item has-fond-background-color has-background\" style=\"background-color:var(--fond);\"><p class=\"encart\"   >Die +<\/p><ul><li>Ruhig, famili\u00e4re Atmosph\u00e4re\n<\/li><li>Renovierte und ger\u00e4umige Sanit\u00e4ranlagen\n<\/li><li>Jurte zur Verf\u00fcgung mit Tischen und St\u00fchlen\n<\/li><li>Swimmingpool und Planschbecken\n<\/li><li>Babybereich\n<\/li><\/ul><\/div><div class=\"columns__item\"><p class=\"encart\"   >Infos<\/p><p class=\" has-orange-color \" style=\"color: var(--orange);\"  >Der Empfang ist von 8.00 bis 12.00 Uhr und von 15.00 bis 19.00 Uhr ge\u00f6ffnet. Um die Ruhe zu bewahren, k\u00f6nnen Sie sich zwischen 12.00 und 15.00 Uhr nicht einrichten. <\/p><p class=\"\"   >Wir nehmen keine Reservierungen per E-Mail oder Telefon entgegen. Buchungen werden direkt auf dieser Website ohne zus\u00e4tzliche Kosten vorgenommen. <\/p><\/div><\/div>\n\n<div class=\"columns\"><div class=\"columns__item\"><p class=\"\"   ><strong>Stornieren Sie Ihren Aufenthalt<\/strong><\/p><p class=\"\"   >Bei der Buchung Ihres Aufenthalts haben Sie zwei Tarifoptionen zur Auswahl:<\/p><ul><li>Nicht erstattungsf\u00e4hig, nicht stornierbar, nicht \u00e4nderbar\n<\/li><li>Flex-Tarif: stornierbar, \u00e4nderbar und erstattungsf\u00e4hig bis zu 2 Tage vor Ihrer Ankunft\n<\/li><\/ul><\/div><div class=\"columns__item\"><p class=\"\"   ><strong>Zahlungsmethoden<\/strong><\/p><div class=\"gallery logo-paiement col-5\"><figure class=\"gallery__item\"><picture><source srcset=\"https:\/\/www.le-hameau-des-champs.com\/wp-content\/uploads\/2024\/10\/moyens-paiement.png-420x312.webp\" media=\"(max-width: 210px)\"><source srcset=\"https:\/\/www.le-hameau-des-champs.com\/wp-content\/uploads\/2024\/10\/moyens-paiement.png.webp\" media=\"(max-width: 420px)\"><source srcset=\"https:\/\/www.le-hameau-des-champs.com\/wp-content\/uploads\/2024\/10\/moyens-paiement.png.webp\" media=\"(max-width: 850px)\"><source srcset=\"https:\/\/www.le-hameau-des-champs.com\/wp-content\/uploads\/2024\/10\/moyens-paiement.png.webp\" media=\"(max-width: 1024px)\"><source srcset=\"https:\/\/www.le-hameau-des-champs.com\/wp-content\/uploads\/2024\/10\/moyens-paiement.png.webp\" media=\"(min-width: 1025px)\"><img decoding=\"async\" src=\"https:\/\/www.le-hameau-des-champs.com\/wp-content\/uploads\/2024\/10\/moyens-paiement.png-420x312.webp\" width=\"420\" height=\"210\" loading=\"lazy\" alt=\"\" title=\"\"><\/picture><\/figure><figure class=\"gallery__item\"><picture><source srcset=\"https:\/\/www.le-hameau-des-champs.com\/wp-content\/uploads\/2024\/10\/webp-logo-ancv.webp\" media=\"(max-width: 210px)\"><source srcset=\"https:\/\/www.le-hameau-des-champs.com\/wp-content\/uploads\/2024\/10\/webp-logo-ancv.webp\" media=\"(max-width: 420px)\"><source srcset=\"https:\/\/www.le-hameau-des-champs.com\/wp-content\/uploads\/2024\/10\/webp-logo-ancv.webp\" media=\"(max-width: 850px)\"><source srcset=\"https:\/\/www.le-hameau-des-champs.com\/wp-content\/uploads\/2024\/10\/webp-logo-ancv.webp\" media=\"(max-width: 1024px)\"><source srcset=\"https:\/\/www.le-hameau-des-champs.com\/wp-content\/uploads\/2024\/10\/webp-logo-ancv.webp\" media=\"(min-width: 1025px)\"><img decoding=\"async\" src=\"https:\/\/www.le-hameau-des-champs.com\/wp-content\/uploads\/2024\/10\/webp-logo-ancv.webp\" width=\"420\" height=\"210\" loading=\"lazy\" alt=\"\" title=\"\"><\/picture><\/figure><figure class=\"gallery__item\"><picture><source srcset=\"https:\/\/www.le-hameau-des-champs.com\/wp-content\/uploads\/2024\/10\/cheque.png.webp\" media=\"(max-width: 210px)\"><source srcset=\"https:\/\/www.le-hameau-des-champs.com\/wp-content\/uploads\/2024\/10\/cheque.png.webp\" media=\"(max-width: 420px)\"><source srcset=\"https:\/\/www.le-hameau-des-champs.com\/wp-content\/uploads\/2024\/10\/cheque.png.webp\" media=\"(max-width: 850px)\"><source srcset=\"https:\/\/www.le-hameau-des-champs.com\/wp-content\/uploads\/2024\/10\/cheque.png.webp\" media=\"(max-width: 1024px)\"><source srcset=\"https:\/\/www.le-hameau-des-champs.com\/wp-content\/uploads\/2024\/10\/cheque.png.webp\" media=\"(min-width: 1025px)\"><img decoding=\"async\" src=\"https:\/\/www.le-hameau-des-champs.com\/wp-content\/uploads\/2024\/10\/cheque.png.webp\" width=\"420\" height=\"210\" loading=\"lazy\" alt=\"\" title=\"\"><\/picture><\/figure><figure class=\"gallery__item\"><picture><source srcset=\"https:\/\/www.le-hameau-des-champs.com\/wp-content\/uploads\/2024\/10\/webp-logo-ideal-150x150-1.webp\" media=\"(max-width: 210px)\"><source srcset=\"https:\/\/www.le-hameau-des-champs.com\/wp-content\/uploads\/2024\/10\/webp-logo-ideal-150x150-1.webp\" media=\"(max-width: 420px)\"><source srcset=\"https:\/\/www.le-hameau-des-champs.com\/wp-content\/uploads\/2024\/10\/webp-logo-ideal-150x150-1.webp\" media=\"(max-width: 850px)\"><source srcset=\"https:\/\/www.le-hameau-des-champs.com\/wp-content\/uploads\/2024\/10\/webp-logo-ideal-150x150-1.webp\" media=\"(max-width: 1024px)\"><source srcset=\"https:\/\/www.le-hameau-des-champs.com\/wp-content\/uploads\/2024\/10\/webp-logo-ideal-150x150-1.webp\" media=\"(min-width: 1025px)\"><img decoding=\"async\" src=\"https:\/\/www.le-hameau-des-champs.com\/wp-content\/uploads\/2024\/10\/webp-logo-ideal-150x150-1.webp\" width=\"420\" height=\"210\" loading=\"lazy\" alt=\"\" title=\"\"><\/picture><\/figure><figure class=\"gallery__item\"><picture><source srcset=\"https:\/\/www.le-hameau-des-champs.com\/wp-content\/uploads\/2024\/11\/logo-virement-bancaire-420x203.png\" media=\"(max-width: 210px)\"><source srcset=\"https:\/\/www.le-hameau-des-champs.com\/wp-content\/uploads\/2024\/11\/logo-virement-bancaire.png\" media=\"(max-width: 420px)\"><source srcset=\"https:\/\/www.le-hameau-des-champs.com\/wp-content\/uploads\/2024\/11\/logo-virement-bancaire.png\" media=\"(max-width: 850px)\"><source srcset=\"https:\/\/www.le-hameau-des-champs.com\/wp-content\/uploads\/2024\/11\/logo-virement-bancaire.png\" media=\"(max-width: 1024px)\"><source srcset=\"https:\/\/www.le-hameau-des-champs.com\/wp-content\/uploads\/2024\/11\/logo-virement-bancaire.png\" media=\"(min-width: 1025px)\"><img decoding=\"async\" src=\"https:\/\/www.le-hameau-des-champs.com\/wp-content\/uploads\/2024\/11\/logo-virement-bancaire-420x203.png\" width=\"420\" height=\"210\" loading=\"lazy\" alt=\"\" title=\"\"><\/picture><\/figure><figure class=\"gallery__item\"><picture><source srcset=\"https:\/\/www.le-hameau-des-champs.com\/wp-content\/uploads\/2025\/11\/cv-connect.webp\" media=\"(max-width: 210px)\"><source srcset=\"https:\/\/www.le-hameau-des-champs.com\/wp-content\/uploads\/2025\/11\/cv-connect.webp\" media=\"(max-width: 420px)\"><source srcset=\"https:\/\/www.le-hameau-des-champs.com\/wp-content\/uploads\/2025\/11\/cv-connect.webp\" media=\"(max-width: 850px)\"><source srcset=\"https:\/\/www.le-hameau-des-champs.com\/wp-content\/uploads\/2025\/11\/cv-connect.webp\" media=\"(max-width: 1024px)\"><source srcset=\"https:\/\/www.le-hameau-des-champs.com\/wp-content\/uploads\/2025\/11\/cv-connect.webp\" media=\"(min-width: 1025px)\"><img decoding=\"async\" src=\"https:\/\/www.le-hameau-des-champs.com\/wp-content\/uploads\/2025\/11\/cv-connect.webp\" width=\"420\" height=\"210\" loading=\"lazy\" alt=\"\" title=\"\"><\/picture><\/figure><\/div><\/div><\/div>","protected":false},"excerpt":{"rendered":"<p>Fahrrad-\/Randostellpl\u00e4tze Auf dem Campingplatz Le Hameau des Champs in Cormatin sind unsere Stellpl\u00e4tze mit Strom (10A) und Wasser in der N\u00e4he ausgestattet und haben eine Fl\u00e4che von ca. 80m\u00b2. Sie sind auf 1,5 ha verteilt, um einen ruhigen Aufenthalt inmitten der Natur im Herzen von S\u00fcdburgund zu genie\u00dfen. Die Stellpl\u00e4tze sind eher schattig. Wenn Sie [&hellip;]<\/p>\n","protected":false},"author":1,"featured_media":0,"parent":0,"menu_order":0,"comment_status":"closed","ping_status":"closed","template":"","meta":{"_acf_changed":false,"footnotes":""},"acf":[],"_links":{"self":[{"href":"https:\/\/www.le-hameau-des-champs.com\/de\/wp-json\/wp\/v2\/pages\/1289"}],"collection":[{"href":"https:\/\/www.le-hameau-des-champs.com\/de\/wp-json\/wp\/v2\/pages"}],"about":[{"href":"https:\/\/www.le-hameau-des-champs.com\/de\/wp-json\/wp\/v2\/types\/page"}],"author":[{"embeddable":true,"href":"https:\/\/www.le-hameau-des-champs.com\/de\/wp-json\/wp\/v2\/users\/1"}],"replies":[{"embeddable":true,"href":"https:\/\/www.le-hameau-des-champs.com\/de\/wp-json\/wp\/v2\/comments?post=1289"}],"version-history":[{"count":3,"href":"https:\/\/www.le-hameau-des-champs.com\/de\/wp-json\/wp\/v2\/pages\/1289\/revisions"}],"predecessor-version":[{"id":1796,"href":"https:\/\/www.le-hameau-des-champs.com\/de\/wp-json\/wp\/v2\/pages\/1289\/revisions\/1796"}],"wp:attachment":[{"href":"https:\/\/www.le-hameau-des-champs.com\/de\/wp-json\/wp\/v2\/media?parent=1289"}],"curies":[{"name":"wp","href":"https:\/\/api.w.org\/{rel}","templated":true}]}}