{"id":1291,"date":"2024-10-16T12:04:03","date_gmt":"2024-10-16T10:04:03","guid":{"rendered":"https:\/\/www.le-hameau-des-champs.com\/activites-camping-bourgogne\/"},"modified":"2025-05-26T10:36:33","modified_gmt":"2025-05-26T08:36:33","slug":"aktivitaeten","status":"publish","type":"page","link":"https:\/\/www.le-hameau-des-champs.com\/de\/aktivitaeten\/","title":{"rendered":"Spiele, Aktivit\u00e4ten &amp; Radfahren"},"content":{"rendered":"<div class=\"diaporama-header align-full\"><div class=\"gallery\"><figure class=\"gallery__item\"><picture><source srcset=\"https:\/\/www.le-hameau-des-champs.com\/wp-content\/uploads\/2024\/11\/IMG_9845-bis-420x420.jpg.webp\" media=\"(max-width: 210px)\"><source srcset=\"https:\/\/www.le-hameau-des-champs.com\/wp-content\/uploads\/2024\/11\/IMG_9845-bis-850x405.jpg.webp\" media=\"(max-width: 420px)\"><source srcset=\"https:\/\/www.le-hameau-des-champs.com\/wp-content\/uploads\/2024\/11\/IMG_9845-bis-768x366.jpg.webp\" media=\"(max-width: 850px)\"><source srcset=\"https:\/\/www.le-hameau-des-champs.com\/wp-content\/uploads\/2024\/11\/IMG_9845-bis-1024x488.jpg.webp\" media=\"(max-width: 1024px)\"><source srcset=\"https:\/\/www.le-hameau-des-champs.com\/wp-content\/uploads\/2024\/11\/IMG_9845-bis.jpg.webp\" media=\"(min-width: 1025px)\"><img loading=\"lazy\" decoding=\"async\" src=\"https:\/\/www.le-hameau-des-champs.com\/wp-content\/uploads\/2024\/11\/IMG_9845-bis-420x420.jpg.webp\" width=\"420\" height=\"210\" alt=\"\" title=\"\"><\/picture><\/figure><\/div><div class=\"diaporama-header__inner\"><p class=\"h1\"   >Spiele, Fahrradverleih<\/p><h1 class=\"p\">Auf dem Campingplatz in der N\u00e4he von Cluny, denken Sie an nichts&#8230;<\/h1><\/div><\/div>\n\n<div class=\"columns sec-10 reverse-mob\"><div class=\"columns__item\" style=\"flex-basis:50%;\"><div class=\"gallery height-adapt\"><figure class=\"gallery__item\"><picture><source srcset=\"https:\/\/www.le-hameau-des-champs.com\/wp-content\/uploads\/2024\/10\/photo-21-420x420.jpg.webp\" media=\"(max-width: 210px)\"><source srcset=\"https:\/\/www.le-hameau-des-champs.com\/wp-content\/uploads\/2024\/10\/photo-21-638x850.jpg.webp\" media=\"(max-width: 420px)\"><source srcset=\"https:\/\/www.le-hameau-des-champs.com\/wp-content\/uploads\/2024\/10\/photo-21.jpg.webp\" media=\"(max-width: 850px)\"><source srcset=\"https:\/\/www.le-hameau-des-champs.com\/wp-content\/uploads\/2024\/10\/photo-21.jpg.webp\" media=\"(max-width: 1024px)\"><source srcset=\"https:\/\/www.le-hameau-des-champs.com\/wp-content\/uploads\/2024\/10\/photo-21.jpg.webp\" media=\"(min-width: 1025px)\"><img decoding=\"async\" src=\"https:\/\/www.le-hameau-des-champs.com\/wp-content\/uploads\/2024\/10\/photo-21-420x420.jpg.webp\" width=\"420\" height=\"210\" loading=\"lazy\" alt=\"\" title=\"\"><\/picture><\/figure><figure class=\"gallery__item\"><picture><source srcset=\"https:\/\/www.le-hameau-des-champs.com\/wp-content\/uploads\/2024\/10\/velo-2-420x420.jpg.webp\" media=\"(max-width: 210px)\"><source srcset=\"https:\/\/www.le-hameau-des-champs.com\/wp-content\/uploads\/2024\/10\/velo-2-850x842.jpg.webp\" media=\"(max-width: 420px)\"><source srcset=\"https:\/\/www.le-hameau-des-champs.com\/wp-content\/uploads\/2024\/10\/velo-2-768x761.jpg.webp\" media=\"(max-width: 850px)\"><source srcset=\"https:\/\/www.le-hameau-des-champs.com\/wp-content\/uploads\/2024\/10\/velo-2.jpg.webp\" media=\"(max-width: 1024px)\"><source srcset=\"https:\/\/www.le-hameau-des-champs.com\/wp-content\/uploads\/2024\/10\/velo-2.jpg.webp\" media=\"(min-width: 1025px)\"><img decoding=\"async\" src=\"https:\/\/www.le-hameau-des-champs.com\/wp-content\/uploads\/2024\/10\/velo-2-420x420.jpg.webp\" width=\"420\" height=\"210\" loading=\"lazy\" alt=\"\" title=\"\"><\/picture><\/figure><\/div><\/div><div class=\"columns__item\" style=\"align-self:center;\">\n<div style=\"height:6rem\" aria-hidden=\"true\" class=\"wp-block-spacer\"><\/div>\n<h2><strong>Fahrradverleih<\/strong><\/h2><p class=\"\"   >Sie k\u00f6nnen direkt auf dem Campingplatz Fahrr\u00e4der im holl\u00e4ndischen Stil mieten. Der Voie Verte f\u00fchrt am Campingplatz vorbei und folgt dem Fluss La Grosne. \u00dcber Taiz\u00e9 und Cluny k\u00f6nnen Sie direkt nach Macon fahren, oder \u00fcber St Gengoux le National und Buxy direkt nach Chalon.  <\/p><div class=\"buttons display-flex \" style=\"justify-content:center;\"><a href=\"https:\/\/www.le-hameau-des-champs.com\/wp-content\/uploads\/2024\/10\/location-de-velos.pdf\" rel=\"noreferrer noopener\" rel=\"noreferrer noopener\" target=\"_blank\" rel=\"noreferrer noopener\" rel=\"noreferrer noopener\" rel=\"noreferrer noopener\" rel=\"noreferrer noopener\" class=\"buttons__btn is-style-1\">Siehe Mietpreisliste<\/a><\/div>\n<div style=\"height:6rem\" aria-hidden=\"true\" class=\"wp-block-spacer\"><\/div>\n<\/div><\/div>\n\n<div class=\"group sec-05 align-full has-background has-fond-background-color\" style=\"background-color:var(--fond);\"><div class=\"columns\"><div class=\"columns__item\" style=\"align-self:center;\"><p class=\"encart has-text-center\" style=\"text-align: center;\"  >Nutzen Sie die Spiele und Freizeitangebote, die Ihnen unter<br>zur Verf\u00fcgung stehen, um eine gute Zeit zu verbringen!<\/p><\/div><div class=\"columns__item\"><p class=\"\"   >Ein Kinderspielplatz ist in der N\u00e4he des Swimmingpools vorhanden: Schaukeln, Rutsche, Federn&#8230;!<\/p><p class=\"\"   ><strong>Ein Multisportplatz<\/strong> befindet sich au\u00dferhalb des Campingplatzes und ist durch ein kleines Tor direkt zug\u00e4nglich. Wir verleihen kostenlos B\u00e4lle (Fu\u00dfball, Basketball). <\/p><p class=\"\"   >Auf dem Campingplatz stehen Ihnen Tischtennisplatten, ein Bouleplatz und ein Billardtisch zur Verf\u00fcgung. Wir verleihen das Material kostenlos. <\/p><p class=\"\"   >An der Rezeption stehen Ihnen Gesellschaftsspiele zur Verf\u00fcgung. Sie werden kostenlos ausgeliehen. Bei Regen k\u00f6nnen Sie sich in der Jurte aufhalten.  <\/p><\/div><\/div><div class=\"gallery col-2 f-carousel fc-diapo\" data-fancybox=\"gallery\"><figure class=\"gallery__item\"><picture><source srcset=\"https:\/\/www.le-hameau-des-champs.com\/wp-content\/uploads\/2024\/10\/photo-22-420x420.jpg.webp\" media=\"(max-width: 210px)\"><source srcset=\"https:\/\/www.le-hameau-des-champs.com\/wp-content\/uploads\/2024\/10\/photo-22.jpg.webp\" media=\"(max-width: 420px)\"><source srcset=\"https:\/\/www.le-hameau-des-champs.com\/wp-content\/uploads\/2024\/10\/photo-22.jpg.webp\" media=\"(max-width: 850px)\"><source srcset=\"https:\/\/www.le-hameau-des-champs.com\/wp-content\/uploads\/2024\/10\/photo-22.jpg.webp\" media=\"(max-width: 1024px)\"><source srcset=\"https:\/\/www.le-hameau-des-champs.com\/wp-content\/uploads\/2024\/10\/photo-22.jpg.webp\" media=\"(min-width: 1025px)\"><img decoding=\"async\" src=\"https:\/\/www.le-hameau-des-champs.com\/wp-content\/uploads\/2024\/10\/photo-22-420x420.jpg.webp\" width=\"420\" height=\"210\" loading=\"lazy\" alt=\"\" title=\"\"><\/picture><\/figure><figure class=\"gallery__item\"><picture><source srcset=\"https:\/\/www.le-hameau-des-champs.com\/wp-content\/uploads\/2024\/10\/photo-23-mini-420x420.jpg.webp\" media=\"(max-width: 210px)\"><source srcset=\"https:\/\/www.le-hameau-des-champs.com\/wp-content\/uploads\/2024\/10\/photo-23-mini-850x638.jpg.webp\" media=\"(max-width: 420px)\"><source srcset=\"https:\/\/www.le-hameau-des-champs.com\/wp-content\/uploads\/2024\/10\/photo-23-mini-768x576.jpg.webp\" media=\"(max-width: 850px)\"><source srcset=\"https:\/\/www.le-hameau-des-champs.com\/wp-content\/uploads\/2024\/10\/photo-23-mini.jpg.webp\" media=\"(max-width: 1024px)\"><source srcset=\"https:\/\/www.le-hameau-des-champs.com\/wp-content\/uploads\/2024\/10\/photo-23-mini.jpg.webp\" media=\"(min-width: 1025px)\"><img decoding=\"async\" src=\"https:\/\/www.le-hameau-des-champs.com\/wp-content\/uploads\/2024\/10\/photo-23-mini-420x420.jpg.webp\" width=\"420\" height=\"210\" loading=\"lazy\" alt=\"\" title=\"\"><\/picture><\/figure><figure class=\"gallery__item\"><picture><source srcset=\"https:\/\/www.le-hameau-des-champs.com\/wp-content\/uploads\/2024\/10\/photo-26-420x420.jpg.webp\" media=\"(max-width: 210px)\"><source srcset=\"https:\/\/www.le-hameau-des-champs.com\/wp-content\/uploads\/2024\/10\/photo-26.jpg.webp\" media=\"(max-width: 420px)\"><source srcset=\"https:\/\/www.le-hameau-des-champs.com\/wp-content\/uploads\/2024\/10\/photo-26.jpg.webp\" media=\"(max-width: 850px)\"><source srcset=\"https:\/\/www.le-hameau-des-champs.com\/wp-content\/uploads\/2024\/10\/photo-26.jpg.webp\" media=\"(max-width: 1024px)\"><source srcset=\"https:\/\/www.le-hameau-des-champs.com\/wp-content\/uploads\/2024\/10\/photo-26.jpg.webp\" media=\"(min-width: 1025px)\"><img decoding=\"async\" src=\"https:\/\/www.le-hameau-des-champs.com\/wp-content\/uploads\/2024\/10\/photo-26-420x420.jpg.webp\" width=\"420\" height=\"210\" loading=\"lazy\" alt=\"\" title=\"\"><\/picture><\/figure><figure class=\"gallery__item\"><picture><source srcset=\"https:\/\/www.le-hameau-des-champs.com\/wp-content\/uploads\/2024\/10\/photo-24-420x420.jpg\" media=\"(max-width: 210px)\"><source srcset=\"https:\/\/www.le-hameau-des-champs.com\/wp-content\/uploads\/2024\/10\/photo-24.jpg\" media=\"(max-width: 420px)\"><source srcset=\"https:\/\/www.le-hameau-des-champs.com\/wp-content\/uploads\/2024\/10\/photo-24.jpg\" media=\"(max-width: 850px)\"><source srcset=\"https:\/\/www.le-hameau-des-champs.com\/wp-content\/uploads\/2024\/10\/photo-24.jpg\" media=\"(max-width: 1024px)\"><source srcset=\"https:\/\/www.le-hameau-des-champs.com\/wp-content\/uploads\/2024\/10\/photo-24.jpg\" media=\"(min-width: 1025px)\"><img decoding=\"async\" src=\"https:\/\/www.le-hameau-des-champs.com\/wp-content\/uploads\/2024\/10\/photo-24-420x420.jpg\" width=\"420\" height=\"210\" loading=\"lazy\" alt=\"\" title=\"\"><\/picture><\/figure><figure class=\"gallery__item\"><picture><source srcset=\"https:\/\/www.le-hameau-des-champs.com\/wp-content\/uploads\/2024\/10\/photo-25-420x420.jpg.webp\" media=\"(max-width: 210px)\"><source srcset=\"https:\/\/www.le-hameau-des-champs.com\/wp-content\/uploads\/2024\/10\/photo-25.jpg.webp\" media=\"(max-width: 420px)\"><source srcset=\"https:\/\/www.le-hameau-des-champs.com\/wp-content\/uploads\/2024\/10\/photo-25.jpg.webp\" media=\"(max-width: 850px)\"><source srcset=\"https:\/\/www.le-hameau-des-champs.com\/wp-content\/uploads\/2024\/10\/photo-25.jpg.webp\" media=\"(max-width: 1024px)\"><source srcset=\"https:\/\/www.le-hameau-des-champs.com\/wp-content\/uploads\/2024\/10\/photo-25.jpg.webp\" media=\"(min-width: 1025px)\"><img decoding=\"async\" src=\"https:\/\/www.le-hameau-des-champs.com\/wp-content\/uploads\/2024\/10\/photo-25-420x420.jpg.webp\" width=\"420\" height=\"210\" loading=\"lazy\" alt=\"\" title=\"\"><\/picture><\/figure><\/div><\/div>\n\n<p class=\"\"  id=\"1293\" >Sie m\u00f6chten einen entspannten Urlaub mit Aktivit\u00e4ten auf dem Campingplatz verbringen?&nbsp;<a href=\"https:\/\/www.le-hameau-des-champs.com\/de\/\" data-type=\"page\" data-id=\"1293\">Le Hameau des Champs<\/a>&nbsp;bietet Ihnen&nbsp;<strong>Aktivit\u00e4ten im Herzen des Campingplatzes<\/strong>&nbsp;wie&nbsp;<em>Tischtennis<\/em>,&nbsp;<em>Boulespiele<\/em>&nbsp;und&nbsp;<em>Spielpl\u00e4tze f\u00fcr Kinder<\/em>. Sie k\u00f6nnen auch die Wanderwege der Region und den Gr\u00fcnen Weg zu Fu\u00df, auf Inlineskates oder mit dem Fahrrad nutzen, um sich auszupowern und der Natur zu begegnen&nbsp;<strong>entlang des Flusses Grosne<\/strong>&nbsp;dank unserer&nbsp;<strong>Verleih von Fahrr\u00e4dern f\u00fcr Erwachsene, Kinder und Anh\u00e4ngern<\/strong>&nbsp;f\u00fcr einen Tag oder eine Woche und&nbsp;<a href=\"https:\/\/www.le-hameau-des-champs.com\/de\/burgund-entdecken\/\" data-type=\"link\" data-id=\"https:\/\/www.le-hameau-des-champs.com\/de\/burgund-entdecken\/\">den direkten Zugang zum Gr\u00fcnen Weg<\/a>.<\/p>\n\n<div class=\"lireplus fc-desk\"><p class=\"\"   >Lesen Sie mehr<\/p><div class=\"group\"><p class=\"\"   >F\u00fcr&nbsp;<strong>Spazierg\u00e4nge und Wanderungen<\/strong>&nbsp;mit der Familie oder mit Freunden gibt es in der N\u00e4he des Campingplatzes zahlreiche&nbsp;<em>\u201ebalades vertes\u201c (gr\u00fcne<\/em>&nbsp;Spazierwege). Und f\u00fcr Reitfans oder Liebhaber von Ausritten gibt es zwei Pferdeparks in der N\u00e4he des Campingplatzes (Reiterhof).<\/p><p class=\"\"  id=\"https:\/\/www.le-hameau-des-champs.com\/de\/vermietungen\/\" >Es liegt uns am Herzen, Ihnen den besten Service zu bieten, damit Ihr Urlaub von Ihrem Ferienort <a href=\"https:\/\/www.le-hameau-des-champs.com\/de\/vermietungen\/\" data-type=\"link\" data-id=\"https:\/\/www.le-hameau-des-champs.com\/de\/vermietungen\/\">in Burgund<\/a> aus reibungslos verl\u00e4uft. Ihr Campingplatz Le Hameau des Champs verf\u00fcgt \u00fcber Einrichtungen, in denen Ihre Kinder auf dem<strong>Spielplatz<\/strong> rutschen und Tischtennis spielen k\u00f6nnen.<\/p><div class=\"columns\"><div class=\"columns__item\"><p class=\"\"   ><strong><strong>Spiel- und Entspannungsplatz :<\/strong> <\/strong>F\u00fcr Kinder gibt es auf dem Campingplatz einen kleinen Spielplatz mit Rutsche und Tischtennisplatte.<\/p><p class=\"\"   ><strong>Angeln im Fluss:<\/strong> Ob Sie ein begeisterter <strong>Angler<\/strong> oder ein Anf\u00e4nger sind, Sie k\u00f6nnen w\u00e4hrend Ihres Urlaubs einen Moment der Entspannung am Ufer des Flusses La Grosne genie\u00dfen.<\/p><p class=\"\"  id=\"https:\/\/www.le-hameau-des-champs.com\/de\/swimmingpool\/\" ><a href=\"https:\/\/www.le-hameau-des-champs.com\/de\/swimmingpool\/\" data-type=\"link\" data-id=\"https:\/\/www.le-hameau-des-champs.com\/de\/swimmingpool\/\">Schwimmbad und Faulenzen<\/a>: Genie\u00dfen Sie den Wasserbereich unseres <strong>Campingplatzes mit Pool in Burgund<\/strong> und seine Terrasse.<\/p><\/div><div class=\"columns__item\"><p class=\"\"   ><strong><strong>Spazierg\u00e4nge und Wanderungen : <\/strong><\/strong>Rund um den Campingplatz gibt es zahlreiche Pfade und Wanderwege, auf denen Sie die Landschaft und die W\u00e4lder genie\u00dfen k\u00f6nnen.<\/p><p class=\"\"   ><strong><strong>Vermietung von Fahrr\u00e4dern :<\/strong> <\/strong>Fahrradverleih, direkter Zugang zum Gr\u00fcnen Weg. Die Fahrradwege sind gesichert und f\u00fcr motorisierte Fahrzeuge gesperrt. <\/p><\/div><\/div><\/div><\/div>","protected":false},"excerpt":{"rendered":"<p>Spiele, Fahrradverleih Auf dem Campingplatz in der N\u00e4he von Cluny, denken Sie an nichts&#8230; Fahrradverleih Sie k\u00f6nnen direkt auf dem Campingplatz Fahrr\u00e4der im holl\u00e4ndischen Stil mieten. Der Voie Verte f\u00fchrt am Campingplatz vorbei und folgt dem Fluss La Grosne. \u00dcber Taiz\u00e9 und Cluny k\u00f6nnen Sie direkt nach Macon fahren, oder \u00fcber St Gengoux le National [&hellip;]<\/p>\n","protected":false},"author":1,"featured_media":0,"parent":0,"menu_order":0,"comment_status":"closed","ping_status":"closed","template":"","meta":{"_acf_changed":false,"footnotes":""},"acf":[],"_links":{"self":[{"href":"https:\/\/www.le-hameau-des-champs.com\/de\/wp-json\/wp\/v2\/pages\/1291"}],"collection":[{"href":"https:\/\/www.le-hameau-des-champs.com\/de\/wp-json\/wp\/v2\/pages"}],"about":[{"href":"https:\/\/www.le-hameau-des-champs.com\/de\/wp-json\/wp\/v2\/types\/page"}],"author":[{"embeddable":true,"href":"https:\/\/www.le-hameau-des-champs.com\/de\/wp-json\/wp\/v2\/users\/1"}],"replies":[{"embeddable":true,"href":"https:\/\/www.le-hameau-des-champs.com\/de\/wp-json\/wp\/v2\/comments?post=1291"}],"version-history":[{"count":5,"href":"https:\/\/www.le-hameau-des-champs.com\/de\/wp-json\/wp\/v2\/pages\/1291\/revisions"}],"predecessor-version":[{"id":1671,"href":"https:\/\/www.le-hameau-des-champs.com\/de\/wp-json\/wp\/v2\/pages\/1291\/revisions\/1671"}],"wp:attachment":[{"href":"https:\/\/www.le-hameau-des-champs.com\/de\/wp-json\/wp\/v2\/media?parent=1291"}],"curies":[{"name":"wp","href":"https:\/\/api.w.org\/{rel}","templated":true}]}}