{"id":1293,"date":"2024-07-15T12:36:18","date_gmt":"2024-07-15T10:36:18","guid":{"rendered":"https:\/\/www.le-hameau-des-champs.com\/accueil\/"},"modified":"2025-11-21T14:59:12","modified_gmt":"2025-11-21T13:59:12","slug":"accueil","status":"publish","type":"page","link":"https:\/\/www.le-hameau-des-champs.com\/de\/","title":{"rendered":"Startseite"},"content":{"rendered":"<div class=\"diaporama-header align-full\"><div class=\"gallery\"><figure class=\"gallery__item copyright\"><picture><source srcset=\"https:\/\/www.le-hameau-des-champs.com\/wp-content\/uploads\/2024\/11\/Photo-accueil-Le-Sud-Bourgogne-Voie-Verte-\u00a9-Etienne-Ramousse-Images-12-420x420.jpg.webp\" media=\"(max-width: 210px)\"><source srcset=\"https:\/\/www.le-hameau-des-champs.com\/wp-content\/uploads\/2024\/11\/Photo-accueil-Le-Sud-Bourgogne-Voie-Verte-\u00a9-Etienne-Ramousse-Images-12-850x478.jpg.webp\" media=\"(max-width: 420px)\"><source srcset=\"https:\/\/www.le-hameau-des-champs.com\/wp-content\/uploads\/2024\/11\/Photo-accueil-Le-Sud-Bourgogne-Voie-Verte-\u00a9-Etienne-Ramousse-Images-12-768x432.jpg.webp\" media=\"(max-width: 850px)\"><source srcset=\"https:\/\/www.le-hameau-des-champs.com\/wp-content\/uploads\/2024\/11\/Photo-accueil-Le-Sud-Bourgogne-Voie-Verte-\u00a9-Etienne-Ramousse-Images-12-1024x576.jpg.webp\" media=\"(max-width: 1024px)\"><source srcset=\"https:\/\/www.le-hameau-des-champs.com\/wp-content\/uploads\/2024\/11\/Photo-accueil-Le-Sud-Bourgogne-Voie-Verte-\u00a9-Etienne-Ramousse-Images-12.jpg.webp\" media=\"(min-width: 1025px)\"><img loading=\"lazy\" decoding=\"async\" src=\"https:\/\/www.le-hameau-des-champs.com\/wp-content\/uploads\/2024\/11\/Photo-accueil-Le-Sud-Bourgogne-Voie-Verte-\u00a9-Etienne-Ramousse-Images-12-420x420.jpg.webp\" width=\"420\" height=\"210\" alt=\"\" title=\"\"><\/picture><figcaption>\u00a9 Etienne Ramousse<\/figcaption><\/figure><\/div><div class=\"diaporama-header__inner\"><h1>Natur, Ruhe und Gelassenheit auf <span class=\"fc-span\">einem \u00fcberschaubaren Campingplatz<\/span><\/h1><\/div><\/div>\n\n<div class=\"columns\"><div class=\"columns__item\"><h2>Campingplatz Le Hameau des Champs in der N\u00e4he von Cluny<\/h2><p class=\"\"   >Willkommen auf dem Campingplatz Le Hameau des Champs*** im Herzen des Dorfes Cormatin. Der 3-Sterne Campingplatz Le Hameau des Champs liegt in der Gemeinde Cormatin, 15 Autominuten von Cluny entfernt, an der Weinstra\u00dfe von Burgund. <\/p><p class=\"\"  id=\"https:\/\/www.le-hameau-des-champs.com\/de\/campingplatz-bourgogne-franche-comte\/\" >Unser <a href=\"https:\/\/www.le-hameau-des-champs.com\/de\/campingplatz-bourgogne-franche-comte\/\" data-type=\"link\" data-id=\"https:\/\/www.le-hameau-des-champs.com\/de\/campingplatz-bourgogne-franche-comte\/\">Campingplatz in S\u00fcdburgund<\/a> hat einen direkten Zugang zum Voie Verte (Gr\u00fcner Weg), einem Radweg, der dem Fluss folgt und M\u00e2con mit Chalon sur Sa\u00f4ne verbindet. In der N\u00e4he des Campingplatzes k\u00f6nnen Sie das Schloss von Cormatin aus dem 17. Jahrhundert, die Gourmet-Galerie mit 800m\u00b2 Ausstellern, die Gemeinschaft von Taiz\u00e9, Cluny, die mittelalterliche Stadt mit ihrer ber\u00fchmten Abtei und ihren Gest\u00fcten, Tournus, die gastronomische Stadt&#8230;. entdecken. Der Campingplatz bietet Zugang zu vielen Sehensw\u00fcrdigkeiten!<\/p><\/div><div class=\"columns__item auto\" style=\"flex-basis:40%;\"><ul class=\"pictos has-background\" style=\"background-color: var(--fond);\"><li><span class=\"fc-icon\"><svg xmlns=\"http:\/\/www.w3.org\/2000\/svg\"  viewBox=\"0 0 512 512\" width=\"16px\" height=\"16px\"><!--! Font Awesome Pro 6.4.2 by @fontawesome - https:\/\/fontawesome.com License - https:\/\/fontawesome.com\/license (Commercial License) Copyright 2023 Fonticons, Inc.--><path d=\"M480 256A224 224 0 1 1 32 256a224 224 0 1 1 448 0zM0 256a256 256 0 1 0 512 0A256 256 0 1 0 0 256zM240 112V256c0 5.3 2.7 10.3 7.1 13.3l96 64c7.4 4.9 17.3 2.9 22.2-4.4s2.9-17.3-4.4-22.2L272 247.4V112c0-8.8-7.2-16-16-16s-16 7.2-16 16z\"\/><\/svg><\/span> Camping ge\u00f6ffnet vom 02. April bis 30. September<br>Von 8:00 bis 12:00 Uhr und von 15:00 bis 19:00 Uhr\n<\/li><li><span class=\"fc-icon\"><svg xmlns=\"http:\/\/www.w3.org\/2000\/svg\"  viewBox=\"0 0 512 512\" width=\"16px\" height=\"16px\"><!--! Font Awesome Pro 6.4.2 by @fontawesome - https:\/\/fontawesome.com License - https:\/\/fontawesome.com\/license (Commercial License) Copyright 2023 Fonticons, Inc.--><path d=\"M480 256A224 224 0 1 1 32 256a224 224 0 1 1 448 0zM0 256a256 256 0 1 0 512 0A256 256 0 1 0 0 256zM240 112V256c0 5.3 2.7 10.3 7.1 13.3l96 64c7.4 4.9 17.3 2.9 22.2-4.4s2.9-17.3-4.4-22.2L272 247.4V112c0-8.8-7.2-16-16-16s-16 7.2-16 16z\"\/><\/svg><\/span> Vermietungen ge\u00f6ffnet vom 2. April bis 2. November\n<\/li><\/ul><div class=\"buttons display-flex \" style=\"flex-direction:column;\"><span class=\"buttons__btn btn-resa\">Siehe Preise und Verf\u00fcgbarkeit<\/span><a href=\"https:\/\/reservation.secureholiday.net\/fr\/5045\/gift-voucher\" rel=\"noreferrer noopener\" target=\"_blank\" class=\"buttons__btn btn-resa is-style-2\">Schenken Sie einen Geschenkgutschein<\/a><\/div><\/div><\/div>\n\n\n<ctv-stays><\/ctv-stays>\n\n\n<div class=\"group sec-05 align-full has-background has-fond-background-color\" style=\"background-color:var(--fond);\"><h2 class=\"h3\" style=\"text-align: center;\">Buchen Sie Ihren Urlaub in einem kleinen Haus oder auf einem Stellplatz in Burgund in der N\u00e4he von Cluny (71)<\/h2><p class=\" has-text-center\" style=\"text-align: center;\"  >Entscheiden Sie sich f\u00fcr unsere kleinen H\u00e4user auf der Wiese f\u00fcr optimalen Komfort. F\u00fcr einen Urlaub in der Natur in Burgund k\u00f6nnen Sie einen schattigen Stellplatz mit Strom und Wasser buchen. <\/p><p class=\" has-orange-color  has-text-center\" style=\"text-align: center;color: var(--orange);\"  ><strong>Schenken Sie Ihren Freunden oder Ihrer Familie einen Aufenthalt auf unserem 3-Sterne-Campingplatz in der N\u00e4he von Cluny mit den Geschenkgutscheinen, die Sie online in einer oder mehreren Raten einl\u00f6sen k\u00f6nnen!<\/strong><\/p><div class=\"gallery col-2 f-carousel fc-diapo\" data-fancybox=\"gallery\"><figure class=\"gallery__item\"><picture><source srcset=\"https:\/\/www.le-hameau-des-champs.com\/wp-content\/uploads\/2024\/11\/photo-2-1-420x420.webp\" media=\"(max-width: 210px)\"><source srcset=\"https:\/\/www.le-hameau-des-champs.com\/wp-content\/uploads\/2024\/11\/photo-2-1-850x600.webp\" media=\"(max-width: 420px)\"><source srcset=\"https:\/\/www.le-hameau-des-champs.com\/wp-content\/uploads\/2024\/11\/photo-2-1-768x542.webp\" media=\"(max-width: 850px)\"><source srcset=\"https:\/\/www.le-hameau-des-champs.com\/wp-content\/uploads\/2024\/11\/photo-2-1.webp\" media=\"(max-width: 1024px)\"><source srcset=\"https:\/\/www.le-hameau-des-champs.com\/wp-content\/uploads\/2024\/11\/photo-2-1.webp\" media=\"(min-width: 1025px)\"><img decoding=\"async\" src=\"https:\/\/www.le-hameau-des-champs.com\/wp-content\/uploads\/2024\/11\/photo-2-1-420x420.webp\" width=\"420\" height=\"210\" loading=\"lazy\" alt=\"\" title=\"\"><\/picture><figcaption>Kleines Haus inmitten der Natur<\/figcaption><\/figure><figure class=\"gallery__item\"><picture><source srcset=\"https:\/\/www.le-hameau-des-champs.com\/wp-content\/uploads\/2024\/10\/photo-3-1-420x420.png.webp\" media=\"(max-width: 210px)\"><source srcset=\"https:\/\/www.le-hameau-des-champs.com\/wp-content\/uploads\/2024\/10\/photo-3-1-850x600.png.webp\" media=\"(max-width: 420px)\"><source srcset=\"https:\/\/www.le-hameau-des-champs.com\/wp-content\/uploads\/2024\/10\/photo-3-1-768x542.png.webp\" media=\"(max-width: 850px)\"><source srcset=\"https:\/\/www.le-hameau-des-champs.com\/wp-content\/uploads\/2024\/10\/photo-3-1.png.webp\" media=\"(max-width: 1024px)\"><source srcset=\"https:\/\/www.le-hameau-des-champs.com\/wp-content\/uploads\/2024\/10\/photo-3-1.png.webp\" media=\"(min-width: 1025px)\"><img decoding=\"async\" src=\"https:\/\/www.le-hameau-des-champs.com\/wp-content\/uploads\/2024\/10\/photo-3-1-420x420.png.webp\" width=\"420\" height=\"210\" loading=\"lazy\" alt=\"\" title=\"\"><\/picture><figcaption>Gr\u00fcne Stellpl\u00e4tze: Zelt, Wohnwagen, Wohnmobil&#8230;<\/figcaption><\/figure><figure class=\"gallery__item\"><picture><source srcset=\"https:\/\/www.le-hameau-des-champs.com\/wp-content\/uploads\/2024\/10\/photo-4-1-420x420.png.webp\" media=\"(max-width: 210px)\"><source srcset=\"https:\/\/www.le-hameau-des-champs.com\/wp-content\/uploads\/2024\/10\/photo-4-1-850x600.png.webp\" media=\"(max-width: 420px)\"><source srcset=\"https:\/\/www.le-hameau-des-champs.com\/wp-content\/uploads\/2024\/10\/photo-4-1-768x542.png.webp\" media=\"(max-width: 850px)\"><source srcset=\"https:\/\/www.le-hameau-des-champs.com\/wp-content\/uploads\/2024\/10\/photo-4-1.png.webp\" media=\"(max-width: 1024px)\"><source srcset=\"https:\/\/www.le-hameau-des-champs.com\/wp-content\/uploads\/2024\/10\/photo-4-1.png.webp\" media=\"(min-width: 1025px)\"><img decoding=\"async\" src=\"https:\/\/www.le-hameau-des-champs.com\/wp-content\/uploads\/2024\/10\/photo-4-1-420x420.png.webp\" width=\"420\" height=\"210\" loading=\"lazy\" alt=\"\" title=\"\"><\/picture><figcaption>Komfortstellpl\u00e4tze f\u00fcr Wohnwagen<\/figcaption><\/figure><figure class=\"gallery__item\"><picture><source srcset=\"https:\/\/www.le-hameau-des-champs.com\/wp-content\/uploads\/2025\/11\/vue-ext-420x420.webp\" media=\"(max-width: 210px)\"><source srcset=\"https:\/\/www.le-hameau-des-champs.com\/wp-content\/uploads\/2025\/11\/vue-ext-850x566.webp\" media=\"(max-width: 420px)\"><source srcset=\"https:\/\/www.le-hameau-des-champs.com\/wp-content\/uploads\/2025\/11\/vue-ext-768x511.webp\" media=\"(max-width: 850px)\"><source srcset=\"https:\/\/www.le-hameau-des-champs.com\/wp-content\/uploads\/2025\/11\/vue-ext-1024x682.webp\" media=\"(max-width: 1024px)\"><source srcset=\"https:\/\/www.le-hameau-des-champs.com\/wp-content\/uploads\/2025\/11\/vue-ext.webp\" media=\"(min-width: 1025px)\"><img decoding=\"async\" src=\"https:\/\/www.le-hameau-des-champs.com\/wp-content\/uploads\/2025\/11\/vue-ext-420x420.webp\" width=\"420\" height=\"210\" loading=\"lazy\" alt=\"\" title=\"\"><\/picture><figcaption>Holzchalet<\/figcaption><\/figure><\/div><div class=\"buttons display-flex \"><a href=\"https:\/\/www.le-hameau-des-champs.com\/de\/vermietungen\/\" rel=\"noreferrer noopener\" class=\"buttons__btn is-style-1\">Sehen Sie sich die Unterk\u00fcnfte an<\/a><a href=\"https:\/\/www.le-hameau-des-champs.com\/de\/standorte\/\" rel=\"noreferrer noopener\" class=\"buttons__btn is-style-1\">Siehe die Standorte<\/a><\/div><\/div>\n\n<div class=\"columns sec-10 reverse-mob\"><div class=\"columns__item\" style=\"flex-basis:50%;\"><div class=\"gallery\"><figure class=\"gallery__item\"><picture><source srcset=\"https:\/\/www.le-hameau-des-champs.com\/wp-content\/uploads\/2024\/10\/photo-6-420x420.jpg.webp\" media=\"(max-width: 210px)\"><source srcset=\"https:\/\/www.le-hameau-des-champs.com\/wp-content\/uploads\/2024\/10\/photo-6-743x850.jpg.webp\" media=\"(max-width: 420px)\"><source srcset=\"https:\/\/www.le-hameau-des-champs.com\/wp-content\/uploads\/2024\/10\/photo-6-768x879.jpg.webp\" media=\"(max-width: 850px)\"><source srcset=\"https:\/\/www.le-hameau-des-champs.com\/wp-content\/uploads\/2024\/10\/photo-6-895x1024.jpg.webp\" media=\"(max-width: 1024px)\"><source srcset=\"https:\/\/www.le-hameau-des-champs.com\/wp-content\/uploads\/2024\/10\/photo-6.jpg.webp\" media=\"(min-width: 1025px)\"><img decoding=\"async\" src=\"https:\/\/www.le-hameau-des-champs.com\/wp-content\/uploads\/2024\/10\/photo-6-420x420.jpg.webp\" width=\"420\" height=\"210\" loading=\"lazy\" alt=\"\" title=\"\"><\/picture><\/figure><figure class=\"gallery__item\"><picture><source srcset=\"https:\/\/www.le-hameau-des-champs.com\/wp-content\/uploads\/2024\/10\/photo-7-1-420x420.jpg.webp\" media=\"(max-width: 210px)\"><source srcset=\"https:\/\/www.le-hameau-des-champs.com\/wp-content\/uploads\/2024\/10\/photo-7-1-743x850.jpg.webp\" media=\"(max-width: 420px)\"><source srcset=\"https:\/\/www.le-hameau-des-champs.com\/wp-content\/uploads\/2024\/10\/photo-7-1-768x879.jpg.webp\" media=\"(max-width: 850px)\"><source srcset=\"https:\/\/www.le-hameau-des-champs.com\/wp-content\/uploads\/2024\/10\/photo-7-1-895x1024.jpg.webp\" media=\"(max-width: 1024px)\"><source srcset=\"https:\/\/www.le-hameau-des-champs.com\/wp-content\/uploads\/2024\/10\/photo-7-1.jpg.webp\" media=\"(min-width: 1025px)\"><img decoding=\"async\" src=\"https:\/\/www.le-hameau-des-champs.com\/wp-content\/uploads\/2024\/10\/photo-7-1-420x420.jpg.webp\" width=\"420\" height=\"210\" loading=\"lazy\" alt=\"\" title=\"\"><\/picture><\/figure><\/div><\/div><div class=\"columns__item\"><h2><strong>Swimmingpool und Planschbecken<\/strong><\/h2><p class=\"\"   >Natururlaub in Burgund: Genie\u00dfen Sie den Pool, den Fluss und den gr\u00fcnen Weg.<\/p><p class=\"\"   >Unser Campingplatz in der N\u00e4he von Cluny bietet Ihnen einen beheizten Au\u00dfenpool (wenn das Wetter es zul\u00e4sst), der aus einem Becken f\u00fcr die Gro\u00dfen und einem Planschbecken f\u00fcr die Kleinen besteht!<\/p><p class=\"\"   >Es gibt auch ruhige Entspannungsbereiche, in denen Sie lesen oder sich ausruhen k\u00f6nnen.<\/p><p class=\"encart\"   >Wir sehen uns alle am Pool!<\/p><div class=\"buttons display-flex \" style=\"justify-content:center;\"><a href=\"https:\/\/www.le-hameau-des-champs.com\/de\/swimmingpool\/\" rel=\"noreferrer noopener\" class=\"buttons__btn is-style-1\">Entdecken Sie den Pool<\/a><\/div><\/div><\/div>\n\n<div class=\"columns sec-15\"><div class=\"columns__item\"><h2 class=\"p\">Die Dienstleistungen des ruhigen Campingplatzes in Cormatin, Burgund<\/h2><p class=\"encart has-text-center\" style=\"text-align: center;\"  ><span class=\"fc-span\">F\u00fcr mehr Komfort&#8230;<\/span><\/p><ul><li>Fahrradverleih f\u00fcr Fahrten auf dem Gr\u00fcnen Weg\n<\/li><li>Multisportplatz, Petanque, Tischtennis, Spielplatz&#8230;\n<\/li><li>kostenlose Wifi\n<\/li><li>Brot- und Geb\u00e4ckverkauf\n<\/li><li>komplettes Fr\u00fchst\u00fcck zum Mitnehmen\n<\/li><li>kleines Lebensmittelgesch\u00e4ft, Spieleverleih\n<\/li><li>Vermietung von W\u00e4sche, Planchas und K\u00fchlschr\u00e4nken\n<\/li><li>Waschmaschine und Trockner\n<\/li><\/ul><\/div><div class=\"columns__item\"><figure style=\"position:relative;\"><picture><source srcset=\"https:\/\/www.le-hameau-des-champs.com\/wp-content\/uploads\/2024\/10\/burger-1156564_1920-1-420x420.jpg.webp\" media=\"(max-width: 210px)\"><source srcset=\"https:\/\/www.le-hameau-des-champs.com\/wp-content\/uploads\/2024\/10\/burger-1156564_1920-1-850x634.jpg.webp\" media=\"(max-width: 420px)\"><source srcset=\"https:\/\/www.le-hameau-des-champs.com\/wp-content\/uploads\/2024\/10\/burger-1156564_1920-1-768x573.jpg.webp\" media=\"(max-width: 850px)\"><source srcset=\"https:\/\/www.le-hameau-des-champs.com\/wp-content\/uploads\/2024\/10\/burger-1156564_1920-1.jpg.webp\" media=\"(max-width: 1024px)\"><source srcset=\"https:\/\/www.le-hameau-des-champs.com\/wp-content\/uploads\/2024\/10\/burger-1156564_1920-1.jpg.webp\" media=\"(min-width: 1025px)\"><img decoding=\"async\" src=\"https:\/\/www.le-hameau-des-champs.com\/wp-content\/uploads\/2024\/10\/burger-1156564_1920-1-420x420.jpg.webp\" width=\"420\" height=\"210\" loading=\"lazy\" alt=\"\" title=\"\"><\/picture><figcaption>Gastronomie, Bar, Cocktails&#8230;<\/figcaption><\/figure><\/div><div class=\"columns__item\"><figure style=\"position:relative;\"><picture><source srcset=\"https:\/\/www.le-hameau-des-champs.com\/wp-content\/uploads\/2024\/10\/photo-10-420x420.jpg.webp\" media=\"(max-width: 210px)\"><source srcset=\"https:\/\/www.le-hameau-des-champs.com\/wp-content\/uploads\/2024\/10\/photo-10-850x634.jpg.webp\" media=\"(max-width: 420px)\"><source srcset=\"https:\/\/www.le-hameau-des-champs.com\/wp-content\/uploads\/2024\/10\/photo-10-768x573.jpg.webp\" media=\"(max-width: 850px)\"><source srcset=\"https:\/\/www.le-hameau-des-champs.com\/wp-content\/uploads\/2024\/10\/photo-10.jpg.webp\" media=\"(max-width: 1024px)\"><source srcset=\"https:\/\/www.le-hameau-des-champs.com\/wp-content\/uploads\/2024\/10\/photo-10.jpg.webp\" media=\"(min-width: 1025px)\"><img decoding=\"async\" src=\"https:\/\/www.le-hameau-des-champs.com\/wp-content\/uploads\/2024\/10\/photo-10-420x420.jpg.webp\" width=\"420\" height=\"210\" loading=\"lazy\" alt=\"\" title=\"\"><\/picture><figcaption>Im Herzen eines Dorfes gelegen<br>mit Gesch\u00e4ften.<\/figcaption><\/figure><\/div><div class=\"columns__item\"><figure class=\"fancybox height-adapt\" style=\"position:relative;\"><a href=\"https:\/\/www.le-hameau-des-champs.com\/wp-content\/uploads\/2025\/11\/plan-scaled.jpg\" data-fancybox><picture><source srcset=\"https:\/\/www.le-hameau-des-champs.com\/wp-content\/uploads\/2025\/11\/plan-420x420.jpg.webp\" media=\"(max-width: 210px)\"><source srcset=\"https:\/\/www.le-hameau-des-champs.com\/wp-content\/uploads\/2025\/11\/plan-850x601.jpg.webp\" media=\"(max-width: 420px)\"><source srcset=\"https:\/\/www.le-hameau-des-champs.com\/wp-content\/uploads\/2025\/11\/plan-768x543.jpg.webp\" media=\"(max-width: 850px)\"><source srcset=\"https:\/\/www.le-hameau-des-champs.com\/wp-content\/uploads\/2025\/11\/plan-1024x724.jpg.webp\" media=\"(max-width: 1024px)\"><source srcset=\"https:\/\/www.le-hameau-des-champs.com\/wp-content\/uploads\/2025\/11\/plan-scaled.jpg.webp\" media=\"(min-width: 1025px)\"><img decoding=\"async\" src=\"https:\/\/www.le-hameau-des-champs.com\/wp-content\/uploads\/2025\/11\/plan-420x420.jpg.webp\" width=\"420\" height=\"210\" loading=\"lazy\" alt=\"\" title=\"\"><\/picture><figcaption>Campingplatz mit menschlicher Gr\u00f6\u00dfe<\/figcaption><\/a><\/figure><\/div><\/div>\n\n<div class=\"cover align-full\"><span style=\"filter: opacity(50%); background-color:var(--#a8996b);\"><\/span><picture class=\"cover__img\"><source srcset=\"https:\/\/www.le-hameau-des-champs.com\/wp-content\/uploads\/2024\/10\/Rectangle-49-420x420.jpg.webp\" media=\"(max-width: 210px)\"><source srcset=\"https:\/\/www.le-hameau-des-champs.com\/wp-content\/uploads\/2024\/10\/Rectangle-49-850x418.jpg.webp\" media=\"(max-width: 420px)\"><source srcset=\"https:\/\/www.le-hameau-des-champs.com\/wp-content\/uploads\/2024\/10\/Rectangle-49-768x378.jpg.webp\" media=\"(max-width: 850px)\"><source srcset=\"https:\/\/www.le-hameau-des-champs.com\/wp-content\/uploads\/2024\/10\/Rectangle-49-1024x504.jpg.webp\" media=\"(max-width: 1024px)\"><source srcset=\"https:\/\/www.le-hameau-des-champs.com\/wp-content\/uploads\/2024\/10\/Rectangle-49.jpg.webp\" media=\"(min-width: 1025px)\"><img decoding=\"async\" src=\"https:\/\/www.le-hameau-des-champs.com\/wp-content\/uploads\/2024\/10\/Rectangle-49-420x420.jpg.webp\" width=\"420\" height=\"210\" loading=\"lazy\" alt=\"\" title=\"\"><\/picture><div class=\"cover__inner\"><h2 class=\"h3\" style=\"color: var(--blanc);\"><a href=\"https:\/\/www.le-hameau-des-champs.com\/de\/typischer-aufenthalt-camping\/\" data-type=\"link\" data-id=\"https:\/\/www.le-hameau-des-champs.com\/de\/typischer-aufenthalt-camping\/\">Entdecken Sie hier ein Beispiel f\u00fcr einen typischen Aufenthalt f\u00fcr die ganze Familie.<\/a><\/h2><p class=\"\"   >Unser Naturcampingplatz in S\u00fcdburgund bietet Ihnen zahlreiche Aktivit\u00e4ten und Ausflugsziele:<br>das Schloss von Cormatin und sein Labyrinth sind nur 500 m vom Campingplatz entfernt, oder nutzen Sie unseren Fahrradverleih, um die mittelalterliche Stadt Cluny und ihre Abtei zu entdecken.<\/p><div class=\"lireplus fc-mob\"><p class=\"\"   >Lesen Sie mehr<\/p><div class=\"group\"><p class=\"\"   >Sie sind auch ideal gelegen, um die Weinstra\u00dfe von Burgund, die romanischen Kirchen und Abteien, die H\u00f6hlen oder die Gemeinschaft von Taiz\u00e9 zu besuchen.<br>Unser Haus liegt in Cormatin und ist ein idealer Zufluchtsort f\u00fcr alle, die eine erholsame Auszeit von der Hektik der Stadt suchen.<\/p><p class=\"\"   >Wenn Sie sich f\u00fcr diesen gesch\u00fctzten Ort entscheiden, tauchen Sie v\u00f6llig in die Natur ein, wo die Ruhe und die Sch\u00f6nheit von Burgund Sie mit offenen Armen empfangen.<\/p><\/div><\/div><\/div><\/div>","protected":false},"excerpt":{"rendered":"<p>Natur, Ruhe und Gelassenheit auf einem \u00fcberschaubaren Campingplatz Campingplatz Le Hameau des Champs in der N\u00e4he von Cluny Willkommen auf dem Campingplatz Le Hameau des Champs*** im Herzen des Dorfes Cormatin. Der 3-Sterne Campingplatz Le Hameau des Champs liegt in der Gemeinde Cormatin, 15 Autominuten von Cluny entfernt, an der Weinstra\u00dfe von Burgund. Unser Campingplatz [&hellip;]<\/p>\n","protected":false},"author":1,"featured_media":0,"parent":0,"menu_order":0,"comment_status":"closed","ping_status":"closed","template":"","meta":{"_acf_changed":false,"footnotes":""},"acf":[],"_links":{"self":[{"href":"https:\/\/www.le-hameau-des-champs.com\/de\/wp-json\/wp\/v2\/pages\/1293"}],"collection":[{"href":"https:\/\/www.le-hameau-des-champs.com\/de\/wp-json\/wp\/v2\/pages"}],"about":[{"href":"https:\/\/www.le-hameau-des-champs.com\/de\/wp-json\/wp\/v2\/types\/page"}],"author":[{"embeddable":true,"href":"https:\/\/www.le-hameau-des-champs.com\/de\/wp-json\/wp\/v2\/users\/1"}],"replies":[{"embeddable":true,"href":"https:\/\/www.le-hameau-des-champs.com\/de\/wp-json\/wp\/v2\/comments?post=1293"}],"version-history":[{"count":15,"href":"https:\/\/www.le-hameau-des-champs.com\/de\/wp-json\/wp\/v2\/pages\/1293\/revisions"}],"predecessor-version":[{"id":1816,"href":"https:\/\/www.le-hameau-des-champs.com\/de\/wp-json\/wp\/v2\/pages\/1293\/revisions\/1816"}],"wp:attachment":[{"href":"https:\/\/www.le-hameau-des-champs.com\/de\/wp-json\/wp\/v2\/media?parent=1293"}],"curies":[{"name":"wp","href":"https:\/\/api.w.org\/{rel}","templated":true}]}}