{"id":1294,"date":"2024-10-16T12:04:03","date_gmt":"2024-10-16T10:04:03","guid":{"rendered":"https:\/\/www.le-hameau-des-champs.com\/emplacements-camping-saone-et-loire\/"},"modified":"2024-11-28T12:08:48","modified_gmt":"2024-11-28T11:08:48","slug":"standorte","status":"publish","type":"page","link":"https:\/\/www.le-hameau-des-champs.com\/de\/standorte\/","title":{"rendered":"Pl\u00e4tze"},"content":{"rendered":"<div class=\"diaporama-header align-full\"><div class=\"gallery\"><figure class=\"gallery__item\"><picture><source srcset=\"https:\/\/www.le-hameau-des-champs.com\/wp-content\/uploads\/2024\/10\/IMG_7540-420x420.jpg.webp\" media=\"(max-width: 210px)\"><source srcset=\"https:\/\/www.le-hameau-des-champs.com\/wp-content\/uploads\/2024\/10\/IMG_7540-850x638.jpg.webp\" media=\"(max-width: 420px)\"><source srcset=\"https:\/\/www.le-hameau-des-champs.com\/wp-content\/uploads\/2024\/10\/IMG_7540-768x576.jpg.webp\" media=\"(max-width: 850px)\"><source srcset=\"https:\/\/www.le-hameau-des-champs.com\/wp-content\/uploads\/2024\/10\/IMG_7540-1024x768.jpg.webp\" media=\"(max-width: 1024px)\"><source srcset=\"https:\/\/www.le-hameau-des-champs.com\/wp-content\/uploads\/2024\/10\/IMG_7540.jpg.webp\" media=\"(min-width: 1025px)\"><img loading=\"lazy\" decoding=\"async\" src=\"https:\/\/www.le-hameau-des-champs.com\/wp-content\/uploads\/2024\/10\/IMG_7540-420x420.jpg.webp\" width=\"420\" height=\"210\" alt=\"\" title=\"\"><\/picture><\/figure><\/div><div class=\"diaporama-header__inner\"><p class=\"h1\"   >Pl\u00e4tze<\/p><\/div><\/div>\n\n<div class=\"columns reverse-mob\"><div class=\"columns__item\"><div class=\"gallery height-adapt f-carousel fc-diapo\" data-fancybox=\"gallery\"><figure class=\"gallery__item\"><picture><source srcset=\"https:\/\/www.le-hameau-des-champs.com\/wp-content\/uploads\/2024\/10\/photo-31-1200-420x420.jpg.webp\" media=\"(max-width: 210px)\"><source srcset=\"https:\/\/www.le-hameau-des-champs.com\/wp-content\/uploads\/2024\/10\/photo-31-1200-850x482.jpg.webp\" media=\"(max-width: 420px)\"><source srcset=\"https:\/\/www.le-hameau-des-champs.com\/wp-content\/uploads\/2024\/10\/photo-31-1200-768x435.jpg.webp\" media=\"(max-width: 850px)\"><source srcset=\"https:\/\/www.le-hameau-des-champs.com\/wp-content\/uploads\/2024\/10\/photo-31-1200-1024x581.jpg.webp\" media=\"(max-width: 1024px)\"><source srcset=\"https:\/\/www.le-hameau-des-champs.com\/wp-content\/uploads\/2024\/10\/photo-31-1200.jpg.webp\" media=\"(min-width: 1025px)\"><img decoding=\"async\" src=\"https:\/\/www.le-hameau-des-champs.com\/wp-content\/uploads\/2024\/10\/photo-31-1200-420x420.jpg.webp\" width=\"420\" height=\"210\" loading=\"lazy\" alt=\"\" title=\"\"><\/picture><\/figure><figure class=\"gallery__item\"><picture><source srcset=\"https:\/\/www.le-hameau-des-champs.com\/wp-content\/uploads\/2024\/10\/photo-3-420x420.jpg.webp\" media=\"(max-width: 210px)\"><source srcset=\"https:\/\/www.le-hameau-des-champs.com\/wp-content\/uploads\/2024\/10\/photo-3.jpg.webp\" media=\"(max-width: 420px)\"><source srcset=\"https:\/\/www.le-hameau-des-champs.com\/wp-content\/uploads\/2024\/10\/photo-3.jpg.webp\" media=\"(max-width: 850px)\"><source srcset=\"https:\/\/www.le-hameau-des-champs.com\/wp-content\/uploads\/2024\/10\/photo-3.jpg.webp\" media=\"(max-width: 1024px)\"><source srcset=\"https:\/\/www.le-hameau-des-champs.com\/wp-content\/uploads\/2024\/10\/photo-3.jpg.webp\" media=\"(min-width: 1025px)\"><img decoding=\"async\" src=\"https:\/\/www.le-hameau-des-champs.com\/wp-content\/uploads\/2024\/10\/photo-3-420x420.jpg.webp\" width=\"420\" height=\"210\" loading=\"lazy\" alt=\"\" title=\"\"><\/picture><\/figure><\/div><\/div><div class=\"columns__item\"><div class=\"buttons btc-resa-empl  display-flex \" style=\"justify-content:center;\"><span class=\"buttons__btn btn-resa-empl\">Siehe die Verf\u00fcgbarkeit<\/span><\/div><h1 class=\"h2\"><strong>Stellpl\u00e4tze Camping le Hameau des Champs in Cormatin<br><\/strong><\/h1><p class=\"\"   >Der Campingplatz Le&nbsp;<strong>Hameau des Champs<\/strong>&nbsp;bietet f\u00fcr Ihren Entspannungs- oder Familienurlaub&nbsp;<strong>etwa 50 Stellpl\u00e4tze<\/strong>&nbsp;mit B\u00e4umen inmitten einer farbenfrohen und lebendigen Natur.<\/p><p class=\"\"   >Damit Ihr Aufenthalt perfekt verl\u00e4uft, stehen Ihnen&nbsp;<strong>kostenloses WLAN<\/strong>&nbsp;(50% des Campingplatzes sind \u00fcberdacht), zwei Sanit\u00e4ranlagen, von denen eine beheizt ist, zur Verf\u00fcgung.<\/p><p class=\"\"   >Unsere Stellpl\u00e4tze sind ab 11\u20ac f\u00fcr 1 Person mit Fahrrad und 16\u20ac f\u00fcr 1 Person mit einem Fahrzeug.<\/p><p class=\"\"   >Regnet es? Der Hameau des Champs stellt Ihnen eine&nbsp;<strong>franz\u00f6sische Jurte<\/strong>&nbsp;zur Verf\u00fcgung, in der Sie gesch\u00fctzt essen, Gesellschaftsspiele teilen\u2026<\/p><\/div><\/div>\n\n<div class=\"group sec-05 align-full has-background has-fond-background-color\" style=\"background-color:var(--fond);\"><div class=\"gallery col-2 f-carousel fc-diapo\" data-fancybox=\"gallery\"><figure class=\"gallery__item\"><a href=\"https:\/\/www.le-hameau-des-champs.com\/de\/standorte-grun-cormatin\/\"><picture><source srcset=\"https:\/\/www.le-hameau-des-champs.com\/wp-content\/uploads\/2024\/10\/photo-32-1920-420x420.jpg.webp\" media=\"(max-width: 210px)\"><source srcset=\"https:\/\/www.le-hameau-des-champs.com\/wp-content\/uploads\/2024\/10\/photo-32-1920-850x638.jpg.webp\" media=\"(max-width: 420px)\"><source srcset=\"https:\/\/www.le-hameau-des-champs.com\/wp-content\/uploads\/2024\/10\/photo-32-1920-768x576.jpg.webp\" media=\"(max-width: 850px)\"><source srcset=\"https:\/\/www.le-hameau-des-champs.com\/wp-content\/uploads\/2024\/10\/photo-32-1920-1024x768.jpg.webp\" media=\"(max-width: 1024px)\"><source srcset=\"https:\/\/www.le-hameau-des-champs.com\/wp-content\/uploads\/2024\/10\/photo-32-1920.jpg.webp\" media=\"(min-width: 1025px)\"><img decoding=\"async\" src=\"https:\/\/www.le-hameau-des-champs.com\/wp-content\/uploads\/2024\/10\/photo-32-1920-420x420.jpg.webp\" width=\"420\" height=\"210\" loading=\"lazy\" alt=\"\" title=\"\"><\/picture><figcaption>Gr\u00fcne Stellpl\u00e4tze<\/figcaption><\/a><\/figure><figure class=\"gallery__item\"><a href=\"https:\/\/www.le-hameau-des-champs.com\/de\/stellplatze-grosserer-komfort-caravan-cormatin\/\"><picture><source srcset=\"https:\/\/www.le-hameau-des-champs.com\/wp-content\/uploads\/2024\/10\/photo-4-1-420x420.png.webp\" media=\"(max-width: 210px)\"><source srcset=\"https:\/\/www.le-hameau-des-champs.com\/wp-content\/uploads\/2024\/10\/photo-4-1-850x600.png.webp\" media=\"(max-width: 420px)\"><source srcset=\"https:\/\/www.le-hameau-des-champs.com\/wp-content\/uploads\/2024\/10\/photo-4-1-768x542.png.webp\" media=\"(max-width: 850px)\"><source srcset=\"https:\/\/www.le-hameau-des-champs.com\/wp-content\/uploads\/2024\/10\/photo-4-1.png.webp\" media=\"(max-width: 1024px)\"><source srcset=\"https:\/\/www.le-hameau-des-champs.com\/wp-content\/uploads\/2024\/10\/photo-4-1.png.webp\" media=\"(min-width: 1025px)\"><img decoding=\"async\" src=\"https:\/\/www.le-hameau-des-champs.com\/wp-content\/uploads\/2024\/10\/photo-4-1-420x420.png.webp\" width=\"420\" height=\"210\" loading=\"lazy\" alt=\"\" title=\"\"><\/picture><figcaption>Stellpl\u00e4tze Gro\u00dfer Komfort Wohnwagen<\/figcaption><\/a><\/figure><figure class=\"gallery__item\"><a href=\"https:\/\/www.le-hameau-des-champs.com\/de\/standorte-velos-randos-cormatin\/\"><picture><source srcset=\"https:\/\/www.le-hameau-des-champs.com\/wp-content\/uploads\/2024\/10\/photo-5-420x420.webp\" media=\"(max-width: 210px)\"><source srcset=\"https:\/\/www.le-hameau-des-champs.com\/wp-content\/uploads\/2024\/10\/photo-5-850x638.webp\" media=\"(max-width: 420px)\"><source srcset=\"https:\/\/www.le-hameau-des-champs.com\/wp-content\/uploads\/2024\/10\/photo-5-768x576.webp\" media=\"(max-width: 850px)\"><source srcset=\"https:\/\/www.le-hameau-des-champs.com\/wp-content\/uploads\/2024\/10\/photo-5-1024x768.webp\" media=\"(max-width: 1024px)\"><source srcset=\"https:\/\/www.le-hameau-des-champs.com\/wp-content\/uploads\/2024\/10\/photo-5.webp\" media=\"(min-width: 1025px)\"><img decoding=\"async\" src=\"https:\/\/www.le-hameau-des-champs.com\/wp-content\/uploads\/2024\/10\/photo-5-420x420.webp\" width=\"420\" height=\"210\" loading=\"lazy\" alt=\"\" title=\"\"><\/picture><figcaption>Fahrrad-\/Randostellpl\u00e4tze<\/figcaption><\/a><\/figure><\/div><\/div>\n\n<h2 id=\"aire-de-camping-car-camping-cluny\" style=\"text-align: left;\">Natururlaub auf dem Campingplatz in Cormatin<\/h2>\n\n<p class=\"\"  id=\"1293\" >Unser Campingplatz&nbsp;<a href=\"https:\/\/www.le-hameau-des-champs.com\/de\/\" data-type=\"page\" data-id=\"1293\">Le Hameau des Champs<\/a>&nbsp;empf\u00e4ngt Sie auf 1,5 Hektar mit<strong>etwa 50 Stellpl\u00e4tzen von<\/strong>&nbsp;jeweils<strong>ca. 100m\u00b2<\/strong>&nbsp;in einer naturreichen Umgebung, in der Sie bl\u00fchende B\u00e4ume bewundern und dem Gesang der V\u00f6gel lauschen k\u00f6nnen.<\/p>\n\n<p class=\"\"   >M\u00f6chten Sie einen Campingurlaub in einer nat\u00fcrlichen und weitl\u00e4ufigen Umgebung genie\u00dfen? Unsere ruhigen und geselligen Stellpl\u00e4tze werden Sie zufriedenstellen.&nbsp;<strong>Wasserstellen<\/strong>&nbsp;stehen in der N\u00e4he der Stellpl\u00e4tze zur Verf\u00fcgung.<\/p>\n\n<p class=\"\"  id=\"https:\/\/www.le-hameau-des-champs.com\/de\/burgund-entdecken\/\" >Von den Stellpl\u00e4tzen aus haben Sie&nbsp;<a href=\"https:\/\/www.le-hameau-des-champs.com\/de\/burgund-entdecken\/\" data-type=\"link\" data-id=\"https:\/\/www.le-hameau-des-champs.com\/de\/burgund-entdecken\/\">direkten Zugang zum Gr\u00fcnen Weg<\/a>&nbsp;sowie zu einem st\u00e4dtischen Spielplatz mit&nbsp;<strong>City-Stadion<\/strong>.<\/p>\n\n<div class=\"lireplus fc-desk\"><p class=\"\"   >Lesen Sie mehr<\/p><div class=\"group\"><h2 id=\"un-camping-nature-en-bourgogne-a-cormatin\" style=\"text-align: left;\">Ein Naturcampingplatz in Burgund in Cormatin<\/h2><p class=\" has-text-left\" style=\"text-align: left;\"  >Unser <strong>Naturcampingplatz in Burgund<\/strong>, Le Hameau des Champs, empf\u00e4ngt Sie auf 1,5 Hektar mit<strong>50 Campingpl\u00e4tzen von<\/strong> je<strong>ca. 100m\u00b2<\/strong> in einer naturreichen Umgebung, wo Sie bl\u00fchende B\u00e4ume bewundern und dem Gesang der V\u00f6gel lauschen k\u00f6nnen.<\/p><p class=\" has-text-left\" style=\"text-align: left;\"  >M\u00f6chten Sie einen Campingurlaub in einer nat\u00fcrlichen und ger\u00e4umigen Umgebung genie\u00dfen? Unsere <strong>ruhigen und freundlichen Campingpl\u00e4tze<\/strong> werden Sie zufrieden stellen. Wasserstellen stehen in der N\u00e4he der Stellpl\u00e4tze zur Verf\u00fcgung.  <\/p><p class=\" has-text-left\" style=\"text-align: left;\" id=\"https:\/\/www.le-hameau-des-champs.com\/de\/burgund-entdecken\/\" >Von den Stellpl\u00e4tzen aus haben Sie direkten Zugang zum Gr\u00fcnen Weg und zu einem st\u00e4dtischen Spielplatz mit <strong>City Stadium<\/strong>. Nutzen Sie Ihren Aufenthalt auch, um die <a href=\"https:\/\/www.le-hameau-des-champs.com\/de\/burgund-entdecken\/\" data-type=\"link\" data-id=\"https:\/\/www.le-hameau-des-champs.com\/de\/burgund-entdecken\/\">besten Sehensw\u00fcrdigkeiten von Burgund<\/a> zu entdecken!<\/p><h2 id=\"emplacements-de-camping-en-bourgogne\">Campingpl\u00e4tze in Burgund<\/h2><p class=\"\"   >Im Herzen von Burgund bietet der 3* Campingplatz Hameau des Champs ein einzigartiges Naturcamping-Erlebnis. Ideal f\u00fcr alle, die einen ruhigen und erholsamen Urlaub suchen, zeichnet sich diese Anlage durch ihre ger\u00e4umigen und gut gepflegten <strong>Campingpl\u00e4tze in der N\u00e4he von Cluny<\/strong> aus, die perfekt in eine gr\u00fcne und gesch\u00fctzte Umgebung integriert sind. <\/p><p class=\"\"   >Die <strong>Campingpl\u00e4tze in Cormatin<\/strong> garantieren Ihnen Privatsph\u00e4re und Ruhe, so dass die Urlauber in die Natur eintauchen k\u00f6nnen, w\u00e4hrend sie gleichzeitig optimalen Komfort genie\u00dfen. Ob mit Zelt, Wohnwagen oder Wohnmobil, jeder unserer Stellpl\u00e4tze ist f\u00fcr Ihre Bed\u00fcrfnisse ausgestattet, mit Stromanschl\u00fcssen und einfachem Zugang zu modernen und sauberen Sanit\u00e4ranlagen. <\/p><p class=\"\"   >Le Hameau des Champs ist der ideale Ort f\u00fcr Naturliebhaber, die das Burgund erkunden m\u00f6chten. Vom Campingplatz aus k\u00f6nnen Sie die umliegenden Weinberge und die historischen Schl\u00f6sser entdecken, die den Charme der Region ausmachen. Nach einem Tag voller Besichtigungen k\u00f6nnen Sie die Ruhe Ihres <strong>Campingplatzes<\/strong> genie\u00dfen und einen Abend unter dem Sternenhimmel verbringen.  <\/p><p class=\"\"   >Entscheiden Sie sich f\u00fcr einen <strong>Naturcampingplatz in Burgund<\/strong> im Hameau des Champs und tauchen Sie auf einem unserer <strong>Campingpl\u00e4tze<\/strong> in die Ruhe und Sch\u00f6nheit der burgundischen Landschaft ein.<\/p><\/div><\/div>","protected":false},"excerpt":{"rendered":"<p>Pl\u00e4tze Stellpl\u00e4tze Camping le Hameau des Champs in Cormatin Der Campingplatz Le&nbsp;Hameau des Champs&nbsp;bietet f\u00fcr Ihren Entspannungs- oder Familienurlaub&nbsp;etwa 50 Stellpl\u00e4tze&nbsp;mit B\u00e4umen inmitten einer farbenfrohen und lebendigen Natur. Damit Ihr Aufenthalt perfekt verl\u00e4uft, stehen Ihnen&nbsp;kostenloses WLAN&nbsp;(50% des Campingplatzes sind \u00fcberdacht), zwei Sanit\u00e4ranlagen, von denen eine beheizt ist, zur Verf\u00fcgung. Unsere Stellpl\u00e4tze sind ab 11\u20ac f\u00fcr [&hellip;]<\/p>\n","protected":false},"author":1,"featured_media":0,"parent":0,"menu_order":0,"comment_status":"closed","ping_status":"closed","template":"","meta":{"_acf_changed":false,"footnotes":""},"acf":[],"_links":{"self":[{"href":"https:\/\/www.le-hameau-des-champs.com\/de\/wp-json\/wp\/v2\/pages\/1294"}],"collection":[{"href":"https:\/\/www.le-hameau-des-champs.com\/de\/wp-json\/wp\/v2\/pages"}],"about":[{"href":"https:\/\/www.le-hameau-des-champs.com\/de\/wp-json\/wp\/v2\/types\/page"}],"author":[{"embeddable":true,"href":"https:\/\/www.le-hameau-des-champs.com\/de\/wp-json\/wp\/v2\/users\/1"}],"replies":[{"embeddable":true,"href":"https:\/\/www.le-hameau-des-champs.com\/de\/wp-json\/wp\/v2\/comments?post=1294"}],"version-history":[{"count":5,"href":"https:\/\/www.le-hameau-des-champs.com\/de\/wp-json\/wp\/v2\/pages\/1294\/revisions"}],"predecessor-version":[{"id":1518,"href":"https:\/\/www.le-hameau-des-champs.com\/de\/wp-json\/wp\/v2\/pages\/1294\/revisions\/1518"}],"wp:attachment":[{"href":"https:\/\/www.le-hameau-des-champs.com\/de\/wp-json\/wp\/v2\/media?parent=1294"}],"curies":[{"name":"wp","href":"https:\/\/api.w.org\/{rel}","templated":true}]}}