{"id":1301,"date":"2024-10-16T12:04:03","date_gmt":"2024-10-16T10:04:03","guid":{"rendered":"https:\/\/www.le-hameau-des-champs.com\/camping-cormatin-piscine\/"},"modified":"2024-11-28T12:19:36","modified_gmt":"2024-11-28T11:19:36","slug":"swimmingpool","status":"publish","type":"page","link":"https:\/\/www.le-hameau-des-champs.com\/de\/swimmingpool\/","title":{"rendered":"Swimmingpool"},"content":{"rendered":"<div class=\"diaporama-header align-full\"><div class=\"gallery\"><figure class=\"gallery__item\"><picture><source srcset=\"https:\/\/www.le-hameau-des-champs.com\/wp-content\/uploads\/2024\/10\/piscine-420x420.webp\" media=\"(max-width: 210px)\"><source srcset=\"https:\/\/www.le-hameau-des-champs.com\/wp-content\/uploads\/2024\/10\/piscine-850x638.webp\" media=\"(max-width: 420px)\"><source srcset=\"https:\/\/www.le-hameau-des-champs.com\/wp-content\/uploads\/2024\/10\/piscine-768x576.webp\" media=\"(max-width: 850px)\"><source srcset=\"https:\/\/www.le-hameau-des-champs.com\/wp-content\/uploads\/2024\/10\/piscine-1024x768.webp\" media=\"(max-width: 1024px)\"><source srcset=\"https:\/\/www.le-hameau-des-champs.com\/wp-content\/uploads\/2024\/10\/piscine.webp\" media=\"(min-width: 1025px)\"><img loading=\"lazy\" decoding=\"async\" src=\"https:\/\/www.le-hameau-des-champs.com\/wp-content\/uploads\/2024\/10\/piscine-420x420.webp\" width=\"420\" height=\"210\" alt=\"\" title=\"\"><\/picture><\/figure><\/div><div class=\"diaporama-header__inner\"><p class=\"h1\"   >Wir sehen uns am Pool!  <\/p><\/div><\/div>\n\n<div class=\"columns sec-15\"><div class=\"columns__item\"><p class=\"encart has-text-center\" style=\"text-align: center;\"  >Baden f\u00fcr Gro\u00df und Klein<\/p><ul><li><strong>Beheizter Au\u00dfenpool von April bis September<\/strong> (wetterabh\u00e4ngig)\n<\/li><li><strong>ein Becken f\u00fcr die Gro\u00dfen<\/strong>\n<\/li><li><strong>ein Planschbecken<\/strong> f\u00fcr die Kleinen\n<\/li><li><strong>Entspannungsbereiche<\/strong>\n<\/li><\/ul><p class=\"\"   ><em>Der Pool ist von 9.00 bis 20.00 Uhr ge\u00f6ffnet und wird je nach Wetterlage beheizt, um die Natur zu respektieren (z.B. wird der Pool in einer k\u00fchlen oder regnerischen Woche nicht f\u00fcr einen Tag mit sch\u00f6nem Wetter beheizt).<\/em><\/p><p class=\" has-orange-color \" style=\"color: var(--orange);\"  ><em>Zweiteilige oder einteilige Badeanz\u00fcge f\u00fcr Frauen und kurze Badeanz\u00fcge (Boxershorts, Speedo) f\u00fcr M\u00e4nner sind die einzige erlaubte Kleidung.<\/em><\/p><\/div><div class=\"columns__item\"><figure class=\"height-adapt\"><picture><source srcset=\"https:\/\/www.le-hameau-des-champs.com\/wp-content\/uploads\/2024\/10\/photo-14-mini-420x420.jpg.webp\" media=\"(max-width: 210px)\"><source srcset=\"https:\/\/www.le-hameau-des-champs.com\/wp-content\/uploads\/2024\/10\/photo-14-mini-850x638.jpg.webp\" media=\"(max-width: 420px)\"><source srcset=\"https:\/\/www.le-hameau-des-champs.com\/wp-content\/uploads\/2024\/10\/photo-14-mini-768x576.jpg.webp\" media=\"(max-width: 850px)\"><source srcset=\"https:\/\/www.le-hameau-des-champs.com\/wp-content\/uploads\/2024\/10\/photo-14-mini-1024x768.jpg.webp\" media=\"(max-width: 1024px)\"><source srcset=\"https:\/\/www.le-hameau-des-champs.com\/wp-content\/uploads\/2024\/10\/photo-14-mini.jpg.webp\" media=\"(min-width: 1025px)\"><img decoding=\"async\" src=\"https:\/\/www.le-hameau-des-champs.com\/wp-content\/uploads\/2024\/10\/photo-14-mini-420x420.jpg.webp\" width=\"420\" height=\"210\" loading=\"lazy\" alt=\"\" title=\"\"><\/picture><\/figure><\/div><div class=\"columns__item\"><figure><picture><source srcset=\"https:\/\/www.le-hameau-des-champs.com\/wp-content\/uploads\/2024\/10\/photo-6-1-420x420.jpg.webp\" media=\"(max-width: 210px)\"><source srcset=\"https:\/\/www.le-hameau-des-champs.com\/wp-content\/uploads\/2024\/10\/photo-6-1-850x525.jpg.webp\" media=\"(max-width: 420px)\"><source srcset=\"https:\/\/www.le-hameau-des-champs.com\/wp-content\/uploads\/2024\/10\/photo-6-1-768x474.jpg.webp\" media=\"(max-width: 850px)\"><source srcset=\"https:\/\/www.le-hameau-des-champs.com\/wp-content\/uploads\/2024\/10\/photo-6-1.jpg.webp\" media=\"(max-width: 1024px)\"><source srcset=\"https:\/\/www.le-hameau-des-champs.com\/wp-content\/uploads\/2024\/10\/photo-6-1.jpg.webp\" media=\"(min-width: 1025px)\"><img decoding=\"async\" src=\"https:\/\/www.le-hameau-des-champs.com\/wp-content\/uploads\/2024\/10\/photo-6-1-420x420.jpg.webp\" width=\"420\" height=\"210\" style=\"object-fit:cover;\" loading=\"lazy\" alt=\"\" title=\"\"><\/picture><\/figure><\/div><div class=\"columns__item\"><figure><picture><source srcset=\"https:\/\/www.le-hameau-des-champs.com\/wp-content\/uploads\/2024\/10\/photo-7-1-1-420x420.jpg.webp\" media=\"(max-width: 210px)\"><source srcset=\"https:\/\/www.le-hameau-des-champs.com\/wp-content\/uploads\/2024\/10\/photo-7-1-1-850x525.jpg.webp\" media=\"(max-width: 420px)\"><source srcset=\"https:\/\/www.le-hameau-des-champs.com\/wp-content\/uploads\/2024\/10\/photo-7-1-1-768x474.jpg.webp\" media=\"(max-width: 850px)\"><source srcset=\"https:\/\/www.le-hameau-des-champs.com\/wp-content\/uploads\/2024\/10\/photo-7-1-1.jpg.webp\" media=\"(max-width: 1024px)\"><source srcset=\"https:\/\/www.le-hameau-des-champs.com\/wp-content\/uploads\/2024\/10\/photo-7-1-1.jpg.webp\" media=\"(min-width: 1025px)\"><img decoding=\"async\" src=\"https:\/\/www.le-hameau-des-champs.com\/wp-content\/uploads\/2024\/10\/photo-7-1-1-420x420.jpg.webp\" width=\"420\" height=\"210\" style=\"object-fit:cover;\" loading=\"lazy\" alt=\"\" title=\"\"><\/picture><\/figure><\/div><\/div>\n\n<h1 class=\"h2\">Ein Wasserbereich f\u00fcr eine Erfrischung!<\/h1>\n\n<p class=\"\"   >Auf unserem&nbsp;<strong>Campingplatz Burgund<\/strong>&nbsp;mit Pool k\u00f6nnen Sie ein erfrischendes Bad, ein Sonnenbad oder ein Eis auf der Terrasse genie\u00dfen, mit Freunden oder der Familie am Pool, der ein echter Ort des Wiedersehens ist!<\/p>\n\n<p class=\"\"   >Das von April bis September (je nach Wetterlage)&nbsp;<strong>beheizte Schwimmbad<\/strong>&nbsp;besteht aus<strong>einem Becken f\u00fcr die Gro\u00dfen<\/strong>&nbsp;und<strong>einem Planschbecken<\/strong>&nbsp;f\u00fcr die Kleinen!<br>Es&nbsp;<strong>gibt auch ruhige<\/strong>&nbsp;Entspannungsbereiche, in denen man sich dem Lesen widmen kann \u2013 oder einfach nur ausruhen!<\/p>\n\n<p class=\"\"   >Zweiteiliges oder einteiliges Trikot f\u00fcr Frauen und kurzes Trikot f\u00fcr M\u00e4nner sind die einzigen Kleidungsst\u00fccke, die erlaubt sind.<\/p>\n\n<div class=\"lireplus fc-desk\"><p class=\" has-text-center\" style=\"text-align: center;\"  >Lesen Sie mehr<\/p><div class=\"group\"><h2>Gr\u00fcner Weg, Fluss \u2026 und Angeln!<\/h2><p class=\"\"   >Nach einem Tag auf den Wegen und dem Gr\u00fcnen Weg, mit dem Fahrrad, zu Fu\u00df oder auch mit Inline-Skates, k\u00f6nnen Sie sich ausruhen und den Fluss f\u00fcr&nbsp;<strong>Angelaktivit\u00e4ten<\/strong>&nbsp;am Wasser nutzen oder sich im Schwimmbad abk\u00fchlen!<\/p><p class=\"\"   >F\u00fcr Angelfreunde gibt es in unserem Dorf Angelkarten zu kaufen.<\/p><div class=\"columns\"><div class=\"columns__item\"><h2>Campingplatz in der N\u00e4he von Cluny mit beheiztem Schwimmbad<\/h2><p class=\"\"  id=\"73\" >Unser <a href=\"https:\/\/www.le-hameau-des-champs.com\/de\/\" data-type=\"page\" data-id=\"73\">Campingplatz in der N\u00e4he von Cluny<\/a> bietet Ihnen einen <strong>beheizten Au\u00dfenpool<\/strong>, der <strong>von April bis September<\/strong> (je nach Wetterlage) <strong>beheizt<\/strong> wird und aus<strong>einem Becken f\u00fcr die Gro\u00dfen<\/strong> und<strong>einem Planschbecken<\/strong> f\u00fcr die Kleinen besteht! <br>Es gibt auch <strong>ruhige Bereiche<\/strong>, in denen Sie lesen oder sich ausruhen k\u00f6nnen.<\/p><p class=\"\"   >Zweiteilige oder einteilige Badeanz\u00fcge f\u00fcr Frauen und kurze Badeanz\u00fcge f\u00fcr M\u00e4nner sind die einzige erlaubte Kleidung.<\/p><h2>Ein Planschbecken f\u00fcr die Kleinsten!<\/h2><p class=\"\"   >Auch die Kleinsten werden ihren <strong>Urlaub in der N\u00e4he von Cluny<\/strong> genie\u00dfen, indem sie sich im <strong>Planschbecken <\/strong> erfrischen und am\u00fcsieren! Die geringe Wassertiefe sorgt f\u00fcr ihre <strong>Sicherheit <\/strong>und beruhigt auch die Eltern.<\/p><h2>Welche Aktivit\u00e4ten k\u00f6nnen Sie rund um den Pool unternehmen?<\/h2><p class=\"\"  id=\"https:\/\/www.le-hameau-des-champs.com\/de\/dienstleistungen-camping-bourgogne\/\" >Nach einem erfrischenden Bad im Pool des Campingplatzes k\u00f6nnen Sie die Aktivit\u00e4ten rund um den Pool genie\u00dfen! Es gibt eine <strong>Tischtennisplatte<\/strong>, einen <strong>Bouleplatz<\/strong> und <strong>Spielpl\u00e4tze f\u00fcr die Kinder<\/strong>. Die Gr\u00f6\u00dferen k\u00f6nnen sich auch im City Stadium austoben, einem <strong>Multisportplatz<\/strong>, auf dem sie Fu\u00dfball, Basketball oder Handball im Freien spielen k\u00f6nnen! Unser <strong>Campingplatz in Burgund mit Schwimmbad<\/strong> bietet <a href=\"https:\/\/www.le-hameau-des-champs.com\/de\/dienstleistungen-camping-bourgogne\/\" data-type=\"link\" data-id=\"https:\/\/www.le-hameau-des-champs.com\/de\/dienstleistungen-camping-bourgogne\/\">Freizeitaktivit\u00e4ten<\/a> f\u00fcr Erwachsene und Kinder, um Ihren Aufenthalt in Cormatin zu versch\u00f6nern.<\/p><\/div><div class=\"columns__item\"><p class=\"\"   >Gr\u00fcner Weg, Fluss&#8230; und Angeln!<\/p><h2>Entdecken Sie die Seen und Fischteiche in der N\u00e4he des Campingplatzes in Burgund<\/h2><p class=\"\"   >Burgund ist eine Region mit vielen Seen und <strong>Angelteichen<\/strong> f\u00fcr Ihren <strong>Campingurlaub in der N\u00e4he von Cluny<\/strong>. Liebhaber k\u00f6nnen ihrem Lieblingshobby nicht weit von unserer Anlage entfernt fr\u00f6nen! <\/p><h2>Campingplatz am Flussufer in Burgund<\/h2><p class=\"\"   >Nach einem Tag auf den Wanderwegen und dem Gr\u00fcnen Weg, mit dem Fahrrad, zu Fu\u00df oder auf Inline-Skates, k\u00f6nnen Sie sich ausruhen und den <strong>Fluss Grosne<\/strong> zum <strong>Angeln<\/strong> nutzen. Der Fluss Grosne ist 100 km lang und hat in seinem mittleren Abschnitt bei <strong>Cluny und Cormatin<\/strong> einige Str\u00f6mungen.   <\/p><\/div><\/div><p class=\"\"   ><\/p><\/div><\/div>","protected":false},"excerpt":{"rendered":"<p>Wir sehen uns am Pool! Baden f\u00fcr Gro\u00df und Klein Der Pool ist von 9.00 bis 20.00 Uhr ge\u00f6ffnet und wird je nach Wetterlage beheizt, um die Natur zu respektieren (z.B. wird der Pool in einer k\u00fchlen oder regnerischen Woche nicht f\u00fcr einen Tag mit sch\u00f6nem Wetter beheizt). Zweiteilige oder einteilige Badeanz\u00fcge f\u00fcr Frauen und [&hellip;]<\/p>\n","protected":false},"author":1,"featured_media":0,"parent":0,"menu_order":0,"comment_status":"closed","ping_status":"closed","template":"","meta":{"_acf_changed":false,"footnotes":""},"acf":[],"_links":{"self":[{"href":"https:\/\/www.le-hameau-des-champs.com\/de\/wp-json\/wp\/v2\/pages\/1301"}],"collection":[{"href":"https:\/\/www.le-hameau-des-champs.com\/de\/wp-json\/wp\/v2\/pages"}],"about":[{"href":"https:\/\/www.le-hameau-des-champs.com\/de\/wp-json\/wp\/v2\/types\/page"}],"author":[{"embeddable":true,"href":"https:\/\/www.le-hameau-des-champs.com\/de\/wp-json\/wp\/v2\/users\/1"}],"replies":[{"embeddable":true,"href":"https:\/\/www.le-hameau-des-champs.com\/de\/wp-json\/wp\/v2\/comments?post=1301"}],"version-history":[{"count":3,"href":"https:\/\/www.le-hameau-des-champs.com\/de\/wp-json\/wp\/v2\/pages\/1301\/revisions"}],"predecessor-version":[{"id":1526,"href":"https:\/\/www.le-hameau-des-champs.com\/de\/wp-json\/wp\/v2\/pages\/1301\/revisions\/1526"}],"wp:attachment":[{"href":"https:\/\/www.le-hameau-des-champs.com\/de\/wp-json\/wp\/v2\/media?parent=1301"}],"curies":[{"name":"wp","href":"https:\/\/api.w.org\/{rel}","templated":true}]}}