{"id":1306,"date":"2024-10-16T12:04:03","date_gmt":"2024-10-16T10:04:03","guid":{"rendered":"https:\/\/www.le-hameau-des-champs.com\/camping-cluny-bourgogne\/"},"modified":"2024-11-28T12:13:53","modified_gmt":"2024-11-28T11:13:53","slug":"campingplatz-cluny-bourgogne","status":"publish","type":"page","link":"https:\/\/www.le-hameau-des-champs.com\/de\/campingplatz-cluny-bourgogne\/","title":{"rendered":"SEO &#8211; Campingplatz Cluny (71) Burgund"},"content":{"rendered":"<div class=\"diaporama-header align-full\"><div class=\"gallery\"><figure class=\"gallery__item\"><picture><source srcset=\"https:\/\/www.le-hameau-des-champs.com\/wp-content\/uploads\/2024\/10\/rochedesolutre-cluny-420x420.jpeg.webp\" media=\"(max-width: 210px)\"><source srcset=\"https:\/\/www.le-hameau-des-champs.com\/wp-content\/uploads\/2024\/10\/rochedesolutre-cluny-850x563.jpeg.webp\" media=\"(max-width: 420px)\"><source srcset=\"https:\/\/www.le-hameau-des-champs.com\/wp-content\/uploads\/2024\/10\/rochedesolutre-cluny-768x509.jpeg.webp\" media=\"(max-width: 850px)\"><source srcset=\"https:\/\/www.le-hameau-des-champs.com\/wp-content\/uploads\/2024\/10\/rochedesolutre-cluny-1024x678.jpeg.webp\" media=\"(max-width: 1024px)\"><source srcset=\"https:\/\/www.le-hameau-des-champs.com\/wp-content\/uploads\/2024\/10\/rochedesolutre-cluny-scaled.jpeg.webp\" media=\"(min-width: 1025px)\"><img loading=\"lazy\" decoding=\"async\" src=\"https:\/\/www.le-hameau-des-champs.com\/wp-content\/uploads\/2024\/10\/rochedesolutre-cluny-420x420.jpeg.webp\" width=\"420\" height=\"210\" alt=\"\" title=\"\"><\/picture><\/figure><\/div><div class=\"diaporama-header__inner\"><h1>Campingplatz in Cluny in Burgund: <br>Le Hameau des Champs<\/h1><\/div><\/div>\n\n<p class=\"\"  id=\"https:\/\/www.le-hameau-des-champs.com\/de\/alentours\/cluny\/\" ><a href=\"https:\/\/www.le-hameau-des-champs.com\/de\/alentours\/cluny\/\" data-type=\"link\" data-id=\"https:\/\/www.le-hameau-des-champs.com\/de\/alentours\/cluny\/\">Cluny<\/a>, eine wichtige mittelalterliche Stadt in der Region Burgund, ist eine Stadt voller Charme und Kultur. Die Abtei ist ein Muss, aber die Stadt ist auch f\u00fcr ihre Gastronomie und ihre guten Weine bekannt. Die burgundischen H\u00fcgel, die historischen Schl\u00f6sser der Region und der ber\u00fchmte Solutr\u00e9-Felsen sind nur einige der vielen Vorteile, die einen sch\u00f6nen Urlaub auf einem <a href=\"https:\/\/www.le-hameau-des-champs.com\/de\/\" data-type=\"page\" data-id=\"73\">Campingplatz in Cluny<\/a> ausmachen. Der 3-Sterne-Campingplatz Le Hameau des Champs liegt 15 Autominuten von Cluny entfernt und bietet Ihnen einen entspannenden und erlebnisreichen Aufenthalt im Gr\u00fcnen und in ruhiger Lage.<\/p>\n\n<h2>Buchen Sie Ihr Ferienhaus in Cluny (71)<\/h2>\n\n<p class=\"\"  id=\"https:\/\/www.le-hameau-des-champs.com\/de\/campingplatz-wein-route-burgund\/\" >F\u00fcr Ihren <strong>Urlaub in Cluny<\/strong> sollten Sie den <strong>Campingplatz Le Hameau des Champs<\/strong> in der <strong>Nachbargemeinde Cormatin<\/strong> in Betracht ziehen. Dieser <strong>naturverbundene<\/strong> Ort liegt ideal an der <a href=\"https:\/\/www.le-hameau-des-champs.com\/de\/campingplatz-wein-route-burgund\/\" data-type=\"link\" data-id=\"https:\/\/www.le-hameau-des-champs.com\/de\/campingplatz-wein-route-burgund\/\">Burgunder Weinstra\u00dfe<\/a> und ist von April bis Anfang November ge\u00f6ffnet. Der Vorteil dieses Campingplatzes ist seine traumhafte Lage im Dorf selbst und nicht weit von einem sch\u00f6nen Schloss entfernt. Ein gr\u00fcner Weg in der N\u00e4he erm\u00f6glicht sch\u00f6ne Wanderungen und Radtouren. Dieser flussnahe Weg verbindet M\u00e2con mit Chalon-sur-Sa\u00f4ne.<\/p>\n\n<div class=\"columns\"><div class=\"columns__item\" style=\"align-self:center;\"><h3>Hausmieten auf dem Campingplatz in der N\u00e4he von Cluny<\/h3><p class=\"\"  id=\"https:\/\/www.le-hameau-des-champs.com\/de\/vermietungen\/\" >Gr\u00fcne und schattige Stellpl\u00e4tze in Cluny und kleine H\u00e4user auf der Wiese, das ist das Angebot dieses charmanten, ruhigen und gastfreundlichen Campingplatzes. Die <a href=\"https:\/\/www.le-hameau-des-champs.com\/de\/vermietungen\/\" data-type=\"link\" data-id=\"https:\/\/www.le-hameau-des-champs.com\/de\/vermietungen\/\">H\u00e4user liegen mitten in der Natur<\/a> und verf\u00fcgen \u00fcber eine Terrasse, individuelle Sanit\u00e4ranlagen, eine voll ausgestattete K\u00fcche und alle notwendigen Einrichtungen, um Ihnen das Leben w\u00e4hrend Ihres Aufenthalts auf dem <a href=\"https:\/\/www.le-hameau-des-champs.com\/de\/campingplatz-bourgogne-franche-comte\/\" data-type=\"link\" data-id=\"https:\/\/www.le-hameau-des-champs.com\/de\/campingplatz-bourgogne-franche-comte\/\">Campingplatz in Burgund-Franche-Comt\u00e9<\/a> zu erleichtern. Sie k\u00f6nnen problemlos 4 bis 6 Personen beherbergen und auch Haustiere sind willkommen. Insgesamt stehen 10 H\u00e4user zur Verf\u00fcgung, darunter auch ein Haus f\u00fcr Behinderte.<\/p><div class=\"buttons\"><span class=\"buttons__btn btn-resa-loc\">Buchen Sie ein Haus<\/span><\/div><\/div><div class=\"columns__item\"><figure><picture><source srcset=\"https:\/\/www.le-hameau-des-champs.com\/wp-content\/uploads\/2024\/10\/photo-27-420x420.jpg.webp\" media=\"(max-width: 210px)\"><source srcset=\"https:\/\/www.le-hameau-des-champs.com\/wp-content\/uploads\/2024\/10\/photo-27-850x638.jpg.webp\" media=\"(max-width: 420px)\"><source srcset=\"https:\/\/www.le-hameau-des-champs.com\/wp-content\/uploads\/2024\/10\/photo-27-768x576.jpg.webp\" media=\"(max-width: 850px)\"><source srcset=\"https:\/\/www.le-hameau-des-champs.com\/wp-content\/uploads\/2024\/10\/photo-27-1024x768.jpg.webp\" media=\"(max-width: 1024px)\"><source srcset=\"https:\/\/www.le-hameau-des-champs.com\/wp-content\/uploads\/2024\/10\/photo-27.jpg.webp\" media=\"(min-width: 1025px)\"><img decoding=\"async\" src=\"https:\/\/www.le-hameau-des-champs.com\/wp-content\/uploads\/2024\/10\/photo-27-420x420.jpg.webp\" width=\"420\" height=\"210\" loading=\"lazy\" alt=\"\" title=\"\"><\/picture><\/figure><\/div><\/div>\n\n<div class=\"columns reverse-mob\"><div class=\"columns__item\"><figure><picture><source srcset=\"https:\/\/www.le-hameau-des-champs.com\/wp-content\/uploads\/2024\/10\/photo-32-1920-420x420.jpg.webp\" media=\"(max-width: 210px)\"><source srcset=\"https:\/\/www.le-hameau-des-champs.com\/wp-content\/uploads\/2024\/10\/photo-32-1920-850x638.jpg.webp\" media=\"(max-width: 420px)\"><source srcset=\"https:\/\/www.le-hameau-des-champs.com\/wp-content\/uploads\/2024\/10\/photo-32-1920-768x576.jpg.webp\" media=\"(max-width: 850px)\"><source srcset=\"https:\/\/www.le-hameau-des-champs.com\/wp-content\/uploads\/2024\/10\/photo-32-1920-1024x768.jpg.webp\" media=\"(max-width: 1024px)\"><source srcset=\"https:\/\/www.le-hameau-des-champs.com\/wp-content\/uploads\/2024\/10\/photo-32-1920.jpg.webp\" media=\"(min-width: 1025px)\"><img decoding=\"async\" src=\"https:\/\/www.le-hameau-des-champs.com\/wp-content\/uploads\/2024\/10\/photo-32-1920-420x420.jpg.webp\" width=\"420\" height=\"210\" loading=\"lazy\" alt=\"\" title=\"\"><\/picture><\/figure><\/div><div class=\"columns__item\" style=\"align-self:center;\"><h3>Campingpl\u00e4tze in der N\u00e4he von Cluny<\/h3><p class=\"\"  id=\"https:\/\/www.le-hameau-des-champs.com\/de\/stellplatze-grosserer-komfort-caravan-cormatin\/\" >Es gibt 50 <a href=\"https:\/\/www.le-hameau-des-champs.com\/de\/stellplatze-grosserer-komfort-caravan-cormatin\/\" data-type=\"link\" data-id=\"https:\/\/www.le-hameau-des-champs.com\/de\/stellplatze-grosserer-komfort-caravan-cormatin\/\">Campingpl\u00e4tze<\/a>, die inmitten<strong>eines Hektars Natur<\/strong> mit B\u00e4umen, Blumen und Vogelgezwitscher liegen und 100 m\u00b2 gro\u00df sind. Es gibt zwei Sanit\u00e4ranlagen, von denen eine beheizt ist, sowie Wasserstellen. Wenn es regnet, k\u00f6nnen Sie sich in einer gem\u00fctlichen Jurte treffen, um im Schutz der Jurte zu essen und, warum nicht, Spiele und Gespr\u00e4che zu teilen. Und schlie\u00dflich k\u00f6nnen Sie in der <a href=\"https:\/\/www.le-hameau-des-champs.com\/de\/kaffee-la-belle-epoque\/\" data-type=\"link\" data-id=\"https:\/\/www.le-hameau-des-champs.com\/de\/kaffee-la-belle-epoque\/\">Lounge-Bar &#8222;La Belle Epoque&#8220;<\/a> Snacks, Eis und Erfrischungsgetr\u00e4nke genie\u00dfen. Vergessen Sie nicht, die typischen burgundischen Aperitifs zu probieren (in Ma\u00dfen, versteht sich)!<\/p><div class=\"buttons\"><span class=\"buttons__btn btn-resa-empl\">Buchen Sie einen Stellplatz<\/span><\/div><\/div><\/div>\n\n<div class=\"columns has-fond-background-color has-background\" style=\"background-color:var(--fond);\"><div class=\"columns__item\"><h2>Genie\u00dfen Sie den Campingplatz in Cluny mit Schwimmbad<\/h2><p class=\"\"  id=\"https:\/\/www.le-hameau-des-champs.com\/de\/swimmingpool\/\" >Die <strong>Freuden eines Campingurlaubs in Cluny<\/strong> sind die mit <strong>Schwimmbad <\/strong>! Der<a href=\"https:\/\/www.le-hameau-des-champs.com\/de\/swimmingpool\/\" data-type=\"link\" data-id=\"https:\/\/www.le-hameau-des-champs.com\/de\/swimmingpool\/\">Wasserbereich<\/a> wurde speziell f\u00fcr den Spa\u00df an einem Ort entworfen, der mit der Natur in Cluny harmoniert und zum Entspannen und Spielen einl\u00e4dt. Der Au\u00dfenpool wird bei Bedarf von April bis September beheizt und verf\u00fcgt \u00fcber ein gro\u00dfes Becken f\u00fcr die Gr\u00f6\u00dferen und ein Kinderbecken f\u00fcr die Kleinen. Mit Freunden oder der Familie k\u00f6nnen Sie schwimmen, sich auf der Liegewiese sonnen und in der Sonne lesen, w\u00e4hrend Sie auf der Terrasse ein leckeres Eis genie\u00dfen.<\/p><p class=\"\"   >F\u00fcr Angelfreunde ist der Fluss ebenfalls zug\u00e4nglich (Angelkarten werden im Dorf verkauft).<\/p><\/div><div class=\"columns__item\"><figure><picture><source srcset=\"https:\/\/www.le-hameau-des-champs.com\/wp-content\/uploads\/2024\/10\/piscine-420x420.webp\" media=\"(max-width: 210px)\"><source srcset=\"https:\/\/www.le-hameau-des-champs.com\/wp-content\/uploads\/2024\/10\/piscine-850x638.webp\" media=\"(max-width: 420px)\"><source srcset=\"https:\/\/www.le-hameau-des-champs.com\/wp-content\/uploads\/2024\/10\/piscine-768x576.webp\" media=\"(max-width: 850px)\"><source srcset=\"https:\/\/www.le-hameau-des-champs.com\/wp-content\/uploads\/2024\/10\/piscine-1024x768.webp\" media=\"(max-width: 1024px)\"><source srcset=\"https:\/\/www.le-hameau-des-champs.com\/wp-content\/uploads\/2024\/10\/piscine.webp\" media=\"(min-width: 1025px)\"><img decoding=\"async\" src=\"https:\/\/www.le-hameau-des-champs.com\/wp-content\/uploads\/2024\/10\/piscine-420x420.webp\" width=\"420\" height=\"210\" loading=\"lazy\" alt=\"\" title=\"\"><\/picture><\/figure><\/div><\/div>\n\n<h2>Was kann man rund um den Campingplatz in Cluny in Burgund unternehmen?<\/h2>\n\n<p class=\"\"  id=\"https:\/\/www.le-hameau-des-champs.com\/de\/burgund-entdecken\/\" ><strong>Cluny ist eine kleine Stadt in der Region Burgund<\/strong>, die f\u00fcr ihre ber\u00fchmte Abtei bekannt ist, eines der wichtigsten Denkm\u00e4ler mittelalterlicher Architektur in Europa. Sie k\u00f6nnen die Ruinen der<strong>Abtei von Cluny<\/strong> besichtigen und das Museum, in dem viele Artefakte und Gegenst\u00e4nde aus der Geschichte der Stadt ausgestellt sind. Auch die <strong>Altstadt von Cluny<\/strong> bietet Ihnen mit ihren gepflasterten Stra\u00dfen und Steinh\u00e4usern viele M\u00f6glichkeiten f\u00fcr Spazierg\u00e4nge. Wenn Sie sich f\u00fcr Geschichte und Architektur interessieren, werden Sie sich \u00fcber die vielen <strong>historischen Geb\u00e4ude<\/strong> der <strong>Stadt Cluny<\/strong> freuen, wie die<strong>Kirche Notre Dame<\/strong>, den <strong>Uhrenturm<\/strong> oder den <strong>K\u00e4seturm<\/strong>. Wenn Sie einmal die ganze Stadt Cluny besucht haben, sollten Sie auch die andere <a href=\"https:\/\/www.le-hameau-des-champs.com\/de\/burgund-entdecken\/\" data-type=\"link\" data-id=\"https:\/\/www.le-hameau-des-champs.com\/de\/burgund-entdecken\/\">Umgebung in Burgund<\/a> entdecken!<\/p>\n\n<h3 id=\"camping-cluny-la-voie-verte-71\">Campingplatz Cluny: Der Gr\u00fcne Weg (71)<\/h3>\n\n<p class=\"\"  id=\"https:\/\/www.le-hameau-des-champs.com\/de\/alentours\/cluny\/\" >M\u00f6chten Sie die Gr\u00fcne Stra\u00dfe mit dem Fahrrad oder auf einer Wanderung erkunden? Der Campingplatz liegt an der Voie Verte in Cluny und freut sich, Sie f\u00fcr ein paar Tage begr\u00fc\u00dfen zu d\u00fcrfen. Der <strong>Abschnitt der Voie Verte<\/strong>, der sich zwischen der <strong>C\u00f4te Chalonnaise und dem Grosne-Tal<\/strong> schl\u00e4ngelt, f\u00fchrt an unserem Campingplatz vorbei und f\u00fchrt unter anderem zur <a href=\"https:\/\/www.le-hameau-des-champs.com\/de\/alentours\/cluny\/\" data-type=\"link\" data-id=\"https:\/\/www.le-hameau-des-champs.com\/de\/alentours\/cluny\/\">Abtei von Cluny<\/a>, einem Juwel der mittelalterlichen Architektur. Die Urlauber k\u00f6nnen diese Sehensw\u00fcrdigkeit besichtigen, sich entspannen oder an den Picknickpl\u00e4tzen entlang der Strecke picknicken.<\/p>\n\n<p class=\"\"   >Sie ist besonders angenehm, da sie einen einfachen Zugang zur gesamten Natur der <strong>Region S\u00fcdburgund<\/strong> bietet. Die Strecke ist sicher und f\u00fcr alle zug\u00e4nglich und weist nur geringe H\u00f6henunterschiede auf. Auf Ihrem Weg finden Sie alle notwendigen Dienstleistungen wie Parkpl\u00e4tze, Sanit\u00e4ranlagen, Wasserstellen, Picknickpl\u00e4tze und Fahrradverleih.  <\/p>\n\n<p class=\"\"   >Der <strong>Gr\u00fcne Weg in Cluny in der N\u00e4he des Campingplatzes<\/strong> Hameau des Champs ist eine einzigartige und umweltfreundliche Art, Burgund zu erkunden. Diese Route ist f\u00fcr Radfahrer, Wanderer und sogar Inline-Skater geeignet und bietet ein eindringliches Erlebnis in der malerischen und historischen Landschaft Burgunds. <\/p>\n\n<p class=\"\"   >Von gr\u00fcnen Weinfeldern \u00fcber dichte W\u00e4lder bis hin zu kleinen malerischen D\u00f6rfern ist dies eine Route, die die reiche Geschichte der Region bezeugt.<\/p>\n\n<p class=\"\"   >Sicherheit und Komfort haben auf dem Gr\u00fcnen Weg in Cluny Priorit\u00e4t, so dass er f\u00fcr alle Altersgruppen und F\u00e4higkeiten geeignet ist. Die Wege sind gut gepflegt und die Strecke ist \u00fcberwiegend flach, so dass es ein angenehmes Erlebnis f\u00fcr einen Tag mit der Familie oder einen Ausflug allein ist. <\/p>\n\n<div class=\"columns\"><div class=\"columns__item\"><h3 id=\"l-abbaye-de-cluny\">Die Abtei von Cluny<\/h3><p class=\"\"  id=\"https:\/\/www.le-hameau-des-champs.com\/de\/alentours\/cluny\/\" ><a href=\"https:\/\/www.le-hameau-des-champs.com\/de\/alentours\/cluny\/\" data-type=\"link\" data-id=\"https:\/\/www.le-hameau-des-champs.com\/de\/alentours\/cluny\/\">Die Abtei von Cluny<\/a> ist ein wundersch\u00f6ner und geschichtstr\u00e4chtiger Ort. Die Besichtigung ist spielerisch, kulturell und f\u00fcr jedes Alter geeignet. Obwohl heute nur noch 10 % der urspr\u00fcnglichen Geb\u00e4ude erhalten sind, ist die Abtei einer der symboltr\u00e4chtigsten Orte der Region. Kinder werden sich \u00fcber den 3D-Film freuen, der w\u00e4hrend des Besuchs gezeigt wird.<\/p><h3 id=\"la-tour-des-fromages\">Der K\u00e4seturm<\/h3><p class=\"\"   >Um eine herrliche Aussicht auf die <strong>Stadt Cluny<\/strong> und ihre Abtei zu genie\u00dfen, steigen Sie auf den <strong>Tour des Fromages<\/strong>, der aus dem XI\u1d49 Jahrhundert stammt. Der Ort ist wundersch\u00f6n mit seinen romanischen H\u00e4usern, Gitterfassaden und dem Vorplatz der Kirche Notre-Dame, den Sie nicht verpassen sollten. <\/p><\/div><div class=\"columns__item\"><h3 id=\"haras-national-de-cluny\">Nationalgest\u00fct Cluny<\/h3><p class=\"\"   >Bei Ihrem <strong>Besuch in Cluny<\/strong> k\u00f6nnen Sie einen Spaziergang zum <strong>Nationalgest\u00fct von Cluny<\/strong> aus dem 19. Jahrhundert. Am Fu\u00dfe der Abtei gelegen, umfasst es heute das Reitzentrum, das Gest\u00fct und ein Sportzentrum, das die Aktivit\u00e4ten rund um das Pferd aufwertet. <\/p><h3 id=\"promenades-et-randonnees-autour-de-cluny\">Spazierg\u00e4nge und Wanderungen rund um Cluny<\/h3><p class=\"\"   ><strong>In der sch\u00f6nen Region Burgund gibt es eine Vielzahl von Spazierg\u00e4ngen und Wanderungen<\/strong>. Der ber\u00fchmte Solutr\u00e9-Felsen ist eine einfache Tour, die Sie mit Ihren Kindern unternehmen k\u00f6nnen und von der Sie einen herrlichen Ausblick haben. Gr\u00fcne Wanderungen werden in fast allen burgundischen D\u00f6rfern organisiert (einschlie\u00dflich des M\u00f6nchswegs und einer Etappe nach Santiago de Compostela), ebenso wie Fahrradtouren und Reitausfl\u00fcge.  <\/p><\/div><\/div>","protected":false},"excerpt":{"rendered":"<p>Campingplatz in Cluny in Burgund: Le Hameau des Champs Cluny, eine wichtige mittelalterliche Stadt in der Region Burgund, ist eine Stadt voller Charme und Kultur. Die Abtei ist ein Muss, aber die Stadt ist auch f\u00fcr ihre Gastronomie und ihre guten Weine bekannt. Die burgundischen H\u00fcgel, die historischen Schl\u00f6sser der Region und der ber\u00fchmte Solutr\u00e9-Felsen [&hellip;]<\/p>\n","protected":false},"author":1,"featured_media":0,"parent":0,"menu_order":0,"comment_status":"closed","ping_status":"closed","template":"","meta":{"_acf_changed":false,"footnotes":""},"acf":[],"_links":{"self":[{"href":"https:\/\/www.le-hameau-des-champs.com\/de\/wp-json\/wp\/v2\/pages\/1306"}],"collection":[{"href":"https:\/\/www.le-hameau-des-champs.com\/de\/wp-json\/wp\/v2\/pages"}],"about":[{"href":"https:\/\/www.le-hameau-des-champs.com\/de\/wp-json\/wp\/v2\/types\/page"}],"author":[{"embeddable":true,"href":"https:\/\/www.le-hameau-des-champs.com\/de\/wp-json\/wp\/v2\/users\/1"}],"replies":[{"embeddable":true,"href":"https:\/\/www.le-hameau-des-champs.com\/de\/wp-json\/wp\/v2\/comments?post=1306"}],"version-history":[{"count":4,"href":"https:\/\/www.le-hameau-des-champs.com\/de\/wp-json\/wp\/v2\/pages\/1306\/revisions"}],"predecessor-version":[{"id":1521,"href":"https:\/\/www.le-hameau-des-champs.com\/de\/wp-json\/wp\/v2\/pages\/1306\/revisions\/1521"}],"wp:attachment":[{"href":"https:\/\/www.le-hameau-des-champs.com\/de\/wp-json\/wp\/v2\/media?parent=1306"}],"curies":[{"name":"wp","href":"https:\/\/api.w.org\/{rel}","templated":true}]}}