{"id":1241,"date":"2024-10-25T14:36:00","date_gmt":"2024-10-25T12:36:00","guid":{"rendered":"https:\/\/www.le-hameau-des-champs.com\/la-bourgogne-region-gastronomique\/"},"modified":"2024-11-28T12:33:29","modified_gmt":"2024-11-28T11:33:29","slug":"burgundy-a-gastronomic-region","status":"publish","type":"page","link":"https:\/\/www.le-hameau-des-champs.com\/en\/burgundy-a-gastronomic-region\/","title":{"rendered":"Burgundy, a gastronomic region"},"content":{"rendered":"<div class=\"diaporama-header align-full\"><div class=\"gallery\"><figure class=\"gallery__item\"><picture><source srcset=\"https:\/\/www.le-hameau-des-champs.com\/wp-content\/uploads\/2024\/10\/photo-47-420x420.jpg.webp\" media=\"(max-width: 210px)\"><source srcset=\"https:\/\/www.le-hameau-des-champs.com\/wp-content\/uploads\/2024\/10\/photo-47-850x566.jpg.webp\" media=\"(max-width: 420px)\"><source srcset=\"https:\/\/www.le-hameau-des-champs.com\/wp-content\/uploads\/2024\/10\/photo-47-768x511.jpg.webp\" media=\"(max-width: 850px)\"><source srcset=\"https:\/\/www.le-hameau-des-champs.com\/wp-content\/uploads\/2024\/10\/photo-47-1024x682.jpg.webp\" media=\"(max-width: 1024px)\"><source srcset=\"https:\/\/www.le-hameau-des-champs.com\/wp-content\/uploads\/2024\/10\/photo-47.jpg.webp\" media=\"(min-width: 1025px)\"><img loading=\"lazy\" decoding=\"async\" src=\"https:\/\/www.le-hameau-des-champs.com\/wp-content\/uploads\/2024\/10\/photo-47-420x420.jpg.webp\" width=\"420\" height=\"210\" alt=\"\" title=\"\"><\/picture><\/figure><\/div><div class=\"diaporama-header__inner\"><p class=\"h1\"   >Gastronomy<\/p><\/div><\/div><div class=\"columns reverse-mob\"><div class=\"columns__item\"><div class=\"gallery height-adapt\"><figure class=\"gallery__item\"><picture><source srcset=\"https:\/\/www.le-hameau-des-champs.com\/wp-content\/uploads\/2024\/10\/photo-48-420x420.jpg.webp\" media=\"(max-width: 210px)\"><source srcset=\"https:\/\/www.le-hameau-des-champs.com\/wp-content\/uploads\/2024\/10\/photo-48-850x638.jpg.webp\" media=\"(max-width: 420px)\"><source srcset=\"https:\/\/www.le-hameau-des-champs.com\/wp-content\/uploads\/2024\/10\/photo-48-768x576.jpg.webp\" media=\"(max-width: 850px)\"><source srcset=\"https:\/\/www.le-hameau-des-champs.com\/wp-content\/uploads\/2024\/10\/photo-48.jpg.webp\" media=\"(max-width: 1024px)\"><source srcset=\"https:\/\/www.le-hameau-des-champs.com\/wp-content\/uploads\/2024\/10\/photo-48.jpg.webp\" media=\"(min-width: 1025px)\"><img decoding=\"async\" src=\"https:\/\/www.le-hameau-des-champs.com\/wp-content\/uploads\/2024\/10\/photo-48-420x420.jpg.webp\" width=\"420\" height=\"210\" loading=\"lazy\" alt=\"\" title=\"\"><\/picture><\/figure><\/div><\/div><div class=\"columns__item\">\n<div style=\"height:5rem\" aria-hidden=\"true\" class=\"wp-block-spacer\"><\/div>\n<h1 class=\"h2\"><strong>Burgundy, a gastronomic region<\/strong><\/h1><ul><li>Tournus: a gastronomic town with 4 Michelin-starred chefs\n<\/li><li>Caves de Lugny: hiking and tasting in the heart of Chardonnay!\n<\/li><li>Ch\u00e2teau de la greffi\u00e8re: vine and wine museum, 25 minutes from the campsite, discover a winegrowing estate in the M\u00e2con region. The museum features a rich collection of winemaking tools from days gone by, and ends with a visit to the current winery and a wine tasting session. \n<\/li><li>Cit\u00e9 des Climats et du Vin in Macon\n<\/li><li>Hameau Duboeuf: Europe&#8217;s largest oenopark at Roman\u00e8che Thorins, a discovery for young and old.\n<\/li><\/ul><p class=\" has-fond-background-color has-background \" style=\"background-color: var(--fond);\" id=\"https:\/\/www.destination-saone-et-loire.fr\/fr\/nos-actualites\/bienvenue-sur-lappli-web-route71-bourgogne-du-sud.html\" ><strong>The list goes on and on:<br\/><\/strong>Download the &#8221; <a href=\"https:\/\/www.destination-saone-et-loire.fr\/fr\/nos-actualites\/bienvenue-sur-lappli-web-route71-bourgogne-du-sud.html\" data-type=\"link\" data-id=\"https:\/\/www.destination-saone-et-loire.fr\/fr\/nos-actualites\/bienvenue-sur-lappli-web-route71-bourgogne-du-sud.html\" rel=\"noopener\">route 71.fr<\/a> &#8221; app to discover new wines!<\/p>\n<div style=\"height:5rem\" aria-hidden=\"true\" class=\"wp-block-spacer\"><\/div>\n<\/div><\/div>","protected":false},"excerpt":{"rendered":"<p>Gastronomy Burgundy, a gastronomic region The list goes on and on:Download the &#8221; route 71.fr &#8221; app to discover new wines!<\/p>\n","protected":false},"author":1,"featured_media":0,"parent":0,"menu_order":0,"comment_status":"closed","ping_status":"closed","template":"","meta":{"_acf_changed":false,"footnotes":""},"acf":[],"_links":{"self":[{"href":"https:\/\/www.le-hameau-des-champs.com\/en\/wp-json\/wp\/v2\/pages\/1241"}],"collection":[{"href":"https:\/\/www.le-hameau-des-champs.com\/en\/wp-json\/wp\/v2\/pages"}],"about":[{"href":"https:\/\/www.le-hameau-des-champs.com\/en\/wp-json\/wp\/v2\/types\/page"}],"author":[{"embeddable":true,"href":"https:\/\/www.le-hameau-des-champs.com\/en\/wp-json\/wp\/v2\/users\/1"}],"replies":[{"embeddable":true,"href":"https:\/\/www.le-hameau-des-champs.com\/en\/wp-json\/wp\/v2\/comments?post=1241"}],"version-history":[{"count":1,"href":"https:\/\/www.le-hameau-des-champs.com\/en\/wp-json\/wp\/v2\/pages\/1241\/revisions"}],"predecessor-version":[{"id":1242,"href":"https:\/\/www.le-hameau-des-champs.com\/en\/wp-json\/wp\/v2\/pages\/1241\/revisions\/1242"}],"wp:attachment":[{"href":"https:\/\/www.le-hameau-des-champs.com\/en\/wp-json\/wp\/v2\/media?parent=1241"}],"curies":[{"name":"wp","href":"https:\/\/api.w.org\/{rel}","templated":true}]}}