{"id":1267,"date":"2024-10-16T12:04:03","date_gmt":"2024-10-16T10:04:03","guid":{"rendered":"https:\/\/www.le-hameau-des-champs.com\/camping-bourgogne-franche-comte\/"},"modified":"2024-11-28T14:02:09","modified_gmt":"2024-11-28T13:02:09","slug":"campsite-bourgogne-franche-comte","status":"publish","type":"page","link":"https:\/\/www.le-hameau-des-champs.com\/en\/campsite-bourgogne-franche-comte\/","title":{"rendered":"SEO &#8211; Camping Bourgogne Franche-Comt\u00e9"},"content":{"rendered":"<div class=\"diaporama-header align-full\"><div class=\"gallery\"><figure class=\"gallery__item\"><picture><source srcset=\"https:\/\/www.le-hameau-des-champs.com\/wp-content\/uploads\/2024\/10\/AdobeStock_178605404-420x420.jpeg.webp\" media=\"(max-width: 210px)\"><source srcset=\"https:\/\/www.le-hameau-des-champs.com\/wp-content\/uploads\/2024\/10\/AdobeStock_178605404-850x567.jpeg.webp\" media=\"(max-width: 420px)\"><source srcset=\"https:\/\/www.le-hameau-des-champs.com\/wp-content\/uploads\/2024\/10\/AdobeStock_178605404-768x512.jpeg.webp\" media=\"(max-width: 850px)\"><source srcset=\"https:\/\/www.le-hameau-des-champs.com\/wp-content\/uploads\/2024\/10\/AdobeStock_178605404-1024x683.jpeg.webp\" media=\"(max-width: 1024px)\"><source srcset=\"https:\/\/www.le-hameau-des-champs.com\/wp-content\/uploads\/2024\/10\/AdobeStock_178605404.jpeg.webp\" media=\"(min-width: 1025px)\"><img loading=\"lazy\" decoding=\"async\" src=\"https:\/\/www.le-hameau-des-champs.com\/wp-content\/uploads\/2024\/10\/AdobeStock_178605404-420x420.jpeg.webp\" width=\"420\" height=\"210\" alt=\"\" title=\"\"><\/picture><\/figure><\/div><div class=\"diaporama-header__inner\"><h1>Camping in Burgundy Franche-Comt\u00e9<\/h1><\/div><\/div>\n\n<p class=\"\"  id=\"73\" >From your <a href=\"https:\/\/www.le-hameau-des-champs.com\/en\/\" data-type=\"page\" data-id=\"73\">campsite in Burgundy Franche-Comt\u00e9<\/a>, discover this region shaped by mountain ranges, lakes, castles, authentic villages and vineyards. Enjoy the comfort of the 3-star Le Hameau des Champs campsite, and experience the best family <strong>vacations in Burgundy Franche-Comt\u00e9<\/strong>! <\/p>\n\n<h2>Camping in Burgundy-Franche-Comt\u00e9<\/h2>\n\n<div class=\"columns\"><div class=\"columns__item\"><p class=\"\"  id=\"https:\/\/www.le-hameau-des-champs.com\/en\/alentours\/cormatin\/\" >Le Hameau des Champs, a <strong>campsite in Burgundy Franche-Comt\u00e9<\/strong>, welcomes you to the Sa\u00f4ne-et-Loire department. Stay in the heart of nature in <a href=\"https:\/\/www.le-hameau-des-champs.com\/en\/alentours\/cormatin\/\" data-type=\"link\" data-id=\"https:\/\/www.le-hameau-des-champs.com\/en\/alentours\/cormatin\/\">Cormatin<\/a>, a small village 15 km from Cluny. From your vacation rental, you can visit the famous <strong>Cluny Abbey<\/strong>, as well as other local attractions (castles, caves, churches, cellars, etc.). This <strong>3-star campsite in Burgundy<\/strong> offers 100% comfort and nature, with a wide choice of accommodation. Discover &#8220;les petites maisons dans la prairie&#8221;, which can accommodate up to 5 people with their 60 m\u00b2 surface area.<\/p><p class=\"\"  id=\"https:\/\/www.le-hameau-des-champs.com\/en\/rentals\/\" >These charming <a href=\"https:\/\/www.le-hameau-des-champs.com\/en\/rentals\/\" data-type=\"link\" data-id=\"https:\/\/www.le-hameau-des-champs.com\/en\/rentals\/\">vacation rentals<\/a> feature a fully-equipped kitchenette, 1 or 2 separate bedrooms, bathroom, toilet, TV and a terrace with garden furniture, so you can get up close and personal with the surrounding vegetation. Heating and electricity are included for every stay. The modern, functional features of each cottage and the peaceful surroundings ensure a comfortable stay, ideal for recharging your batteries. If you&#8217;re looking for a more traditional camping experience in the great outdoors, reserve a <a href=\"https:\/\/www.le-hameau-des-champs.com\/en\/pitches\/\" data-type=\"link\" data-id=\"https:\/\/www.le-hameau-des-champs.com\/en\/pitches\/\">spacious 100 m\u00b2 pitch<\/a>, either shaded or sunny and delimited. Set up your tent, caravan or camper van to the sound of birdsong and blossoming trees. Each plot has its own electricity supply and clean, modern sanitary facilities.<\/p><\/div><div class=\"columns__item\"><figure><picture><source srcset=\"https:\/\/www.le-hameau-des-champs.com\/wp-content\/uploads\/2024\/10\/photo-5-420x420.webp\" media=\"(max-width: 210px)\"><source srcset=\"https:\/\/www.le-hameau-des-champs.com\/wp-content\/uploads\/2024\/10\/photo-5-850x638.webp\" media=\"(max-width: 420px)\"><source srcset=\"https:\/\/www.le-hameau-des-champs.com\/wp-content\/uploads\/2024\/10\/photo-5-768x576.webp\" media=\"(max-width: 850px)\"><source srcset=\"https:\/\/www.le-hameau-des-champs.com\/wp-content\/uploads\/2024\/10\/photo-5-1024x768.webp\" media=\"(max-width: 1024px)\"><source srcset=\"https:\/\/www.le-hameau-des-champs.com\/wp-content\/uploads\/2024\/10\/photo-5.webp\" media=\"(min-width: 1025px)\"><img decoding=\"async\" src=\"https:\/\/www.le-hameau-des-champs.com\/wp-content\/uploads\/2024\/10\/photo-5-420x420.webp\" width=\"420\" height=\"210\" loading=\"lazy\" alt=\"\" title=\"\"><\/picture><\/figure><\/div><\/div>\n\n<h2>Quality camping services in the 71<\/h2>\n\n<p class=\"\"  id=\"https:\/\/www.le-hameau-des-champs.com\/en\/services-grocery-store-wifi\/\" >The Le Hameau des Champs campsite offers all campers a wide range of <a href=\"https:\/\/www.le-hameau-des-champs.com\/en\/services-grocery-store-wifi\/\" data-type=\"link\" data-id=\"https:\/\/www.le-hameau-des-champs.com\/en\/services-grocery-store-wifi\/\">quality services<\/a> and activities to satisfy as many holidaymakers as possible. During your stay at the <strong>campsite in Burgundy Franche-Comt\u00e9<\/strong>, discover the <a href=\"https:\/\/www.le-hameau-des-champs.com\/en\/cafe-la-belle-epoque\/\" data-type=\"page\" data-id=\"202\">Caf\u00e9 Belle \u00c9poque<\/a>, a recently refurbished restaurant with a terrace overlooking the swimming pool. Enjoy quality dishes and a selection of local wines, as well as ice creams, waffles and cocktails at any time of day. The campsite offers free wifi, a bread depot, a small grocery store and various rentals.<\/p>\n\n<p class=\"\"  id=\"https:\/\/www.le-hameau-des-champs.com\/en\/swimming-pool\/\" >To keep you entertained and relaxed, this family-run campsite boasts a beautiful <a href=\"https:\/\/www.le-hameau-des-champs.com\/en\/swimming-pool\/\" data-type=\"link\" data-id=\"https:\/\/www.le-hameau-des-champs.com\/en\/swimming-pool\/\">heated outdoor swimming pool<\/a> with paddling pool and deckchairs. Swim and have fun in water at the right temperature, whatever the weather! The river that runs alongside the campsite also invites you to enjoy all the pleasures of the water in a peaceful, natural setting. During the day, use the ping-pong table, petanque pitch, <strong>multi-sports field and play areas<\/strong> to spend some pleasant family time together. What&#8217;s more, campers appreciate the direct access to the <a href=\"https:\/\/www.le-hameau-des-champs.com\/en\/alentours\/green-way\/\" data-type=\"link\" data-id=\"https:\/\/www.le-hameau-des-champs.com\/en\/alentours\/green-way\/\">Voie Verte<\/a> from the campsite, linking M\u00e2con to Chalon sur Sa\u00f4ne by bike. Finally, in the evening, on Fridays during the summer season, the caf\u00e9 La Belle \u00c9poque offers <strong>live concerts<\/strong> of various musical styles (jazz, rock, swing, etc.) in a friendly atmosphere and always in a good mood!<\/p>\n\n\n<div style=\"height:5rem\" aria-hidden=\"true\" class=\"wp-block-spacer\"><\/div>\n\n\n<div class=\"columns reverse-mob\"><div class=\"columns__item\"><figure class=\"height-adapt\"><picture><source srcset=\"https:\/\/www.le-hameau-des-champs.com\/wp-content\/uploads\/2024\/10\/jardin-420x420.jpg.webp\" media=\"(max-width: 210px)\"><source srcset=\"https:\/\/www.le-hameau-des-champs.com\/wp-content\/uploads\/2024\/10\/jardin.jpg.webp\" media=\"(max-width: 420px)\"><source srcset=\"https:\/\/www.le-hameau-des-champs.com\/wp-content\/uploads\/2024\/10\/jardin.jpg.webp\" media=\"(max-width: 850px)\"><source srcset=\"https:\/\/www.le-hameau-des-champs.com\/wp-content\/uploads\/2024\/10\/jardin.jpg.webp\" media=\"(max-width: 1024px)\"><source srcset=\"https:\/\/www.le-hameau-des-champs.com\/wp-content\/uploads\/2024\/10\/jardin.jpg.webp\" media=\"(min-width: 1025px)\"><img decoding=\"async\" src=\"https:\/\/www.le-hameau-des-champs.com\/wp-content\/uploads\/2024\/10\/jardin-420x420.jpg.webp\" width=\"420\" height=\"210\" loading=\"lazy\" alt=\"\" title=\"\"><\/picture><\/figure><\/div><div class=\"columns__item\"><h2 id=\"decouvrir-les-endroits-phares-de-la-bourgogne-franche-comte\">Discover the highlights of Burgundy Franche-Comt\u00e9<\/h2><p class=\"\"  id=\"https:\/\/www.le-hameau-des-champs.com\/en\/surroundings\/\" >During your camping vacation in <a href=\"https:\/\/www.le-hameau-des-champs.com\/en\/surroundings\/\" data-type=\"link\" data-id=\"https:\/\/www.le-hameau-des-champs.com\/en\/surroundings\/\">Burgundy Franche-Comt\u00e9<\/a>, discover <a href=\"https:\/\/www.le-hameau-des-champs.com\/en\/alentours\/cluny\/\" data-type=\"link\" data-id=\"https:\/\/www.le-hameau-des-champs.com\/en\/alentours\/cluny\/\">Cluny<\/a>, best known for its superb abbey built in 910. Admire the town&#8217;s beautiful 12th- and 14th-century houses, as well as the remarkable H\u00f4tel Dieu. What&#8217;s more, the town of Cluny is surrounded by beautiful countryside and crossed by the greenway. A few kilometers further north, stop off at Taiz\u00e9, home to a monastic community of around a hundred Catholic and Protestant brothers from all over the world. Access is free, and you can admire, among other things, pottery made by the brothers. Continue on to <strong>Ch\u00e2teau de Brancion<\/strong>, an ancient 12th-century fortified castle open to visitors.<\/p><p class=\"\"  id=\"https:\/\/www.le-hameau-des-champs.com\/en\/alentours\/cellars-de-lugny\/\" >Discover this medieval edifice in an original way with the kids, through a costumed family challenge or by taking part in ancient games. From here, explore Tournus (11 km away), a must-see destination in Burgundy. The narrow streets of the old town lead to the famous <strong>Saint-Philibert Abbey<\/strong>, a strikingly beautiful early Romanesque masterpiece. Nature lovers will appreciate the &#8220;voie bleue&#8221; linking <strong>Tournus to Ch\u00e2lon sur Sa\u00f4ne<\/strong>, following the towpath along the Sa\u00f4ne. Further south, a visit to the <a href=\"https:\/\/www.le-hameau-des-champs.com\/en\/alentours\/cellars-de-lugny\/\" data-type=\"link\" data-id=\"https:\/\/www.le-hameau-des-champs.com\/en\/alentours\/cellars-de-lugny\/\">caves of Lugny<\/a>, Burgundy&#8217;s leading wine producer, is a must. Finally, don&#8217;t leave without taking the C\u00f4te Chalonnaise <a href=\"https:\/\/www.le-hameau-des-champs.com\/en\/alentours\/green-way\/\" data-type=\"link\" data-id=\"https:\/\/www.le-hameau-des-champs.com\/en\/alentours\/green-way\/\">wine route<\/a>, from Bouzeron to Ch\u00e2lon sur Sa\u00f4ne. Explore a wine-growing, cultural and historical region of great renown.<\/p><\/div><\/div>","protected":false},"excerpt":{"rendered":"<p>Camping in Burgundy Franche-Comt\u00e9 From your campsite in Burgundy Franche-Comt\u00e9, discover this region shaped by mountain ranges, lakes, castles, authentic villages and vineyards. Enjoy the comfort of the 3-star Le Hameau des Champs campsite, and experience the best family vacations in Burgundy Franche-Comt\u00e9! Camping in Burgundy-Franche-Comt\u00e9 Le Hameau des Champs, a campsite in Burgundy Franche-Comt\u00e9, [&hellip;]<\/p>\n","protected":false},"author":1,"featured_media":0,"parent":0,"menu_order":0,"comment_status":"closed","ping_status":"closed","template":"","meta":{"_acf_changed":false,"footnotes":""},"acf":[],"_links":{"self":[{"href":"https:\/\/www.le-hameau-des-champs.com\/en\/wp-json\/wp\/v2\/pages\/1267"}],"collection":[{"href":"https:\/\/www.le-hameau-des-champs.com\/en\/wp-json\/wp\/v2\/pages"}],"about":[{"href":"https:\/\/www.le-hameau-des-champs.com\/en\/wp-json\/wp\/v2\/types\/page"}],"author":[{"embeddable":true,"href":"https:\/\/www.le-hameau-des-champs.com\/en\/wp-json\/wp\/v2\/users\/1"}],"replies":[{"embeddable":true,"href":"https:\/\/www.le-hameau-des-champs.com\/en\/wp-json\/wp\/v2\/comments?post=1267"}],"version-history":[{"count":3,"href":"https:\/\/www.le-hameau-des-champs.com\/en\/wp-json\/wp\/v2\/pages\/1267\/revisions"}],"predecessor-version":[{"id":1547,"href":"https:\/\/www.le-hameau-des-champs.com\/en\/wp-json\/wp\/v2\/pages\/1267\/revisions\/1547"}],"wp:attachment":[{"href":"https:\/\/www.le-hameau-des-champs.com\/en\/wp-json\/wp\/v2\/media?parent=1267"}],"curies":[{"name":"wp","href":"https:\/\/api.w.org\/{rel}","templated":true}]}}