{"id":1271,"date":"2024-10-16T12:04:03","date_gmt":"2024-10-16T10:04:03","guid":{"rendered":"https:\/\/www.le-hameau-des-champs.com\/camping-cluny-bourgogne\/"},"modified":"2024-11-28T14:03:55","modified_gmt":"2024-11-28T13:03:55","slug":"campsite-cluny-bourgogne","status":"publish","type":"page","link":"https:\/\/www.le-hameau-des-champs.com\/en\/campsite-cluny-bourgogne\/","title":{"rendered":"SEO &#8211; Camping Cluny (71) Burgundy"},"content":{"rendered":"<div class=\"diaporama-header align-full\"><div class=\"gallery\"><figure class=\"gallery__item\"><picture><source srcset=\"https:\/\/www.le-hameau-des-champs.com\/wp-content\/uploads\/2024\/10\/rochedesolutre-cluny-420x420.jpeg.webp\" media=\"(max-width: 210px)\"><source srcset=\"https:\/\/www.le-hameau-des-champs.com\/wp-content\/uploads\/2024\/10\/rochedesolutre-cluny-850x563.jpeg.webp\" media=\"(max-width: 420px)\"><source srcset=\"https:\/\/www.le-hameau-des-champs.com\/wp-content\/uploads\/2024\/10\/rochedesolutre-cluny-768x509.jpeg.webp\" media=\"(max-width: 850px)\"><source srcset=\"https:\/\/www.le-hameau-des-champs.com\/wp-content\/uploads\/2024\/10\/rochedesolutre-cluny-1024x678.jpeg.webp\" media=\"(max-width: 1024px)\"><source srcset=\"https:\/\/www.le-hameau-des-champs.com\/wp-content\/uploads\/2024\/10\/rochedesolutre-cluny-scaled.jpeg.webp\" media=\"(min-width: 1025px)\"><img loading=\"lazy\" decoding=\"async\" src=\"https:\/\/www.le-hameau-des-champs.com\/wp-content\/uploads\/2024\/10\/rochedesolutre-cluny-420x420.jpeg.webp\" width=\"420\" height=\"210\" alt=\"\" title=\"\"><\/picture><\/figure><\/div><div class=\"diaporama-header__inner\"><h1>Camping in Cluny, Burgundy: <br>Le Hameau des Champs<\/h1><\/div><\/div>\n\n<p class=\"\"  id=\"https:\/\/www.le-hameau-des-champs.com\/en\/alentours\/cluny\/\" >An important medieval city in the Burgundy region, <a href=\"https:\/\/www.le-hameau-des-champs.com\/en\/alentours\/cluny\/\" data-type=\"link\" data-id=\"https:\/\/www.le-hameau-des-champs.com\/en\/alentours\/cluny\/\">Cluny<\/a> is a town full of charm and culture. While its abbey is one of the town&#8217;s must-sees, it is also famous for its gastronomy and fine wines. The Burgundy hillsides, the region&#8217;s historic castles, not forgetting the famous Solutr\u00e9 rock, among others, are the undeniable assets of a great vacation at a <a href=\"https:\/\/www.le-hameau-des-champs.com\/en\/\" data-type=\"page\" data-id=\"73\">campsite in Cluny<\/a>. The 3-star Le Hameau des Champs campsite, just a 15-minute drive from Cluny, awaits you for a relaxing, green and peaceful holiday.<\/p>\n\n<h2>Book your vacation rental in Cluny (71)<\/h2>\n\n<p class=\"\"  id=\"https:\/\/www.le-hameau-des-champs.com\/en\/alentours\/green-way\/\" >For your <strong>vacation rental in Cluny<\/strong>, consider <strong>camping Le Hameau des Champs<\/strong>, located in the <strong>neighboring commune of Cormatin<\/strong>. Ideally located on the <a href=\"https:\/\/www.le-hameau-des-champs.com\/en\/alentours\/green-way\/\" data-type=\"link\" data-id=\"https:\/\/www.le-hameau-des-champs.com\/en\/alentours\/green-way\/\">Burgundy wine route<\/a>, this site is in <strong>direct contact with nature<\/strong> and is open from April to early November. The best thing about this campsite is its ideal location in the village itself, not far from a beautiful ch\u00e2teau. A nearby &#8220;voie verte&#8221; (greenway) makes for great walking and cycling. This riverside path links M\u00e2con to Chalon-sur-Sa\u00f4ne.<\/p>\n\n<div class=\"columns\"><div class=\"columns__item\" style=\"align-self:center;\"><h3>House rentals at the campsite near Cluny<\/h3><p class=\"\"  id=\"https:\/\/www.le-hameau-des-champs.com\/en\/rentals\/\" >Green, shaded pitches in Cluny and little houses in the meadow &#8211; that&#8217;s what this charming, calm and welcoming campsite has to offer. These <a href=\"https:\/\/www.le-hameau-des-champs.com\/en\/rentals\/\" data-type=\"link\" data-id=\"https:\/\/www.le-hameau-des-champs.com\/en\/rentals\/\">houses are located in the heart of nature<\/a>, with terraces, individual sanitary facilities, fully-equipped kitchens and all the equipment you need to make life easier during your stay at a <a href=\"https:\/\/www.le-hameau-des-champs.com\/en\/campsite-bourgogne-franche-comte\/\" data-type=\"link\" data-id=\"https:\/\/www.le-hameau-des-champs.com\/en\/campsite-bourgogne-franche-comte\/\">campsite in Burgundy-Franche-Comt\u00e9<\/a>. They can easily accommodate between 4 and 6 people, not forgetting pets. A total of 10 houses are available, including one for disabled people.<\/p><div class=\"buttons\"><span class=\"buttons__btn btn-resa-loc\">Book a house<\/span><\/div><\/div><div class=\"columns__item\"><figure><picture><source srcset=\"https:\/\/www.le-hameau-des-champs.com\/wp-content\/uploads\/2024\/10\/photo-27-420x420.jpg.webp\" media=\"(max-width: 210px)\"><source srcset=\"https:\/\/www.le-hameau-des-champs.com\/wp-content\/uploads\/2024\/10\/photo-27-850x638.jpg.webp\" media=\"(max-width: 420px)\"><source srcset=\"https:\/\/www.le-hameau-des-champs.com\/wp-content\/uploads\/2024\/10\/photo-27-768x576.jpg.webp\" media=\"(max-width: 850px)\"><source srcset=\"https:\/\/www.le-hameau-des-champs.com\/wp-content\/uploads\/2024\/10\/photo-27-1024x768.jpg.webp\" media=\"(max-width: 1024px)\"><source srcset=\"https:\/\/www.le-hameau-des-champs.com\/wp-content\/uploads\/2024\/10\/photo-27.jpg.webp\" media=\"(min-width: 1025px)\"><img decoding=\"async\" src=\"https:\/\/www.le-hameau-des-champs.com\/wp-content\/uploads\/2024\/10\/photo-27-420x420.jpg.webp\" width=\"420\" height=\"210\" loading=\"lazy\" alt=\"\" title=\"\"><\/picture><\/figure><\/div><\/div>\n\n<div class=\"columns reverse-mob\"><div class=\"columns__item\"><figure><picture><source srcset=\"https:\/\/www.le-hameau-des-champs.com\/wp-content\/uploads\/2024\/10\/photo-32-1920-420x420.jpg.webp\" media=\"(max-width: 210px)\"><source srcset=\"https:\/\/www.le-hameau-des-champs.com\/wp-content\/uploads\/2024\/10\/photo-32-1920-850x638.jpg.webp\" media=\"(max-width: 420px)\"><source srcset=\"https:\/\/www.le-hameau-des-champs.com\/wp-content\/uploads\/2024\/10\/photo-32-1920-768x576.jpg.webp\" media=\"(max-width: 850px)\"><source srcset=\"https:\/\/www.le-hameau-des-champs.com\/wp-content\/uploads\/2024\/10\/photo-32-1920-1024x768.jpg.webp\" media=\"(max-width: 1024px)\"><source srcset=\"https:\/\/www.le-hameau-des-champs.com\/wp-content\/uploads\/2024\/10\/photo-32-1920.jpg.webp\" media=\"(min-width: 1025px)\"><img decoding=\"async\" src=\"https:\/\/www.le-hameau-des-champs.com\/wp-content\/uploads\/2024\/10\/photo-32-1920-420x420.jpg.webp\" width=\"420\" height=\"210\" loading=\"lazy\" alt=\"\" title=\"\"><\/picture><\/figure><\/div><div class=\"columns__item\" style=\"align-self:center;\"><h3>Campsites near Cluny<\/h3><p class=\"\"  id=\"https:\/\/www.le-hameau-des-champs.com\/en\/pitches\/\" >There are 50 <a href=\"https:\/\/www.le-hameau-des-champs.com\/en\/pitches\/\" data-type=\"link\" data-id=\"https:\/\/www.le-hameau-des-champs.com\/en\/pitches\/\">camping pitches<\/a>, each measuring 100 m\u00b2, set in over<strong>a hectare of nature<\/strong>, with trees, flowers and birdsong. There are two sanitary blocks, one of which is heated, as well as water points. If it&#8217;s raining, you can gather in a cosy yurt for a sheltered meal and, why not, share games and conversation. Finally, take advantage of the <a href=\"https:\/\/www.le-hameau-des-champs.com\/en\/cafe-la-belle-epoque\/\" data-type=\"page\" data-id=\"202\">&#8220;La Belle Epoque&#8221; lounge bar<\/a> to enjoy snacks, ice creams and refreshing drinks. Don&#8217;t forget to sample (in moderation, of course) the typical Burgundian aperitifs!<\/p><div class=\"buttons\"><span class=\"buttons__btn btn-resa-empl\">Reserve a site<\/span><\/div><\/div><\/div>\n\n<div class=\"columns has-fond-background-color has-background\" style=\"background-color:var(--fond);\"><div class=\"columns__item\"><h2>Camping in Cluny with swimming pool<\/h2><p class=\"\"  id=\"https:\/\/www.le-hameau-des-champs.com\/en\/swimming-pool\/\" >The <strong>joys of a camping vacation in Cluny<\/strong> come with a <strong>swimming pool <\/strong>! The <a href=\"https:\/\/www.le-hameau-des-champs.com\/en\/swimming-pool\/\" data-type=\"link\" data-id=\"https:\/\/www.le-hameau-des-champs.com\/en\/swimming-pool\/\">aquatic area<\/a> has been specially designed for fun and relaxation, in harmony with the natural surroundings of Cluny. The outdoor pool is heated as required from April to September, and features a large pool for older children, as well as a paddling pool for toddlers. With friends or family, enjoy swimming, sunbathing in the relaxation area, reading in the sun and, why not, savoring a delicious ice cream on the terrace.<\/p><p class=\"\"   >For fishing enthusiasts, the river is also accessible (fishing cards are sold in the village).<\/p><\/div><div class=\"columns__item\"><figure><picture><source srcset=\"https:\/\/www.le-hameau-des-champs.com\/wp-content\/uploads\/2024\/10\/piscine-420x420.webp\" media=\"(max-width: 210px)\"><source srcset=\"https:\/\/www.le-hameau-des-champs.com\/wp-content\/uploads\/2024\/10\/piscine-850x638.webp\" media=\"(max-width: 420px)\"><source srcset=\"https:\/\/www.le-hameau-des-champs.com\/wp-content\/uploads\/2024\/10\/piscine-768x576.webp\" media=\"(max-width: 850px)\"><source srcset=\"https:\/\/www.le-hameau-des-champs.com\/wp-content\/uploads\/2024\/10\/piscine-1024x768.webp\" media=\"(max-width: 1024px)\"><source srcset=\"https:\/\/www.le-hameau-des-champs.com\/wp-content\/uploads\/2024\/10\/piscine.webp\" media=\"(min-width: 1025px)\"><img decoding=\"async\" src=\"https:\/\/www.le-hameau-des-champs.com\/wp-content\/uploads\/2024\/10\/piscine-420x420.webp\" width=\"420\" height=\"210\" loading=\"lazy\" alt=\"\" title=\"\"><\/picture><\/figure><\/div><\/div>\n\n<h2>What to do around the campsite in Cluny, Burgundy<\/h2>\n\n<p class=\"\"  id=\"https:\/\/www.le-hameau-des-champs.com\/en\/surroundings\/\" ><strong>Cluny is a small town in the Burgundy region of<\/strong> France, famous for its abbey, one of the most important monuments of medieval architecture in Europe. You can explore the ruins of<strong>Cluny Abbey<\/strong>, as well as its museum, which houses numerous artifacts and objects linked to the town&#8217;s history. <strong>Cluny&#8217;s old town<\/strong> also offers plenty of opportunities for strolling, with its cobbled streets and stone houses. If you&#8217;re a lover of history and architecture, you&#8217;ll be delighted to discover <strong>Cluny<\/strong>&#8216;s many <strong>historic buildings<\/strong>, such as the<strong>Church of Notre Dame<\/strong>, the <strong>Tour de l&#8217;Horloge<\/strong> and the <strong>Tour des Fromages<\/strong>. And once you&#8217;ve visited the whole of Cluny, you&#8217;ll want to explore the rest of <a href=\"https:\/\/www.le-hameau-des-champs.com\/en\/surroundings\/\" data-type=\"link\" data-id=\"https:\/\/www.le-hameau-des-champs.com\/en\/surroundings\/\">Burgundy<\/a>!<\/p>\n\n<h3 id=\"camping-cluny-la-voie-verte-71\">Camping Cluny: the Voie Verte (71)<\/h3>\n\n<p class=\"\"  id=\"https:\/\/www.le-hameau-des-champs.com\/en\/alentours\/cluny\/\" >Would you like to cycle or hike along the Voie Verte? Our campsite is located along the Voie Verte in Cluny and will be delighted to welcome you for a few days. The <strong>section of the Voie Verte<\/strong> that winds its way between the <strong>C\u00f4te Chalonnaise and the Grosne<\/strong> valley passes right by our campsite and leads to <a href=\"https:\/\/www.le-hameau-des-champs.com\/en\/alentours\/cluny\/\" data-type=\"link\" data-id=\"https:\/\/www.le-hameau-des-champs.com\/en\/alentours\/cluny\/\">Cluny Abbey<\/a>, a jewel of medieval architecture. Holidaymakers can take advantage of the opportunity to visit the site, relax or picnic in the picnic areas along the way.<\/p>\n\n<p class=\"\"   >It&#8217;s a particularly pleasant route, offering easy access to all the natural beauty of <strong>southern Burgundy<\/strong>. It also guarantees a safe and accessible route for all, with few changes in altitude. Along the way, you&#8217;ll find all the services you need, including parking, sanitary facilities, water points, picnic areas and bike rentals.  <\/p>\n\n<p class=\"\"   >The <strong>voie verte in Cluny near the<\/strong> Hameau des Champs <strong>campsite<\/strong> is a unique and environmentally-friendly way to explore Burgundy. This route, suitable for cyclists, hikers and even rollerbladers, offers an immersive experience of Burgundy&#8217;s picturesque and historic landscape. <\/p>\n\n<p class=\"\"   >From lush vineyards to dense forests and picturesque villages, this is a tour that bears witness to the region&#8217;s rich history.<\/p>\n\n<p class=\"\"   >Safety and comfort are top priorities on the Greenway in Cluny, making it accessible to all ages and skill levels. The paths are well-maintained and the route is mostly flat, making it a pleasant experience for a family day out or a solo getaway. <\/p>\n\n<div class=\"columns\"><div class=\"columns__item\"><h3 id=\"l-abbaye-de-cluny\">Cluny Abbey<\/h3><p class=\"\"  id=\"https:\/\/www.le-hameau-des-champs.com\/en\/alentours\/cluny\/\" ><a href=\"https:\/\/www.le-hameau-des-champs.com\/en\/alentours\/cluny\/\" data-type=\"link\" data-id=\"https:\/\/www.le-hameau-des-champs.com\/en\/alentours\/cluny\/\">Cluny Abbey<\/a> is as magnificent as it is steeped in history. The visit is fun, cultural and affordable for all ages. Although only 10% of the original buildings remain today, it remains one of the region&#8217;s most emblematic landmarks. Children will appreciate the 3D film that punctuates the tour.<\/p><h3 id=\"la-tour-des-fromages\">The Cheese Tower<\/h3><p class=\"\"   >For a splendid view of the <strong>town of Cluny<\/strong> and its abbey, climb the <strong>Tour des Fromages<\/strong>, which dates back to the XI\u1d49 century. The village is magnificent, with its Romanesque-style houses, clerestory facades and the forecourt of Notre-Dame church not to be missed. <\/p><\/div><div class=\"columns__item\"><h3 id=\"haras-national-de-cluny\">Haras National de Cluny<\/h3><p class=\"\"   >During your <strong>visit to Cluny<\/strong>, you can take a stroll through the <strong>Haras National de Cluny<\/strong>, dating back to the XIX\u1d49 century. Located at the foot of the abbey, it now houses the equestrian center, the Haras and a sports center promoting horse activities. <\/p><h3 id=\"promenades-et-randonnees-autour-de-cluny\">Walks and hikes around Cluny<\/h3><p class=\"\"   >There <strong>are many walks and hikes in the beautiful Burgundy region<\/strong>. The famous Solutr\u00e9 rock is an easy one to do with the younger ones, and with a breathtaking view. Green walks are organized in virtually every village in Burgundy (including the Chemin des Moines and a stopover on the way to Santiago de Compostela), as well as cycling and horse-riding.  <\/p><\/div><\/div>","protected":false},"excerpt":{"rendered":"<p>Camping in Cluny, Burgundy: Le Hameau des Champs An important medieval city in the Burgundy region, Cluny is a town full of charm and culture. While its abbey is one of the town&#8217;s must-sees, it is also famous for its gastronomy and fine wines. The Burgundy hillsides, the region&#8217;s historic castles, not forgetting the famous [&hellip;]<\/p>\n","protected":false},"author":1,"featured_media":0,"parent":0,"menu_order":0,"comment_status":"closed","ping_status":"closed","template":"","meta":{"_acf_changed":false,"footnotes":""},"acf":[],"_links":{"self":[{"href":"https:\/\/www.le-hameau-des-champs.com\/en\/wp-json\/wp\/v2\/pages\/1271"}],"collection":[{"href":"https:\/\/www.le-hameau-des-champs.com\/en\/wp-json\/wp\/v2\/pages"}],"about":[{"href":"https:\/\/www.le-hameau-des-champs.com\/en\/wp-json\/wp\/v2\/types\/page"}],"author":[{"embeddable":true,"href":"https:\/\/www.le-hameau-des-champs.com\/en\/wp-json\/wp\/v2\/users\/1"}],"replies":[{"embeddable":true,"href":"https:\/\/www.le-hameau-des-champs.com\/en\/wp-json\/wp\/v2\/comments?post=1271"}],"version-history":[{"count":3,"href":"https:\/\/www.le-hameau-des-champs.com\/en\/wp-json\/wp\/v2\/pages\/1271\/revisions"}],"predecessor-version":[{"id":1548,"href":"https:\/\/www.le-hameau-des-champs.com\/en\/wp-json\/wp\/v2\/pages\/1271\/revisions\/1548"}],"wp:attachment":[{"href":"https:\/\/www.le-hameau-des-champs.com\/en\/wp-json\/wp\/v2\/media?parent=1271"}],"curies":[{"name":"wp","href":"https:\/\/api.w.org\/{rel}","templated":true}]}}