{"id":1300,"date":"2024-07-15T12:36:18","date_gmt":"2024-07-15T10:36:18","guid":{"rendered":"https:\/\/www.le-hameau-des-champs.com\/accueil\/"},"modified":"2025-11-21T14:58:30","modified_gmt":"2025-11-21T13:58:30","slug":"accueil","status":"publish","type":"page","link":"https:\/\/www.le-hameau-des-champs.com\/en\/","title":{"rendered":"Home"},"content":{"rendered":"<div class=\"diaporama-header align-full\"><div class=\"gallery\"><figure class=\"gallery__item copyright\"><picture><source srcset=\"https:\/\/www.le-hameau-des-champs.com\/wp-content\/uploads\/2024\/11\/Photo-accueil-Le-Sud-Bourgogne-Voie-Verte-\u00a9-Etienne-Ramousse-Images-12-420x420.jpg.webp\" media=\"(max-width: 210px)\"><source srcset=\"https:\/\/www.le-hameau-des-champs.com\/wp-content\/uploads\/2024\/11\/Photo-accueil-Le-Sud-Bourgogne-Voie-Verte-\u00a9-Etienne-Ramousse-Images-12-850x478.jpg.webp\" media=\"(max-width: 420px)\"><source srcset=\"https:\/\/www.le-hameau-des-champs.com\/wp-content\/uploads\/2024\/11\/Photo-accueil-Le-Sud-Bourgogne-Voie-Verte-\u00a9-Etienne-Ramousse-Images-12-768x432.jpg.webp\" media=\"(max-width: 850px)\"><source srcset=\"https:\/\/www.le-hameau-des-champs.com\/wp-content\/uploads\/2024\/11\/Photo-accueil-Le-Sud-Bourgogne-Voie-Verte-\u00a9-Etienne-Ramousse-Images-12-1024x576.jpg.webp\" media=\"(max-width: 1024px)\"><source srcset=\"https:\/\/www.le-hameau-des-champs.com\/wp-content\/uploads\/2024\/11\/Photo-accueil-Le-Sud-Bourgogne-Voie-Verte-\u00a9-Etienne-Ramousse-Images-12.jpg.webp\" media=\"(min-width: 1025px)\"><img loading=\"lazy\" decoding=\"async\" src=\"https:\/\/www.le-hameau-des-champs.com\/wp-content\/uploads\/2024\/11\/Photo-accueil-Le-Sud-Bourgogne-Voie-Verte-\u00a9-Etienne-Ramousse-Images-12-420x420.jpg.webp\" width=\"420\" height=\"210\" alt=\"\" title=\"\"><\/picture><figcaption>\u00a9 Etienne Ramousse<\/figcaption><\/figure><\/div><div class=\"diaporama-header__inner\"><h1>Nature, calm and serenity in <span class=\"fc-span\">a campsite on a human scale<\/span><\/h1><\/div><\/div>\n\n<div class=\"columns\"><div class=\"columns__item\"><h2>Camping Le Hameau des Champs near Cluny<\/h2><p class=\"\"   >Welcome to Le Hameau des Champs*** campsite in the heart of the village of Cormatin. Located in the commune of Cormatin, 15 minutes by car from Cluny, along the Burgundy wine route, the 3-star Le Hameau des Champs campsite welcomes you to a setting in close contact with nature. <\/p><p class=\"\"  id=\"https:\/\/www.le-hameau-des-champs.com\/en\/campsite-bourgogne-franche-comte\/\" >Our <a href=\"https:\/\/www.le-hameau-des-champs.com\/en\/campsite-bourgogne-franche-comte\/\" data-type=\"link\" data-id=\"https:\/\/www.le-hameau-des-champs.com\/en\/campsite-bourgogne-franche-comte\/\">campsite in Southern Burgundy<\/a> has direct access to the Voie Verte cycle route, which follows the river and links M\u00e2con to Chalon sur Sa\u00f4ne. Near the campsite, you can discover the 17th-century Ch\u00e2teau de Cormatin, the gourmet gallery with 800m\u00b2 of exhibitors, the Taiz\u00e9 community, the medieval town of Cluny with its famous abbey and stud farms, and the gastronomic city of Tournus&#8230;. The campsite offers access to a wide range of sites!<\/p><\/div><div class=\"columns__item auto\" style=\"flex-basis:40%;\"><ul class=\"pictos has-background\" style=\"background-color: var(--fond);\"><li><span class=\"fc-icon\"><svg xmlns=\"http:\/\/www.w3.org\/2000\/svg\"  viewBox=\"0 0 512 512\" width=\"16px\" height=\"16px\"><!--! Font Awesome Pro 6.4.2 by @fontawesome - https:\/\/fontawesome.com License - https:\/\/fontawesome.com\/license (Commercial License) Copyright 2023 Fonticons, Inc.--><path d=\"M480 256A224 224 0 1 1 32 256a224 224 0 1 1 448 0zM0 256a256 256 0 1 0 512 0A256 256 0 1 0 0 256zM240 112V256c0 5.3 2.7 10.3 7.1 13.3l96 64c7.4 4.9 17.3 2.9 22.2-4.4s2.9-17.3-4.4-22.2L272 247.4V112c0-8.8-7.2-16-16-16s-16 7.2-16 16z\"\/><\/svg><\/span> Campsite open from April 02 to September 30<br>8am to 12pm and 3pm to 7pm\n<\/li><li><span class=\"fc-icon\"><svg xmlns=\"http:\/\/www.w3.org\/2000\/svg\"  viewBox=\"0 0 512 512\" width=\"16px\" height=\"16px\"><!--! Font Awesome Pro 6.4.2 by @fontawesome - https:\/\/fontawesome.com License - https:\/\/fontawesome.com\/license (Commercial License) Copyright 2023 Fonticons, Inc.--><path d=\"M480 256A224 224 0 1 1 32 256a224 224 0 1 1 448 0zM0 256a256 256 0 1 0 512 0A256 256 0 1 0 0 256zM240 112V256c0 5.3 2.7 10.3 7.1 13.3l96 64c7.4 4.9 17.3 2.9 22.2-4.4s2.9-17.3-4.4-22.2L272 247.4V112c0-8.8-7.2-16-16-16s-16 7.2-16 16z\"\/><\/svg><\/span> Rentals open from April 2 to November 2.\n<\/li><\/ul><div class=\"buttons display-flex \" style=\"flex-direction:column;\"><span class=\"buttons__btn btn-resa\">See rates and availability<\/span><a href=\"https:\/\/reservation.secureholiday.net\/fr\/5045\/gift-voucher\" rel=\"noreferrer noopener\" target=\"_blank\" class=\"buttons__btn btn-resa is-style-2\">Give a gift voucher<\/a><\/div><\/div><\/div>\n\n\n<ctv-stays><\/ctv-stays>\n\n\n<div class=\"group sec-05 align-full has-background has-fond-background-color\" style=\"background-color:var(--fond);\"><h2 class=\"h3\" style=\"text-align: center;\">Book your vacation in a cottage or on a pitch in Burgundy near Cluny (71)<\/h2><p class=\" has-text-center\" style=\"text-align: center;\"  >Choose our little houses in the meadow for optimum comfort. For a vacation in the heart of Burgundy, book a shady pitch with electricity and water. <\/p><p class=\" has-orange-color  has-text-center\" style=\"text-align: center;color: var(--orange);\"  ><strong>Treat your friends and family to a stay at our 3-star campsite near Cluny with gift vouchers to be used online, in one or more instalments!<\/strong><\/p><div class=\"gallery col-2 f-carousel fc-diapo\" data-fancybox=\"gallery\"><figure class=\"gallery__item\"><picture><source srcset=\"https:\/\/www.le-hameau-des-champs.com\/wp-content\/uploads\/2024\/11\/photo-2-1-420x420.webp\" media=\"(max-width: 210px)\"><source srcset=\"https:\/\/www.le-hameau-des-champs.com\/wp-content\/uploads\/2024\/11\/photo-2-1-850x600.webp\" media=\"(max-width: 420px)\"><source srcset=\"https:\/\/www.le-hameau-des-champs.com\/wp-content\/uploads\/2024\/11\/photo-2-1-768x542.webp\" media=\"(max-width: 850px)\"><source srcset=\"https:\/\/www.le-hameau-des-champs.com\/wp-content\/uploads\/2024\/11\/photo-2-1.webp\" media=\"(max-width: 1024px)\"><source srcset=\"https:\/\/www.le-hameau-des-champs.com\/wp-content\/uploads\/2024\/11\/photo-2-1.webp\" media=\"(min-width: 1025px)\"><img decoding=\"async\" src=\"https:\/\/www.le-hameau-des-champs.com\/wp-content\/uploads\/2024\/11\/photo-2-1-420x420.webp\" width=\"420\" height=\"210\" loading=\"lazy\" alt=\"\" title=\"\"><\/picture><figcaption>Small house in the heart of nature<\/figcaption><\/figure><figure class=\"gallery__item\"><picture><source srcset=\"https:\/\/www.le-hameau-des-champs.com\/wp-content\/uploads\/2024\/10\/photo-3-1-420x420.png.webp\" media=\"(max-width: 210px)\"><source srcset=\"https:\/\/www.le-hameau-des-champs.com\/wp-content\/uploads\/2024\/10\/photo-3-1-850x600.png.webp\" media=\"(max-width: 420px)\"><source srcset=\"https:\/\/www.le-hameau-des-champs.com\/wp-content\/uploads\/2024\/10\/photo-3-1-768x542.png.webp\" media=\"(max-width: 850px)\"><source srcset=\"https:\/\/www.le-hameau-des-champs.com\/wp-content\/uploads\/2024\/10\/photo-3-1.png.webp\" media=\"(max-width: 1024px)\"><source srcset=\"https:\/\/www.le-hameau-des-champs.com\/wp-content\/uploads\/2024\/10\/photo-3-1.png.webp\" media=\"(min-width: 1025px)\"><img decoding=\"async\" src=\"https:\/\/www.le-hameau-des-champs.com\/wp-content\/uploads\/2024\/10\/photo-3-1-420x420.png.webp\" width=\"420\" height=\"210\" loading=\"lazy\" alt=\"\" title=\"\"><\/picture><figcaption>Green pitches: tent, caravan, camper&#8230;<\/figcaption><\/figure><figure class=\"gallery__item\"><picture><source srcset=\"https:\/\/www.le-hameau-des-champs.com\/wp-content\/uploads\/2024\/10\/photo-4-1-420x420.png.webp\" media=\"(max-width: 210px)\"><source srcset=\"https:\/\/www.le-hameau-des-champs.com\/wp-content\/uploads\/2024\/10\/photo-4-1-850x600.png.webp\" media=\"(max-width: 420px)\"><source srcset=\"https:\/\/www.le-hameau-des-champs.com\/wp-content\/uploads\/2024\/10\/photo-4-1-768x542.png.webp\" media=\"(max-width: 850px)\"><source srcset=\"https:\/\/www.le-hameau-des-champs.com\/wp-content\/uploads\/2024\/10\/photo-4-1.png.webp\" media=\"(max-width: 1024px)\"><source srcset=\"https:\/\/www.le-hameau-des-champs.com\/wp-content\/uploads\/2024\/10\/photo-4-1.png.webp\" media=\"(min-width: 1025px)\"><img decoding=\"async\" src=\"https:\/\/www.le-hameau-des-champs.com\/wp-content\/uploads\/2024\/10\/photo-4-1-420x420.png.webp\" width=\"420\" height=\"210\" loading=\"lazy\" alt=\"\" title=\"\"><\/picture><figcaption>High-comfort caravan pitches<\/figcaption><\/figure><figure class=\"gallery__item\"><picture><source srcset=\"https:\/\/www.le-hameau-des-champs.com\/wp-content\/uploads\/2025\/11\/vue-ext-420x420.webp\" media=\"(max-width: 210px)\"><source srcset=\"https:\/\/www.le-hameau-des-champs.com\/wp-content\/uploads\/2025\/11\/vue-ext-850x566.webp\" media=\"(max-width: 420px)\"><source srcset=\"https:\/\/www.le-hameau-des-champs.com\/wp-content\/uploads\/2025\/11\/vue-ext-768x511.webp\" media=\"(max-width: 850px)\"><source srcset=\"https:\/\/www.le-hameau-des-champs.com\/wp-content\/uploads\/2025\/11\/vue-ext-1024x682.webp\" media=\"(max-width: 1024px)\"><source srcset=\"https:\/\/www.le-hameau-des-champs.com\/wp-content\/uploads\/2025\/11\/vue-ext.webp\" media=\"(min-width: 1025px)\"><img decoding=\"async\" src=\"https:\/\/www.le-hameau-des-champs.com\/wp-content\/uploads\/2025\/11\/vue-ext-420x420.webp\" width=\"420\" height=\"210\" loading=\"lazy\" alt=\"\" title=\"\"><\/picture><figcaption>Wooden chalet<\/figcaption><\/figure><\/div><div class=\"buttons display-flex \"><a href=\"https:\/\/www.le-hameau-des-champs.com\/en\/rentals\/\" rel=\"noreferrer noopener\" class=\"buttons__btn is-style-1\">See accommodations<\/a><a href=\"https:\/\/www.le-hameau-des-champs.com\/en\/pitches\/\" rel=\"noreferrer noopener\" class=\"buttons__btn is-style-1\">View locations<\/a><\/div><\/div>\n\n<div class=\"columns sec-10 reverse-mob\"><div class=\"columns__item\" style=\"flex-basis:50%;\"><div class=\"gallery\"><figure class=\"gallery__item\"><picture><source srcset=\"https:\/\/www.le-hameau-des-champs.com\/wp-content\/uploads\/2024\/10\/photo-6-420x420.jpg.webp\" media=\"(max-width: 210px)\"><source srcset=\"https:\/\/www.le-hameau-des-champs.com\/wp-content\/uploads\/2024\/10\/photo-6-743x850.jpg.webp\" media=\"(max-width: 420px)\"><source srcset=\"https:\/\/www.le-hameau-des-champs.com\/wp-content\/uploads\/2024\/10\/photo-6-768x879.jpg.webp\" media=\"(max-width: 850px)\"><source srcset=\"https:\/\/www.le-hameau-des-champs.com\/wp-content\/uploads\/2024\/10\/photo-6-895x1024.jpg.webp\" media=\"(max-width: 1024px)\"><source srcset=\"https:\/\/www.le-hameau-des-champs.com\/wp-content\/uploads\/2024\/10\/photo-6.jpg.webp\" media=\"(min-width: 1025px)\"><img decoding=\"async\" src=\"https:\/\/www.le-hameau-des-champs.com\/wp-content\/uploads\/2024\/10\/photo-6-420x420.jpg.webp\" width=\"420\" height=\"210\" loading=\"lazy\" alt=\"\" title=\"\"><\/picture><\/figure><figure class=\"gallery__item\"><picture><source srcset=\"https:\/\/www.le-hameau-des-champs.com\/wp-content\/uploads\/2024\/10\/photo-7-1-420x420.jpg.webp\" media=\"(max-width: 210px)\"><source srcset=\"https:\/\/www.le-hameau-des-champs.com\/wp-content\/uploads\/2024\/10\/photo-7-1-743x850.jpg.webp\" media=\"(max-width: 420px)\"><source srcset=\"https:\/\/www.le-hameau-des-champs.com\/wp-content\/uploads\/2024\/10\/photo-7-1-768x879.jpg.webp\" media=\"(max-width: 850px)\"><source srcset=\"https:\/\/www.le-hameau-des-champs.com\/wp-content\/uploads\/2024\/10\/photo-7-1-895x1024.jpg.webp\" media=\"(max-width: 1024px)\"><source srcset=\"https:\/\/www.le-hameau-des-champs.com\/wp-content\/uploads\/2024\/10\/photo-7-1.jpg.webp\" media=\"(min-width: 1025px)\"><img decoding=\"async\" src=\"https:\/\/www.le-hameau-des-champs.com\/wp-content\/uploads\/2024\/10\/photo-7-1-420x420.jpg.webp\" width=\"420\" height=\"210\" loading=\"lazy\" alt=\"\" title=\"\"><\/picture><\/figure><\/div><\/div><div class=\"columns__item\"><h2><strong>Swimming pool and paddling pool<\/strong><\/h2><p class=\"\"   >Nature vacations in Burgundy: enjoy the swimming pool, the river and the greenway.<\/p><p class=\"\"   >Our campsite near Cluny has a heated outdoor swimming pool (weather permitting), with a pool for adults and a paddling pool for children!<\/p><p class=\"\"   >Quiet relaxation areas have also been designed for reading&#8230; or just relaxing!<\/p><p class=\"encart\"   >See you at the pool!<\/p><div class=\"buttons display-flex \" style=\"justify-content:center;\"><a href=\"https:\/\/www.le-hameau-des-champs.com\/en\/swimming-pool\/\" rel=\"noreferrer noopener\" class=\"buttons__btn is-style-1\">Discover the pool<\/a><\/div><\/div><\/div>\n\n<div class=\"columns sec-15\"><div class=\"columns__item\"><h2 class=\"p\">The services of the quiet campsite in Cormatin, Burgundy<\/h2><p class=\"encart has-text-center\" style=\"text-align: center;\"  ><span class=\"fc-span\">For greater comfort&#8230;<\/span><\/p><ul><li>Bicycle rental to explore the Voie Verte\n<\/li><li>multi-sports ground, p\u00e9tanque, ping pong, playground&#8230;\n<\/li><li>free wifi \n<\/li><li>bread and pastry shop\n<\/li><li>full breakfast to go\n<\/li><li>small grocery store, games loan\n<\/li><li>rental of linens, planchas, refrigerators\n<\/li><li>washing machine and dryer\n<\/li><\/ul><p class=\"\"   ><\/p><\/div><div class=\"columns__item\"><figure style=\"position:relative;\"><picture><source srcset=\"https:\/\/www.le-hameau-des-champs.com\/wp-content\/uploads\/2024\/10\/burger-1156564_1920-1-420x420.jpg.webp\" media=\"(max-width: 210px)\"><source srcset=\"https:\/\/www.le-hameau-des-champs.com\/wp-content\/uploads\/2024\/10\/burger-1156564_1920-1-850x634.jpg.webp\" media=\"(max-width: 420px)\"><source srcset=\"https:\/\/www.le-hameau-des-champs.com\/wp-content\/uploads\/2024\/10\/burger-1156564_1920-1-768x573.jpg.webp\" media=\"(max-width: 850px)\"><source srcset=\"https:\/\/www.le-hameau-des-champs.com\/wp-content\/uploads\/2024\/10\/burger-1156564_1920-1.jpg.webp\" media=\"(max-width: 1024px)\"><source srcset=\"https:\/\/www.le-hameau-des-champs.com\/wp-content\/uploads\/2024\/10\/burger-1156564_1920-1.jpg.webp\" media=\"(min-width: 1025px)\"><img decoding=\"async\" src=\"https:\/\/www.le-hameau-des-champs.com\/wp-content\/uploads\/2024\/10\/burger-1156564_1920-1-420x420.jpg.webp\" width=\"420\" height=\"210\" loading=\"lazy\" alt=\"\" title=\"\"><\/picture><figcaption>Catering, bar, cocktails&#8230;<\/figcaption><\/figure><\/div><div class=\"columns__item\"><figure style=\"position:relative;\"><picture><source srcset=\"https:\/\/www.le-hameau-des-champs.com\/wp-content\/uploads\/2024\/10\/photo-10-420x420.jpg.webp\" media=\"(max-width: 210px)\"><source srcset=\"https:\/\/www.le-hameau-des-champs.com\/wp-content\/uploads\/2024\/10\/photo-10-850x634.jpg.webp\" media=\"(max-width: 420px)\"><source srcset=\"https:\/\/www.le-hameau-des-champs.com\/wp-content\/uploads\/2024\/10\/photo-10-768x573.jpg.webp\" media=\"(max-width: 850px)\"><source srcset=\"https:\/\/www.le-hameau-des-champs.com\/wp-content\/uploads\/2024\/10\/photo-10.jpg.webp\" media=\"(max-width: 1024px)\"><source srcset=\"https:\/\/www.le-hameau-des-champs.com\/wp-content\/uploads\/2024\/10\/photo-10.jpg.webp\" media=\"(min-width: 1025px)\"><img decoding=\"async\" src=\"https:\/\/www.le-hameau-des-champs.com\/wp-content\/uploads\/2024\/10\/photo-10-420x420.jpg.webp\" width=\"420\" height=\"210\" loading=\"lazy\" alt=\"\" title=\"\"><\/picture><figcaption>Located in the heart of a village<br>with shops<\/figcaption><\/figure><\/div><div class=\"columns__item\"><figure class=\"fancybox height-adapt\" style=\"position:relative;\"><a href=\"https:\/\/www.le-hameau-des-champs.com\/wp-content\/uploads\/2025\/11\/plan-scaled.jpg\" data-fancybox><picture><source srcset=\"https:\/\/www.le-hameau-des-champs.com\/wp-content\/uploads\/2025\/11\/plan-420x420.jpg.webp\" media=\"(max-width: 210px)\"><source srcset=\"https:\/\/www.le-hameau-des-champs.com\/wp-content\/uploads\/2025\/11\/plan-850x601.jpg.webp\" media=\"(max-width: 420px)\"><source srcset=\"https:\/\/www.le-hameau-des-champs.com\/wp-content\/uploads\/2025\/11\/plan-768x543.jpg.webp\" media=\"(max-width: 850px)\"><source srcset=\"https:\/\/www.le-hameau-des-champs.com\/wp-content\/uploads\/2025\/11\/plan-1024x724.jpg.webp\" media=\"(max-width: 1024px)\"><source srcset=\"https:\/\/www.le-hameau-des-champs.com\/wp-content\/uploads\/2025\/11\/plan-scaled.jpg.webp\" media=\"(min-width: 1025px)\"><img decoding=\"async\" src=\"https:\/\/www.le-hameau-des-champs.com\/wp-content\/uploads\/2025\/11\/plan-420x420.jpg.webp\" width=\"420\" height=\"210\" loading=\"lazy\" alt=\"\" title=\"\"><\/picture><figcaption>Campsite on a human scale<\/figcaption><\/a><\/figure><\/div><\/div>\n\n<div class=\"cover align-full\"><span style=\"filter: opacity(50%); background-color:var(--#a8996b);\"><\/span><picture class=\"cover__img\"><source srcset=\"https:\/\/www.le-hameau-des-champs.com\/wp-content\/uploads\/2024\/10\/Rectangle-49-420x420.jpg.webp\" media=\"(max-width: 210px)\"><source srcset=\"https:\/\/www.le-hameau-des-champs.com\/wp-content\/uploads\/2024\/10\/Rectangle-49-850x418.jpg.webp\" media=\"(max-width: 420px)\"><source srcset=\"https:\/\/www.le-hameau-des-champs.com\/wp-content\/uploads\/2024\/10\/Rectangle-49-768x378.jpg.webp\" media=\"(max-width: 850px)\"><source srcset=\"https:\/\/www.le-hameau-des-champs.com\/wp-content\/uploads\/2024\/10\/Rectangle-49-1024x504.jpg.webp\" media=\"(max-width: 1024px)\"><source srcset=\"https:\/\/www.le-hameau-des-champs.com\/wp-content\/uploads\/2024\/10\/Rectangle-49.jpg.webp\" media=\"(min-width: 1025px)\"><img decoding=\"async\" src=\"https:\/\/www.le-hameau-des-champs.com\/wp-content\/uploads\/2024\/10\/Rectangle-49-420x420.jpg.webp\" width=\"420\" height=\"210\" loading=\"lazy\" alt=\"\" title=\"\"><\/picture><div class=\"cover__inner\"><h2 class=\"h3\" style=\"color: var(--blanc);\"><a href=\"https:\/\/www.le-hameau-des-champs.com\/en\/typical-stay\/\" data-type=\"link\" data-id=\"https:\/\/www.le-hameau-des-champs.com\/en\/typical-stay\/\">Here&#8217;s an example of a typical holiday for the whole family<\/a><\/h2><p class=\"\"   >Our nature campsite in Southern Burgundy offers a wide range of activities and destinations to discover:<br>Cormatin castle and its labyrinth are just 500m from the campsite, or take advantage of our bike hire service to discover the medieval city of Cluny and its abbey.<\/p><div class=\"lireplus fc-mob\"><p class=\"\"   >Read more<\/p><div class=\"group\"><p class=\"\"   >You&#8217;ll also be ideally situated to enjoy the Burgundy wine route, Romanesque churches and abbeys, caves, or the Taiz\u00e9 community.<br>Located in Cormatin, our establishment is an ideal refuge for those looking for a rejuvenating break from the hustle and bustle of the city.<\/p><p class=\"\"   >By choosing this unspoilt location, you opt for total immersion in nature, where the calm and beauty of Burgundy welcomes you with open arms.<\/p><\/div><\/div><\/div><\/div>","protected":false},"excerpt":{"rendered":"<p>Nature, calm and serenity in a campsite on a human scale Camping Le Hameau des Champs near Cluny Welcome to Le Hameau des Champs*** campsite in the heart of the village of Cormatin. Located in the commune of Cormatin, 15 minutes by car from Cluny, along the Burgundy wine route, the 3-star Le Hameau des [&hellip;]<\/p>\n","protected":false},"author":1,"featured_media":0,"parent":0,"menu_order":0,"comment_status":"closed","ping_status":"closed","template":"","meta":{"_acf_changed":false,"footnotes":""},"acf":[],"_links":{"self":[{"href":"https:\/\/www.le-hameau-des-champs.com\/en\/wp-json\/wp\/v2\/pages\/1300"}],"collection":[{"href":"https:\/\/www.le-hameau-des-champs.com\/en\/wp-json\/wp\/v2\/pages"}],"about":[{"href":"https:\/\/www.le-hameau-des-champs.com\/en\/wp-json\/wp\/v2\/types\/page"}],"author":[{"embeddable":true,"href":"https:\/\/www.le-hameau-des-champs.com\/en\/wp-json\/wp\/v2\/users\/1"}],"replies":[{"embeddable":true,"href":"https:\/\/www.le-hameau-des-champs.com\/en\/wp-json\/wp\/v2\/comments?post=1300"}],"version-history":[{"count":13,"href":"https:\/\/www.le-hameau-des-champs.com\/en\/wp-json\/wp\/v2\/pages\/1300\/revisions"}],"predecessor-version":[{"id":1815,"href":"https:\/\/www.le-hameau-des-champs.com\/en\/wp-json\/wp\/v2\/pages\/1300\/revisions\/1815"}],"wp:attachment":[{"href":"https:\/\/www.le-hameau-des-champs.com\/en\/wp-json\/wp\/v2\/media?parent=1300"}],"curies":[{"name":"wp","href":"https:\/\/api.w.org\/{rel}","templated":true}]}}